{"id":9268,"date":"2022-09-12T20:28:26","date_gmt":"2022-09-13T02:28:26","guid":{"rendered":"http:\/\/nmcontemporaneo.com\/?page_id=9268"},"modified":"2025-06-20T01:02:08","modified_gmt":"2025-06-20T07:02:08","slug":"carlos-garcia","status":"publish","type":"page","link":"https:\/\/nmcontemporaneo.com\/es\/catalogo\/grafica\/carlos-garcia\/","title":{"rendered":"Carlos Garc\u00eda de la Nuez"},"content":{"rendered":"<p style=\"text-align: center;\"><a href=\"..\/sergio-hernandez\/\">&lt;&lt; Ant.<\/a> | <a href=\"\/catalogo\/todos-los-artistas\/\">Artistas<\/a> | <a href=\"..\/kcho-alexis-leiva\/\">Sig. &gt;&gt;<\/a><\/p>\n<div id=\"kad-wp-gallery587\" class=\"kad-wp-gallery gallery kt-gallery-column-3 init-isotope-intrinsic reinit-isotope kad-light-wp-gallery clearfix rowtight\" data-fade-in=\"1\" data-iso-selector=\".g_item\" data-iso-style=\"masonry\" data-iso-filter=\"false\"><div class=\"tcol-lg-4 tcol-md-4 tcol-sm-4 tcol-xs-6 tcol-ss-12 g_item\"><div class=\"grid_item kt_item_fade_in kad_gallery_fade_in gallery_item\"><a href=\"https:\/\/nmcontemporaneo.com\/wp-content\/uploads\/2024\/10\/adn.jpg\" data-rel=\"lightbox\" class=\"lightboxhover\"><div class=\"kt-intrinsic\" style=\"padding-bottom:59.562841530055%;\"><div itemprop=\"image\" itemscope itemtype=\"https:\/\/schema.org\/ImageObject\"><img loading=\"lazy\" decoding=\"async\" width=\"366\" height=\"218\" src=\"https:\/\/nmcontemporaneo.com\/wp-content\/uploads\/2024\/10\/adn-366x218.jpg\" srcset=\"https:\/\/nmcontemporaneo.com\/wp-content\/uploads\/2024\/10\/adn-366x218.jpg 366w, https:\/\/nmcontemporaneo.com\/wp-content\/uploads\/2024\/10\/adn-300x179.jpg 300w, https:\/\/nmcontemporaneo.com\/wp-content\/uploads\/2024\/10\/adn-768x457.jpg 768w, https:\/\/nmcontemporaneo.com\/wp-content\/uploads\/2024\/10\/adn-732x436.jpg 732w, https:\/\/nmcontemporaneo.com\/wp-content\/uploads\/2024\/10\/adn.jpg 900w\" sizes=\"auto, (max-width: 366px) 100vw, 366px\" data-caption=\"ADN, Colagraf\u00eda, 106 x 180 cm, 2012.\" class=\"light-dropshaddow\" itemprop=\"contentUrl\" alt=\"\"><meta itemprop=\"url\" content=\"https:\/\/nmcontemporaneo.com\/wp-content\/uploads\/2024\/10\/adn-366x218.jpg\"><meta itemprop=\"width\" content=\"366px\"><meta itemprop=\"height\" content=\"218px\"><\/div><\/div><div class=\"caption kad_caption\"><div class=\"kad_caption_inner\">ADN, Colagraf\u00eda, 106 x 180 cm, 2012.<\/div><\/div><\/a><\/div><\/div><div class=\"tcol-lg-4 tcol-md-4 tcol-sm-4 tcol-xs-6 tcol-ss-12 g_item\"><div class=\"grid_item kt_item_fade_in kad_gallery_fade_in gallery_item\"><a href=\"https:\/\/nmcontemporaneo.com\/wp-content\/uploads\/2024\/10\/detalle-de-una-estrella.jpg\" data-rel=\"lightbox\" class=\"lightboxhover\"><div class=\"kt-intrinsic\" style=\"padding-bottom:59.289617486339%;\"><div itemprop=\"image\" itemscope itemtype=\"https:\/\/schema.org\/ImageObject\"><img loading=\"lazy\" decoding=\"async\" width=\"366\" height=\"217\" src=\"https:\/\/nmcontemporaneo.com\/wp-content\/uploads\/2024\/10\/detalle-de-una-estrella-366x217.jpg\" srcset=\"https:\/\/nmcontemporaneo.com\/wp-content\/uploads\/2024\/10\/detalle-de-una-estrella-366x217.jpg 366w, https:\/\/nmcontemporaneo.com\/wp-content\/uploads\/2024\/10\/detalle-de-una-estrella-300x178.jpg 300w, https:\/\/nmcontemporaneo.com\/wp-content\/uploads\/2024\/10\/detalle-de-una-estrella-1024x607.jpg 1024w, https:\/\/nmcontemporaneo.com\/wp-content\/uploads\/2024\/10\/detalle-de-una-estrella-768x455.jpg 768w, https:\/\/nmcontemporaneo.com\/wp-content\/uploads\/2024\/10\/detalle-de-una-estrella-732x434.jpg 732w, https:\/\/nmcontemporaneo.com\/wp-content\/uploads\/2024\/10\/detalle-de-una-estrella.jpg 1200w\" sizes=\"auto, (max-width: 366px) 100vw, 366px\" data-caption=\"DETALLE DE UNA ESTRELLA, Colagraf\u00eda, 106 x 180 cm, 2012.\" class=\"light-dropshaddow\" itemprop=\"contentUrl\" alt=\"\"><meta itemprop=\"url\" content=\"https:\/\/nmcontemporaneo.com\/wp-content\/uploads\/2024\/10\/detalle-de-una-estrella-366x217.jpg\"><meta itemprop=\"width\" content=\"366px\"><meta itemprop=\"height\" content=\"217px\"><\/div><\/div><div class=\"caption kad_caption\"><div class=\"kad_caption_inner\">DETALLE DE UNA ESTRELLA, Colagraf\u00eda, 106 x 180 cm, 2012.<\/div><\/div><\/a><\/div><\/div><div class=\"tcol-lg-4 tcol-md-4 tcol-sm-4 tcol-xs-6 tcol-ss-12 g_item\"><div class=\"grid_item kt_item_fade_in kad_gallery_fade_in gallery_item\"><a href=\"https:\/\/nmcontemporaneo.com\/wp-content\/uploads\/2024\/10\/Fronteras.jpg\" data-rel=\"lightbox\" class=\"lightboxhover\"><div class=\"kt-intrinsic\" style=\"padding-bottom:60.382513661202%;\"><div itemprop=\"image\" itemscope itemtype=\"https:\/\/schema.org\/ImageObject\"><img loading=\"lazy\" decoding=\"async\" width=\"366\" height=\"221\" src=\"https:\/\/nmcontemporaneo.com\/wp-content\/uploads\/2024\/10\/Fronteras-366x221.jpg\" srcset=\"https:\/\/nmcontemporaneo.com\/wp-content\/uploads\/2024\/10\/Fronteras-366x221.jpg 366w, https:\/\/nmcontemporaneo.com\/wp-content\/uploads\/2024\/10\/Fronteras-300x181.jpg 300w, https:\/\/nmcontemporaneo.com\/wp-content\/uploads\/2024\/10\/Fronteras-1024x618.jpg 1024w, https:\/\/nmcontemporaneo.com\/wp-content\/uploads\/2024\/10\/Fronteras-768x463.jpg 768w, https:\/\/nmcontemporaneo.com\/wp-content\/uploads\/2024\/10\/Fronteras-732x442.jpg 732w, https:\/\/nmcontemporaneo.com\/wp-content\/uploads\/2024\/10\/Fronteras.jpg 1200w\" sizes=\"auto, (max-width: 366px) 100vw, 366px\" data-caption=\"FRONTERAS, Colagraf\u00eda, 106 x 180 cm, 2012.\" class=\"light-dropshaddow\" itemprop=\"contentUrl\" alt=\"\"><meta itemprop=\"url\" content=\"https:\/\/nmcontemporaneo.com\/wp-content\/uploads\/2024\/10\/Fronteras-366x221.jpg\"><meta itemprop=\"width\" content=\"366px\"><meta itemprop=\"height\" content=\"221px\"><\/div><\/div><div class=\"caption kad_caption\"><div class=\"kad_caption_inner\">FRONTERAS, Colagraf\u00eda, 106 x 180 cm, 2012.<\/div><\/div><\/a><\/div><\/div><div class=\"tcol-lg-4 tcol-md-4 tcol-sm-4 tcol-xs-6 tcol-ss-12 g_item\"><div class=\"grid_item kt_item_fade_in kad_gallery_fade_in gallery_item\"><a href=\"https:\/\/nmcontemporaneo.com\/wp-content\/uploads\/2024\/10\/lineas-paralelas.jpg\" data-rel=\"lightbox\" class=\"lightboxhover\"><div class=\"kt-intrinsic\" style=\"padding-bottom:59.83606557377%;\"><div itemprop=\"image\" itemscope itemtype=\"https:\/\/schema.org\/ImageObject\"><img loading=\"lazy\" decoding=\"async\" width=\"366\" height=\"219\" src=\"https:\/\/nmcontemporaneo.com\/wp-content\/uploads\/2024\/10\/lineas-paralelas-366x219.jpg\" srcset=\"https:\/\/nmcontemporaneo.com\/wp-content\/uploads\/2024\/10\/lineas-paralelas-366x219.jpg 366w, https:\/\/nmcontemporaneo.com\/wp-content\/uploads\/2024\/10\/lineas-paralelas-300x180.jpg 300w, https:\/\/nmcontemporaneo.com\/wp-content\/uploads\/2024\/10\/lineas-paralelas-1024x614.jpg 1024w, https:\/\/nmcontemporaneo.com\/wp-content\/uploads\/2024\/10\/lineas-paralelas-768x460.jpg 768w, https:\/\/nmcontemporaneo.com\/wp-content\/uploads\/2024\/10\/lineas-paralelas-732x438.jpg 732w, https:\/\/nmcontemporaneo.com\/wp-content\/uploads\/2024\/10\/lineas-paralelas.jpg 1200w\" sizes=\"auto, (max-width: 366px) 100vw, 366px\" data-caption=\"L\u00cdNEAS PARALELAS, Colagraf\u00eda, 106 x 180 cm, 2012.\" class=\"light-dropshaddow\" itemprop=\"contentUrl\" alt=\"\"><meta itemprop=\"url\" content=\"https:\/\/nmcontemporaneo.com\/wp-content\/uploads\/2024\/10\/lineas-paralelas-366x219.jpg\"><meta itemprop=\"width\" content=\"366px\"><meta itemprop=\"height\" content=\"219px\"><\/div><\/div><div class=\"caption kad_caption\"><div class=\"kad_caption_inner\">L\u00cdNEAS PARALELAS, Colagraf\u00eda, 106 x 180 cm, 2012.<\/div><\/div><\/a><\/div><\/div><div class=\"tcol-lg-4 tcol-md-4 tcol-sm-4 tcol-xs-6 tcol-ss-12 g_item\"><div class=\"grid_item kt_item_fade_in kad_gallery_fade_in gallery_item\"><a href=\"https:\/\/nmcontemporaneo.com\/wp-content\/uploads\/2024\/10\/monet-23-puntos.jpg\" data-rel=\"lightbox\" class=\"lightboxhover\"><div class=\"kt-intrinsic\" style=\"padding-bottom:59.83606557377%;\"><div itemprop=\"image\" itemscope itemtype=\"https:\/\/schema.org\/ImageObject\"><img loading=\"lazy\" decoding=\"async\" width=\"366\" height=\"219\" src=\"https:\/\/nmcontemporaneo.com\/wp-content\/uploads\/2024\/10\/monet-23-puntos-366x219.jpg\" srcset=\"https:\/\/nmcontemporaneo.com\/wp-content\/uploads\/2024\/10\/monet-23-puntos-366x219.jpg 366w, https:\/\/nmcontemporaneo.com\/wp-content\/uploads\/2024\/10\/monet-23-puntos-300x180.jpg 300w, https:\/\/nmcontemporaneo.com\/wp-content\/uploads\/2024\/10\/monet-23-puntos-1024x614.jpg 1024w, https:\/\/nmcontemporaneo.com\/wp-content\/uploads\/2024\/10\/monet-23-puntos-768x460.jpg 768w, https:\/\/nmcontemporaneo.com\/wp-content\/uploads\/2024\/10\/monet-23-puntos-732x438.jpg 732w, https:\/\/nmcontemporaneo.com\/wp-content\/uploads\/2024\/10\/monet-23-puntos.jpg 1200w\" sizes=\"auto, (max-width: 366px) 100vw, 366px\" data-caption=\"MONET, 23 PUNTOS IMPRESIONISTAS. Colagraf\u00eda, 106 x 180 cm, 2012.\" class=\"light-dropshaddow\" itemprop=\"contentUrl\" alt=\"\"><meta itemprop=\"url\" content=\"https:\/\/nmcontemporaneo.com\/wp-content\/uploads\/2024\/10\/monet-23-puntos-366x219.jpg\"><meta itemprop=\"width\" content=\"366px\"><meta itemprop=\"height\" content=\"219px\"><\/div><\/div><div class=\"caption kad_caption\"><div class=\"kad_caption_inner\">MONET, 23 PUNTOS IMPRESIONISTAS. Colagraf\u00eda, 106 x 180 cm, 2012.<\/div><\/div><\/a><\/div><\/div><div class=\"tcol-lg-4 tcol-md-4 tcol-sm-4 tcol-xs-6 tcol-ss-12 g_item\"><div class=\"grid_item kt_item_fade_in kad_gallery_fade_in gallery_item\"><a href=\"https:\/\/nmcontemporaneo.com\/wp-content\/uploads\/2024\/10\/signos-iguales.jpg\" data-rel=\"lightbox\" class=\"lightboxhover\"><div class=\"kt-intrinsic\" style=\"padding-bottom:60.382513661202%;\"><div itemprop=\"image\" itemscope itemtype=\"https:\/\/schema.org\/ImageObject\"><img loading=\"lazy\" decoding=\"async\" width=\"366\" height=\"221\" src=\"https:\/\/nmcontemporaneo.com\/wp-content\/uploads\/2024\/10\/signos-iguales-366x221.jpg\" srcset=\"https:\/\/nmcontemporaneo.com\/wp-content\/uploads\/2024\/10\/signos-iguales-366x221.jpg 366w, https:\/\/nmcontemporaneo.com\/wp-content\/uploads\/2024\/10\/signos-iguales-300x181.jpg 300w, https:\/\/nmcontemporaneo.com\/wp-content\/uploads\/2024\/10\/signos-iguales-1024x619.jpg 1024w, https:\/\/nmcontemporaneo.com\/wp-content\/uploads\/2024\/10\/signos-iguales-768x464.jpg 768w, https:\/\/nmcontemporaneo.com\/wp-content\/uploads\/2024\/10\/signos-iguales-732x442.jpg 732w, https:\/\/nmcontemporaneo.com\/wp-content\/uploads\/2024\/10\/signos-iguales.jpg 1200w\" sizes=\"auto, (max-width: 366px) 100vw, 366px\" data-caption=\"SIGNOS IGUALES, Colagraf\u00eda, 106 x 180 cm, 2012.\" class=\"light-dropshaddow\" itemprop=\"contentUrl\" alt=\"\"><meta itemprop=\"url\" content=\"https:\/\/nmcontemporaneo.com\/wp-content\/uploads\/2024\/10\/signos-iguales-366x221.jpg\"><meta itemprop=\"width\" content=\"366px\"><meta itemprop=\"height\" content=\"221px\"><\/div><\/div><div class=\"caption kad_caption\"><div class=\"kad_caption_inner\">SIGNOS IGUALES, Colagraf\u00eda, 106 x 180 cm, 2012.<\/div><\/div><\/a><\/div><\/div><div class=\"tcol-lg-4 tcol-md-4 tcol-sm-4 tcol-xs-6 tcol-ss-12 g_item\"><div class=\"grid_item kt_item_fade_in kad_gallery_fade_in gallery_item\"><a href=\"https:\/\/nmcontemporaneo.com\/wp-content\/uploads\/2024\/10\/Taxi.jpg\" data-rel=\"lightbox\" class=\"lightboxhover\"><div class=\"kt-intrinsic\" style=\"padding-bottom:60.655737704918%;\"><div itemprop=\"image\" itemscope itemtype=\"https:\/\/schema.org\/ImageObject\"><img loading=\"lazy\" decoding=\"async\" width=\"366\" height=\"222\" src=\"https:\/\/nmcontemporaneo.com\/wp-content\/uploads\/2024\/10\/Taxi-366x222.jpg\" srcset=\"https:\/\/nmcontemporaneo.com\/wp-content\/uploads\/2024\/10\/Taxi-366x222.jpg 366w, https:\/\/nmcontemporaneo.com\/wp-content\/uploads\/2024\/10\/Taxi-300x182.jpg 300w, https:\/\/nmcontemporaneo.com\/wp-content\/uploads\/2024\/10\/Taxi-1024x622.jpg 1024w, https:\/\/nmcontemporaneo.com\/wp-content\/uploads\/2024\/10\/Taxi-768x467.jpg 768w, https:\/\/nmcontemporaneo.com\/wp-content\/uploads\/2024\/10\/Taxi-80x50.jpg 80w, https:\/\/nmcontemporaneo.com\/wp-content\/uploads\/2024\/10\/Taxi-732x444.jpg 732w, https:\/\/nmcontemporaneo.com\/wp-content\/uploads\/2024\/10\/Taxi.jpg 1200w\" sizes=\"auto, (max-width: 366px) 100vw, 366px\" data-caption=\"TAXI, Colagraf\u00eda, 106 x 180 cm, 2012.\" class=\"light-dropshaddow\" itemprop=\"contentUrl\" alt=\"\"><meta itemprop=\"url\" content=\"https:\/\/nmcontemporaneo.com\/wp-content\/uploads\/2024\/10\/Taxi-366x222.jpg\"><meta itemprop=\"width\" content=\"366px\"><meta itemprop=\"height\" content=\"222px\"><\/div><\/div><div class=\"caption kad_caption\"><div class=\"kad_caption_inner\">TAXI, Colagraf\u00eda, 106 x 180 cm, 2012.<\/div><\/div><\/a><\/div><\/div><div class=\"tcol-lg-4 tcol-md-4 tcol-sm-4 tcol-xs-6 tcol-ss-12 g_item\"><div class=\"grid_item kt_item_fade_in kad_gallery_fade_in gallery_item\"><a href=\"https:\/\/nmcontemporaneo.com\/wp-content\/uploads\/2024\/10\/Isla-infinita.jpg\" data-rel=\"lightbox\" class=\"lightboxhover\"><div class=\"kt-intrinsic\" style=\"padding-bottom:60.109289617486%;\"><div itemprop=\"image\" itemscope itemtype=\"https:\/\/schema.org\/ImageObject\"><img loading=\"lazy\" decoding=\"async\" width=\"366\" height=\"220\" src=\"https:\/\/nmcontemporaneo.com\/wp-content\/uploads\/2024\/10\/Isla-infinita-366x220.jpg\" srcset=\"https:\/\/nmcontemporaneo.com\/wp-content\/uploads\/2024\/10\/Isla-infinita-366x220.jpg 366w, https:\/\/nmcontemporaneo.com\/wp-content\/uploads\/2024\/10\/Isla-infinita-300x180.jpg 300w, https:\/\/nmcontemporaneo.com\/wp-content\/uploads\/2024\/10\/Isla-infinita-1024x615.jpg 1024w, https:\/\/nmcontemporaneo.com\/wp-content\/uploads\/2024\/10\/Isla-infinita-768x461.jpg 768w, https:\/\/nmcontemporaneo.com\/wp-content\/uploads\/2024\/10\/Isla-infinita-732x440.jpg 732w, https:\/\/nmcontemporaneo.com\/wp-content\/uploads\/2024\/10\/Isla-infinita.jpg 1200w\" sizes=\"auto, (max-width: 366px) 100vw, 366px\" data-caption=\"ISLA INFINITA, Collagraphy, 106 x 180 cm, 2012.\" class=\"light-dropshaddow\" itemprop=\"contentUrl\" alt=\"\"><meta itemprop=\"url\" content=\"https:\/\/nmcontemporaneo.com\/wp-content\/uploads\/2024\/10\/Isla-infinita-366x220.jpg\"><meta itemprop=\"width\" content=\"366px\"><meta itemprop=\"height\" content=\"220px\"><\/div><\/div><div class=\"caption kad_caption\"><div class=\"kad_caption_inner\">ISLA INFINITA, Collagraphy, 106 x 180 cm, 2012.<\/div><\/div><\/a><\/div><\/div><\/div>\n<p style=\"text-align: justify;\">Carlos Garc\u00eda (La Habana, Cuba 1959). Actualmente vive y trabaja en la ciudad de M\u00e9xico, su obra transita entre lo abstracto y lo representativo. Paisajes simbolistas que se balancean entre signos naturales muy vitales y una fantas\u00eda abstracta provocativa y tentadora. Graduado en 1979 en la m\u00edtica Academia de San Alejandro en La Habana, licenciado en el Instituto Superior de Arte de La Habana y maestr\u00eda en Artes Visuales en el Massachusetts College of Art, Carlos Garc\u00eda de la Nuez ha expuesto en Rusia, Alemania, Estados Unidos, Italia, Brasil, Francia, Costa Rica, M\u00e9xico y Cuba, entre otras naciones.<\/p>\n\n<div class=\"sp-wrap sp-wrap-default\">\n<div class=\"sp-head\" title=\"Expandir\">\nCurr\u00edculum Vitae\n<\/div>\n<div class=\"sp-body folded\">\n<p><strong>Carlos Garc\u00eda<\/strong><\/p>\n<p>Graduado de la Academia de Bellas Artes de San Alejandro y del Instituto Superior de Arte de La Habana, en 1979 y 1983 respectivamente. En 1988 termina su maestr\u00eda en Artes Visuales en el Massachusetts College of Art.<\/p>\n<p><strong>Exposiciones individuales (Selecci\u00f3n)<\/strong><br \/>\n2005 Desde una isla. Galer\u00eda Sisal, Valle de Bravo, Estado de M\u00e9xico.<br \/>\n2004 Desde una isla. Galer\u00eda Sisal, San Miguel de Allende, Guanajuato, M\u00e9xico<br \/>\n2003 El equilibrio de las cosas. Museo de Arte de Sinaloa, Culiac\u00e1n, Mexico<br \/>\n2002 Signum. Galer\u00eda Habana. M\u00e9xico, DF.<br \/>\n2001 Signo Vital. Galer\u00eda Talento. M\u00e9xico, DF.<br \/>\n1999 Naturaleza Muerta. Dimo. M\u00e9xico, DF.<br \/>\n1998 Naturaleza Muerta en el Centro Cultural Casa Lamm. M\u00e9xico DF.<br \/>\n1996 Universidad Iberoamericana. M\u00e9xico, DF.<br \/>\n1995 Galer\u00eda Bosques. M\u00e9xico, DF.<br \/>\n1994 Museo Universitario del Chopo. M\u00e9xico, DF.<br \/>\n1993 Museo Regional Michoacano. Morelia, M\u00e9xico.<br \/>\n1992 Galer\u00eda Ninart. M\u00e9xico, DF.<br \/>\n1991 Galer\u00eda Habana. La Habana, Cuba.<br \/>\n1989 Kennedy Building, Massachusetts College of Art, Boston, EUA.<br \/>\n1989 Museo Nacional, Castillo de la Real Fuerza. La Habana, Cuba.<br \/>\n1985 Pintura Galer\u00eda L. La Habana, Cuba.<br \/>\n1984 Pinturas y Dibujos, Senezh, Mosc\u00fa, URSS.<\/p>\n<p><strong>Exposiciones colectivas (Selecci\u00f3n)<\/strong><br \/>\n2006 Gr\u00e1fica Colectiva, Galer\u00eda La Siempre Habana, M\u00e9xico<br \/>\n2005 Feria Arte Am\u00e9ricas, Miami EU.<br \/>\n2004 Wunderkammer II, Galer\u00eda Nina Menocal, M\u00e9xico, DF.<br \/>\n2004 20 x 20, Galer\u00eda Arcobis, M\u00e9xico, DF<br \/>\n2004 Gr\u00e1fica Colectiva, Galer\u00eda La Siempre Habana, M\u00e9xico, DF.<br \/>\n2003 American Dreams, the Olga &amp; carlos Saladrigas Gallery Miami, Florida<br \/>\n2003 Feria de Arte \u201cArte Nuevo Le\u00f3n\u201d N L Monterrey, M\u00e9xico<br \/>\n2003 Grafica E- mail. Feria Internacional de Arte de Marbella, Espa\u00f1a.<br \/>\n2003 Arte Cubano Contempor\u00e1neo. Galeria Habana Mexico, Ciudad Mexico, Mexico.<br \/>\n2003 Gr\u00e1fica La Siempre Habana. Sala Nezahualcoyotl, UNAM, Ciudad M\u00e9xico, M\u00e9xico.<br \/>\n2003 Lo que ves, no es todo lo que hay, Galer\u00eda Habana \u2013 M\u00e9xico M\u00e9xico D.F.<br \/>\n2003 Dise\u00f1o en Arte, Universidad Iberoamericana, M\u00e9xico D.F.<br \/>\n2001 Gente en la Casa. 7\u00b0 Bienal de Artes Pl\u00e1sticas. Habana Cuba<br \/>\n2000 Declinaisons Latines. Centre Europeen de la Jeune Creation Strasbourg, Francia.<br \/>\n1998 Arte Er\u00f3tico. Museo Universitario de Puebla, Puebla, M\u00e9xico.<br \/>\n1997 Los Mounstros de la Raz\u00f3n. Centro Cultural Luz y Oficios La Habana, Cuba.<br \/>\n1997 Pinturas del Silencio. VI Bienal de la Habana. Galer\u00eda Acacia La Habana, Cuba.<br \/>\n1995 Arte Cubano Contempor\u00e1neo. Centro Cultural Jos\u00e9 Marti, M\u00e9xico, DF.<br \/>\n1994 Expo-venta colecci\u00f3n Ninart. NINART, M\u00e9xico, DF.<br \/>\n1993 La Nube en Pantalones. Museo Nacional, La Habana, Cuba.<br \/>\n1992 Pl\u00e1stica Contempor\u00e1nea Cubana, SECOFI. M\u00e9xico, DF.<br \/>\n1992 Once Artistas Cubanos. Museo del Carmen, M\u00e9xico, DF.<br \/>\n1991 Nuevas Adquisiciones Contempor\u00e1nea Nacional, La Habana, Cuba.<br \/>\n1991 Tres en Una. 4\u00aa Bienal de La Habana. Galer\u00eda La Habana. La Habana, Cuba.<br \/>\n1991 Galer\u00eda Manuel Macias. Madrid, Espa\u00f1a<br \/>\n1988 Museum of Contemporany Hispanic Art. (MOCHA) New York. EUA.<br \/>\n1988 Paper Visi\u00f3n II. Contemporany American Art. Housatonic Museum of Art. EUA.<br \/>\n1987 19\u00aa Bienal de Sao Paulo, Brasil. Sao Paulo, Brasil.<br \/>\n1987 Cuatro x Cuatro. Galer\u00eda Hoy en el Arte. Buenos Aires, Argentina.<br \/>\n1986 Segunda Bienal de la Habana. La Habana, Cuba<br \/>\n1985 L\u2019Arte con IL Sorriso Trenta Artisti Cubani di Oggi. Mil\u00e1n, Italia.<br \/>\n1984 Dibujos. Galer\u00eda L. \u2013 La Habana, Cuba.<br \/>\n1983 Cuatro por Cuatro II. Galer\u00eda L, La Habana, Cuba.<br \/>\n1983 Concurso Crist\u00f3bal Col\u00f3n. Madrid, Espa\u00f1a.<br \/>\n1982 Cuatro por Cuatro I. Centro de Arte 23 y 12, La Habana, Cuba.<br \/>\n1980 Sal\u00f3n Nacional Juvenil de Artes Pl\u00e1sticas. Museo Nacional, La Habana, Cuba.<\/p>\n<p><strong>Premios<\/strong><br \/>\nPremio Pintura 13 de Marzo, Universidad de La Habana, La Habana, Cuba y Premio Fundaci\u00f3n Jaime Guash, Barcelona, Espa\u00f1a<\/p>\n<div class=\"spdiv\">[plegar]<\/div>\n<\/div>\n<\/div>\n\n","protected":false},"excerpt":{"rendered":"<p>&lt;&lt; Ant. | Artistas | Sig. &gt;&gt; Carlos Garc\u00eda (La Habana, Cuba 1959). Actualmente vive y trabaja en la ciudad de M\u00e9xico, su obra transita entre lo abstracto y lo representativo. Paisajes simbolistas que se balancean entre signos naturales muy &hellip; <a class=\"kt-excerpt-readmore\" href=\"https:\/\/nmcontemporaneo.com\/es\/catalogo\/grafica\/carlos-garcia\/\" aria-label=\"Carlos Garc\u00eda de la Nuez\">Read More<\/a><\/p>\n","protected":false},"author":6,"featured_media":0,"parent":594,"menu_order":0,"comment_status":"closed","ping_status":"closed","template":"page-fullwidth.php","meta":{"kt_blocks_editor_width":"","footnotes":""},"class_list":["post-9268","page","type-page","status-publish","hentry"],"_links":{"self":[{"href":"https:\/\/nmcontemporaneo.com\/es\/wp-json\/wp\/v2\/pages\/9268","targetHints":{"allow":["GET"]}}],"collection":[{"href":"https:\/\/nmcontemporaneo.com\/es\/wp-json\/wp\/v2\/pages"}],"about":[{"href":"https:\/\/nmcontemporaneo.com\/es\/wp-json\/wp\/v2\/types\/page"}],"author":[{"embeddable":true,"href":"https:\/\/nmcontemporaneo.com\/es\/wp-json\/wp\/v2\/users\/6"}],"replies":[{"embeddable":true,"href":"https:\/\/nmcontemporaneo.com\/es\/wp-json\/wp\/v2\/comments?post=9268"}],"version-history":[{"count":5,"href":"https:\/\/nmcontemporaneo.com\/es\/wp-json\/wp\/v2\/pages\/9268\/revisions"}],"predecessor-version":[{"id":13978,"href":"https:\/\/nmcontemporaneo.com\/es\/wp-json\/wp\/v2\/pages\/9268\/revisions\/13978"}],"up":[{"embeddable":true,"href":"https:\/\/nmcontemporaneo.com\/es\/wp-json\/wp\/v2\/pages\/594"}],"wp:attachment":[{"href":"https:\/\/nmcontemporaneo.com\/es\/wp-json\/wp\/v2\/media?parent=9268"}],"curies":[{"name":"wp","href":"https:\/\/api.w.org\/{rel}","templated":true}]}}