{"id":9277,"date":"2022-09-12T20:43:55","date_gmt":"2022-09-13T02:43:55","guid":{"rendered":"http:\/\/nmcontemporaneo.com\/?page_id=9277"},"modified":"2025-06-21T00:57:24","modified_gmt":"2025-06-21T06:57:24","slug":"amador-montes","status":"publish","type":"page","link":"https:\/\/nmcontemporaneo.com\/es\/catalogo\/grafica\/amador-montes\/","title":{"rendered":"Amador Montes"},"content":{"rendered":"<p style=\"text-align: center;\"><a href=\"..\/kcho-alexis-leyva\/\">&lt;&lt; Ant.<\/a> | <a href=\"\/catalogo\/todos-los-artistas\/\">Artistas<\/a> | <a href=\"\/catalogo\/arte-emergente\/minerva-ayon\/\">Sig. &gt;&gt;<\/a><\/p>\n<div id=\"kad-wp-gallery407\" class=\"kad-wp-gallery gallery kt-gallery-column-3 init-isotope-intrinsic reinit-isotope kad-light-wp-gallery clearfix rowtight\" data-fade-in=\"1\" data-iso-selector=\".g_item\" data-iso-style=\"masonry\" data-iso-filter=\"false\"><div class=\"tcol-lg-4 tcol-md-4 tcol-sm-4 tcol-xs-6 tcol-ss-12 g_item\"><div class=\"grid_item kt_item_fade_in kad_gallery_fade_in gallery_item\"><a href=\"https:\/\/nmcontemporaneo.com\/wp-content\/uploads\/2025\/02\/Amador-Montes-Nautilius-IV.jpg\" data-rel=\"lightbox\" class=\"lightboxhover\"><div class=\"kt-intrinsic\" style=\"padding-bottom:62.841530054645%;\"><div itemprop=\"image\" itemscope itemtype=\"https:\/\/schema.org\/ImageObject\"><img loading=\"lazy\" decoding=\"async\" width=\"366\" height=\"230\" src=\"https:\/\/nmcontemporaneo.com\/wp-content\/uploads\/2025\/02\/Amador-Montes-Nautilius-IV-366x230.jpg\" srcset=\"https:\/\/nmcontemporaneo.com\/wp-content\/uploads\/2025\/02\/Amador-Montes-Nautilius-IV-366x230.jpg 366w, https:\/\/nmcontemporaneo.com\/wp-content\/uploads\/2025\/02\/Amador-Montes-Nautilius-IV-300x188.jpg 300w, https:\/\/nmcontemporaneo.com\/wp-content\/uploads\/2025\/02\/Amador-Montes-Nautilius-IV-768x482.jpg 768w, https:\/\/nmcontemporaneo.com\/wp-content\/uploads\/2025\/02\/Amador-Montes-Nautilius-IV-80x50.jpg 80w, https:\/\/nmcontemporaneo.com\/wp-content\/uploads\/2025\/02\/Amador-Montes-Nautilius-IV-732x460.jpg 732w, https:\/\/nmcontemporaneo.com\/wp-content\/uploads\/2025\/02\/Amador-Montes-Nautilius-IV.jpg 784w\" sizes=\"auto, (max-width: 366px) 100vw, 366px\" data-caption=\"Nautilius IV,\nXilograf\u00eda, 119x210 cm, Edici\u00f3n de 20, 2013\" class=\"light-dropshaddow\" itemprop=\"contentUrl\" alt=\"\"><meta itemprop=\"url\" content=\"https:\/\/nmcontemporaneo.com\/wp-content\/uploads\/2025\/02\/Amador-Montes-Nautilius-IV-366x230.jpg\"><meta itemprop=\"width\" content=\"366px\"><meta itemprop=\"height\" content=\"230px\"><\/div><\/div><div class=\"caption kad_caption\"><div class=\"kad_caption_inner\">Nautilius IV,\nXilograf\u00eda, 119&#215;210 cm, Edici\u00f3n de 20, 2013<\/div><\/div><\/a><\/div><\/div><div class=\"tcol-lg-4 tcol-md-4 tcol-sm-4 tcol-xs-6 tcol-ss-12 g_item\"><div class=\"grid_item kt_item_fade_in kad_gallery_fade_in gallery_item\"><a href=\"https:\/\/nmcontemporaneo.com\/wp-content\/uploads\/2025\/02\/Amador-Montes-Nautilius-VI.jpg\" data-rel=\"lightbox\" class=\"lightboxhover\"><div class=\"kt-intrinsic\" style=\"padding-bottom:55.737704918033%;\"><div itemprop=\"image\" itemscope itemtype=\"https:\/\/schema.org\/ImageObject\"><img loading=\"lazy\" decoding=\"async\" width=\"366\" height=\"204\" src=\"https:\/\/nmcontemporaneo.com\/wp-content\/uploads\/2025\/02\/Amador-Montes-Nautilius-VI-366x204.jpg\" srcset=\"https:\/\/nmcontemporaneo.com\/wp-content\/uploads\/2025\/02\/Amador-Montes-Nautilius-VI-366x204.jpg 366w, https:\/\/nmcontemporaneo.com\/wp-content\/uploads\/2025\/02\/Amador-Montes-Nautilius-VI-300x168.jpg 300w, https:\/\/nmcontemporaneo.com\/wp-content\/uploads\/2025\/02\/Amador-Montes-Nautilius-VI-768x429.jpg 768w, https:\/\/nmcontemporaneo.com\/wp-content\/uploads\/2025\/02\/Amador-Montes-Nautilius-VI-732x408.jpg 732w, https:\/\/nmcontemporaneo.com\/wp-content\/uploads\/2025\/02\/Amador-Montes-Nautilius-VI.jpg 938w\" sizes=\"auto, (max-width: 366px) 100vw, 366px\" data-caption=\"Nautilius VI,\nXilograf\u00eda, 119x210 cm, Edici\u00f3n de 20, 2013\" class=\"light-dropshaddow\" itemprop=\"contentUrl\" alt=\"\"><meta itemprop=\"url\" content=\"https:\/\/nmcontemporaneo.com\/wp-content\/uploads\/2025\/02\/Amador-Montes-Nautilius-VI-366x204.jpg\"><meta itemprop=\"width\" content=\"366px\"><meta itemprop=\"height\" content=\"204px\"><\/div><\/div><div class=\"caption kad_caption\"><div class=\"kad_caption_inner\">Nautilius VI,\nXilograf\u00eda, 119&#215;210 cm, Edici\u00f3n de 20, 2013<\/div><\/div><\/a><\/div><\/div><\/div>\n<p style=\"text-align: justify;\">Amador Montes (Oaxaca, Oax. 1975). Su trabajo deriva del imaginario h\u00edbrido y mestizo que caracteriza a la pl\u00e1stica oaxaque\u00f1a contempor\u00e1nea, tan rica en im\u00e1genes referenciales de mitos, leyendas y costumbres del mundo ind\u00edgena cuya fuerza ancestral permanece viva y palpitante. El mundo natural y animal han estado presentes en su pintura en muy diversas manifestaciones pre\u00f1adas de ludismo.<\/p>\n\n<div class=\"sp-wrap sp-wrap-default\">\n<div class=\"sp-head\" title=\"Expandir\">\nCurriculum Vitae\n<\/div>\n<div class=\"sp-body folded\">\n<p><strong>Amador Montes<\/strong><\/p>\n<p><strong>Exposiciones Individuales <\/strong><\/p>\n<p>2014<br \/>\nAmador Montes. Gr\u00e1fica. Loter\u00eda Nacional, ciudad de M\u00e9xico<\/p>\n<p>Se llamaba Carmen. Museo Universitario Casa de los mu\u00f1ecos. Puebla, M\u00e9x.<\/p>\n<p>Recetario. Casa Lamm, ciudad de M\u00e9xico.<\/p>\n<p>Nautilus y otras formas. Casa de Cultura y Capacitaci\u00f3n VeracruzAna. La Antigua, Veracruz, M\u00e9x.<\/p>\n<p>2013<\/p>\n<p>Nautilus. Museo de los Pintores Oaxaque\u00f1os. Oaxaca, M\u00e9x.<\/p>\n<p>Presencia de Oaxaca en Sevilla. Excmo. Ateneo de Sevilla, Espa\u00f1a.<\/p>\n<p>2012<\/p>\n<p>Homenaje. Senado de la Rep\u00fablica. Ciudad de M\u00e9xico.<\/p>\n<p>Trotalunas. Museo de Arte de la SHCP, Antiguo Palacio del\u00a0\u00a0 Arzobispado, Ciudad de M\u00e9xico.<\/p>\n<p>ACTOS. Galer\u00eda Casa Lamm. Ciudad de M\u00e9xico.<\/p>\n<p>Tapiz. Museo Universitario Casa de los Mu\u00f1ecos. Puebla, M\u00e9x.<\/p>\n<p>2010<\/p>\n<p>Obra Amador Montes. Museo Casa Vladimir Cora. Nayarit, M\u00e9xico.<\/p>\n<p>Habitantes y paisaje. Amador Montes y Abelardo L\u00f3pez. Galer\u00eda Blanquis, ciudad de M\u00e9xico.<\/p>\n<p>Uno de Uno. Galer\u00eda Misrachi, ciudad de M\u00e9xico.<\/p>\n<p>Retablos. Museo Regional de Guadalajara. Jalisco, M\u00e9xico.<\/p>\n<p>Expediciones. Amador Montes y Alberto Arag\u00f3n. Centro Cultural Antiguo Convento de San Francisco. Granada, Nicaragua.<\/p>\n<p>Aves Urbanas. Galer\u00eda Drexel. Nuevo Le\u00f3n, M\u00e9xico.<\/p>\n<p>Reencuentro. International Museum of Art and Science. McAllen, Texas.<\/p>\n<p>Expediciones. Amador Montes y Alberto Arag\u00f3n. Museo FORMA. San Salvador, El Salvador.<\/p>\n<p>Tiempos Recientes. Universidad Tecnol\u00f3gica de la Mixteca. Oaxaca, M\u00e9xico.<\/p>\n<p>Comiendo Amor. Galer\u00eda de Arte del Complejo Cultural Universitario, Puebla, M\u00e9xico.<\/p>\n<p>2009<\/p>\n<p>Volver al Origen. Universidad de la Sierra Ju\u00e1rez, Oaxaca, M\u00e9xico.<\/p>\n<p>Obra Reciente. Pacific Desing Center, Baja California Sur, M\u00e9xico.<\/p>\n<p>Cr\u00f3nicas Personales. Galer\u00eda Urbana Blanquis, ciudad de M\u00e9xico.<\/p>\n<p>2008<\/p>\n<p>Impresiones. Galer\u00eda El Greco, Veracruz, M\u00e9xico.<\/p>\n<p>Instalaci\u00f3n: La Construcci\u00f3n. Centro Cultural Universitario, Oaxaca, M\u00e9x.<\/p>\n<p>Babel-nadie entiende a nadie. Galer\u00eda Alberto Misrachi, ciudad de M\u00e9xico.<\/p>\n<p>Memorias. Galer\u00eda PICI, Se\u00fal, Corea del Sur.<\/p>\n<p>Amador Montes Obra Reciente. Galer\u00eda Corsica, Jalisco, M\u00e9xico.<\/p>\n<p>2007<\/p>\n<p>Y sin embargo no puedo dejar de so\u00f1ar. Galer\u00eda Arte de Oaxaca, Oaxaca, M\u00e9xico<\/p>\n<p>Interiores. Galer\u00eda V\u00e9rtice, Jalisco, M\u00e9xico.<\/p>\n<p>2006<\/p>\n<p>Amador Montes. Galer\u00eda Oscar Rom\u00e1n, ciudad de M\u00e9xico.<\/p>\n<p>Animalerias. Museo de los pintores oaxaque\u00f1os, Oaxaca, M\u00e9xico.<\/p>\n<p>2005<\/p>\n<p>Un sue\u00f1o para Carmen, Galer\u00eda Gradiva, Jalisco, M\u00e9xico.<\/p>\n<p>Pecados y Virtudes. Espacio M\u00e9xico en Montreal, Montreal, Canad\u00e1.<\/p>\n<p>Tres Tiempos. Galer\u00eda Oscar Rom\u00e1n, ciudad de M\u00e9xico.<\/p>\n<p>Pecados y Virtudes. Casa Mayordomo, Oaxaca, M\u00e9xico.<\/p>\n<p>Un hombre llamado Andr\u00e9s. Galer\u00eda Arte de Oaxaca, Oaxaca, M\u00e9xico.<\/p>\n<p>Cuentos y arboledas. Casa de la Cultura en Oaxaca, Oaxaca, M\u00e9xico.<\/p>\n<p>2004<\/p>\n<p>Di\u00e1logos Confusos. Galer\u00eda Gradiva, Jalisco, M\u00e9xico.<\/p>\n<p>Cartas a Maricela. Galer\u00eda Arte de Oaxaca, Oaxaca, M\u00e9xico.<\/p>\n<p>Amador Montes. Hotel Holiday Inn, Yucat\u00e1n, M\u00e9xico.<\/p>\n<p>2003<\/p>\n<p>Provocaciones al papel, Galer\u00eda Arte de Oaxaca, Oaxaca, M\u00e9xico.<\/p>\n<p>Ausencias y Crisis de tantos sue\u00f1os. Taller de litograf\u00eda, Oaxaca, M\u00e9xico.<\/p>\n<p><strong>\u00a0<\/strong><br \/>\n<strong>Exposiciones Colectivas<\/strong><br \/>\n2014<\/p>\n<p>Retablos. Hacienda San Mateo. Puebla, M\u00e9x.<\/p>\n<p>Contemporary Mexican Artists. Jorge Mendez Gallery, California, Estados Unidos.<\/p>\n<p>Body Painting. Plaza de la danza, Oaxaca, M\u00e9xico.<\/p>\n<p>A Tres manos. Galer\u00eda Oscar Rom\u00e1n, Ciudad de M\u00e9xico.<\/p>\n<p>Pl\u00e1stica Oaxaque\u00f1a. La Cruj\u00eda. Oaxaca, M\u00e9x.<\/p>\n<p>2013<\/p>\n<p>Nuevos Tiempos, Nuevos Dioses. Escultura Cer\u00e1mica Colectiva. Museo de la Secretar\u00eda de Hacienda y Cr\u00e9dito P\u00fablico, Ciudad de M\u00e9xico.<\/p>\n<p>2012<\/p>\n<p>Al alim\u00f3n: Amador Montes y Vladimir Cora. Galer\u00eda Uno, Puerto Vallarta, M\u00e9x.<\/p>\n<p>Dos Veces Mari: Amador Montes y Vladimir Cora. Espacio LaCruj\u00eda, Oaxaca, M\u00e9x.<\/p>\n<p>C\u00edrculo virtuoso. Museo de los pintores de Oaxaca, Oaxaca.<\/p>\n<p>C\u00edrculo virtuoso. Centro Deportivo Israelita, Ciudad de M\u00e9xico.<\/p>\n<p>2011<\/p>\n<p>Series of International Art Exhibition. Bismarck Studios, San Antonio, Texas, Estados Unidos.<\/p>\n<p>Ni muerto malo, ni novia fea. Galer\u00eda de Arte de la SHCP, ciudad de M\u00e9xico.<\/p>\n<p>INDEPENDIENTE. Espacio La Cruj\u00eda. Oaxaca, M\u00e9xico.<\/p>\n<p>Mundos Alternos. Club de Industriales de la ciudad de M\u00e9xico.<\/p>\n<p>Afrodescendientes. Galer\u00eda Arte de Oaxaca, Oaxaca, M\u00e9xico.<\/p>\n<p>Fragilidad. Galer\u00eda de la Secretaria de Hacienda y Cr\u00e9dito P\u00fablico, Ciudad de M\u00e9xico.<\/p>\n<p>2010<\/p>\n<p>G20 World Artist Festival. Korea Press Center. Se\u00fal, Corea del Sur.<\/p>\n<p>2009<\/p>\n<p>Beyond the Border. International Contemporary Art Fair. San Diego California, Estados Unidos.<\/p>\n<p>Borderless Generation: Contemporary Art of Latin America. The Korea Foundation Cultural Center . Se\u00fal, Corea del Sur.<\/p>\n<p>Exposici\u00f3n de Arte Contempor\u00e1neo. Club de Empresarios, ciudad de Mexico.<\/p>\n<p>2008<\/p>\n<p>Dos miradas. Casa de la Cultura Oaxaque\u00f1a. Oaxaca, M\u00e9xico.<\/p>\n<p>World Artist Festival. Sejong Center. Se\u00fal, Corea del Sur.<\/p>\n<p>Arte Contempor\u00e1neo 2008. Hacienda de los Morales, ciudad de M\u00e9xico.<\/p>\n<p>\u00daltimas tendencias del arte contempor\u00e1neo de M\u00e9xico. Galer\u00eda Arte de cerca, Veracruz, M\u00e9xico.<\/p>\n<p>Exposici\u00f3n Colectiva. Galer\u00eda ART, Oaxaca, M\u00e9xico.<\/p>\n<p>Exposici\u00f3n de Arte Contempor\u00e1neo. Club de Empresarios, ciudad de M\u00e9xico.<\/p>\n<p>2007<\/p>\n<p>World Artist Festival. Museo Hangaram. Se\u00fal, Corea del Sur.<\/p>\n<p>Homenaje a Frida. Universidad del Claustro de Sor Juana, ciudad de M\u00e9xico.<\/p>\n<p>Muestra Colectiva Pintores Oaxaque\u00f1os. Centro Regional de Pintura, Estado de M\u00e9xico, M\u00e9xico.<\/p>\n<p>Destacados Artistas de la pintura en M\u00e9xico. Museo Ra\u00fal Anguiano, Jalisco, M\u00e9xico.<\/p>\n<p>Desde el Interior Diez pintores Oaxaque\u00f1os. Galer\u00eda V\u00e9rtice, Jalisco, M\u00e9xico.<\/p>\n<p>2006<\/p>\n<p>Presencia de la Pl\u00e1stica Oaxaque\u00f1a en Chihuahua. 2 Festival Internacional Chihuahua, Chihuahua, M\u00e9xico.<\/p>\n<p>2005<\/p>\n<p>Percepciones. Galer\u00eda Oscar Rom\u00e1n, ciudad de M\u00e9xico.<\/p>\n<p>Aniversario. Galer\u00eda Oscar Rom\u00e1n, ciudad de M\u00e9xico.<\/p>\n<p>20 Jaguar. Galer\u00eda Arte de Oaxaca, Oaxaca, M\u00e9xico.<\/p>\n<p>Tierra y Color. Museo de los Pintores Oaxaque\u00f1os, Oaxaca, M\u00e9xico.<\/p>\n<p>La solidaridad de los pintores oaxaque\u00f1os. Exposici\u00f3n en apoyo de COESIDA, Casa Lamm, ciudad de M\u00e9xico.<\/p>\n<p>Sensaciones. Galer\u00eda Oscar Rom\u00e1n, ciudad de M\u00e9xico.<\/p>\n<p>Pintores oaxaque\u00f1os en ayuda a la Cruz Roja. Nuevo Le\u00f3n, M\u00e9xico.<\/p>\n<p>Una noche de la pl\u00e1stica oaxaque\u00f1a. Museo del Risco, ciudad de M\u00e9xico.<\/p>\n<p>2004<\/p>\n<p>Ocho Impresiones, Oaxaca en Espa\u00f1a. Universidad Francisco de Vitoria, Madrid, Espa\u00f1a.<\/p>\n<p>Subasta de Arte en apoyo a la Cruz Roja. Ex-convento de Santo Domingo, Oaxaca, M\u00e9xico.<\/p>\n<p>2003<\/p>\n<p>Tapete de Muertos. C.F.E. Divisi\u00f3n Sureste, Oaxaca, M\u00e9xico.<\/p>\n<p>Tapete en Memoria del Maestro Rodolfo Morales. Galer\u00eda Arte de Oaxaca, Oaxaca, M\u00e9xico.<\/p>\n<p>Arte con Mezcal. Casa de la cultura \u201cJes\u00fas Reyes Heroles\u201d, ciudad de M\u00e9xico.<br \/>\n<strong>\u00a0<\/strong><\/p>\n<p><strong>Colecciones<\/strong><\/p>\n<p>Colecci\u00f3n de la Galer\u00eda de la Benem\u00e9rita Universidad Aut\u00f3noma de Puebla (BUAP), Pu\u00e9bla, M\u00e9x.<\/p>\n<p>International Museum of Art and Science. McAllen, Texas.<\/p>\n<p>Colecci\u00f3n de la Secretaria de Hacienda y Cr\u00e9dito P\u00fablico. Ciudad de M\u00e9xico.<\/p>\n<p>Colecci\u00f3n de la Universidad Tecnol\u00f3gica de la Mixteca, Oaxaca, M\u00e9xico.<\/p>\n<div class=\"spdiv\">[plegar]<\/div>\n<\/div>\n<\/div>\n\n","protected":false},"excerpt":{"rendered":"<p>&lt;&lt; Ant. | Artistas | Sig. &gt;&gt; Amador Montes (Oaxaca, Oax. 1975). Su trabajo deriva del imaginario h\u00edbrido y mestizo que caracteriza a la pl\u00e1stica oaxaque\u00f1a contempor\u00e1nea, tan rica en im\u00e1genes referenciales de mitos, leyendas y costumbres del mundo ind\u00edgena &hellip; <a class=\"kt-excerpt-readmore\" href=\"https:\/\/nmcontemporaneo.com\/es\/catalogo\/grafica\/amador-montes\/\" aria-label=\"Amador Montes\">Read More<\/a><\/p>\n","protected":false},"author":6,"featured_media":0,"parent":594,"menu_order":0,"comment_status":"closed","ping_status":"closed","template":"page-fullwidth.php","meta":{"kt_blocks_editor_width":"","footnotes":""},"class_list":["post-9277","page","type-page","status-publish","hentry"],"_links":{"self":[{"href":"https:\/\/nmcontemporaneo.com\/es\/wp-json\/wp\/v2\/pages\/9277","targetHints":{"allow":["GET"]}}],"collection":[{"href":"https:\/\/nmcontemporaneo.com\/es\/wp-json\/wp\/v2\/pages"}],"about":[{"href":"https:\/\/nmcontemporaneo.com\/es\/wp-json\/wp\/v2\/types\/page"}],"author":[{"embeddable":true,"href":"https:\/\/nmcontemporaneo.com\/es\/wp-json\/wp\/v2\/users\/6"}],"replies":[{"embeddable":true,"href":"https:\/\/nmcontemporaneo.com\/es\/wp-json\/wp\/v2\/comments?post=9277"}],"version-history":[{"count":3,"href":"https:\/\/nmcontemporaneo.com\/es\/wp-json\/wp\/v2\/pages\/9277\/revisions"}],"predecessor-version":[{"id":14268,"href":"https:\/\/nmcontemporaneo.com\/es\/wp-json\/wp\/v2\/pages\/9277\/revisions\/14268"}],"up":[{"embeddable":true,"href":"https:\/\/nmcontemporaneo.com\/es\/wp-json\/wp\/v2\/pages\/594"}],"wp:attachment":[{"href":"https:\/\/nmcontemporaneo.com\/es\/wp-json\/wp\/v2\/media?parent=9277"}],"curies":[{"name":"wp","href":"https:\/\/api.w.org\/{rel}","templated":true}]}}