{"id":9281,"date":"2022-09-12T20:53:05","date_gmt":"2022-09-13T02:53:05","guid":{"rendered":"http:\/\/nmcontemporaneo.com\/?page_id=9281"},"modified":"2025-06-21T00:29:49","modified_gmt":"2025-06-21T06:29:49","slug":"cecilia-barreto","status":"publish","type":"page","link":"https:\/\/nmcontemporaneo.com\/es\/catalogo\/arte-emergente\/cecilia-barreto\/","title":{"rendered":"Cecilia Barreto"},"content":{"rendered":"<p style=\"text-align: center;\"><a href=\"..\/pablo-vigil\/\">&lt;&lt; Ant.<\/a> | <a href=\"\/catalogo\/todos-los-artistas\/\">Artistas<\/a> | <a href=\"..\/guadalupe-garcia\/\">Sig. &gt;&gt;<\/a><\/p>\n<div id=\"kad-wp-gallery753\" class=\"kad-wp-gallery gallery kt-gallery-column-3 init-isotope-intrinsic reinit-isotope kad-light-wp-gallery clearfix rowtight\" data-fade-in=\"1\" data-iso-selector=\".g_item\" data-iso-style=\"masonry\" data-iso-filter=\"false\"><div class=\"tcol-lg-4 tcol-md-4 tcol-sm-4 tcol-xs-6 tcol-ss-12 g_item\"><div class=\"grid_item kt_item_fade_in kad_gallery_fade_in gallery_item\"><a href=\"https:\/\/nmcontemporaneo.com\/wp-content\/uploads\/2012\/09\/espectacular_8.jpg\" data-rel=\"lightbox\" class=\"lightboxhover\"><div class=\"kt-intrinsic\" style=\"padding-bottom:66.666666666667%;\"><div itemprop=\"image\" itemscope itemtype=\"https:\/\/schema.org\/ImageObject\"><img loading=\"lazy\" decoding=\"async\" width=\"366\" height=\"244\" src=\"https:\/\/nmcontemporaneo.com\/wp-content\/uploads\/2012\/09\/espectacular_8-366x244.jpg\" srcset=\"https:\/\/nmcontemporaneo.com\/wp-content\/uploads\/2012\/09\/espectacular_8-366x244.jpg 366w, https:\/\/nmcontemporaneo.com\/wp-content\/uploads\/2012\/09\/espectacular_8-300x200.jpg 300w, https:\/\/nmcontemporaneo.com\/wp-content\/uploads\/2012\/09\/espectacular_8-272x182.jpg 272w, https:\/\/nmcontemporaneo.com\/wp-content\/uploads\/2012\/09\/espectacular_8-732x488.jpg 732w, https:\/\/nmcontemporaneo.com\/wp-content\/uploads\/2012\/09\/espectacular_8.jpg 900w\" sizes=\"auto, (max-width: 366px) 100vw, 366px\" data-caption=\"  ESPECTACULAR 8. Resina acr\u00edlica, \u00f3leo, t\u00e9cnica serigr\u00e1fia sobre madera, 50 x 75 cm.\" class=\"light-dropshaddow\" itemprop=\"contentUrl\" alt=\"\"><meta itemprop=\"url\" content=\"https:\/\/nmcontemporaneo.com\/wp-content\/uploads\/2012\/09\/espectacular_8-366x244.jpg\"><meta itemprop=\"width\" content=\"366px\"><meta itemprop=\"height\" content=\"244px\"><\/div><\/div><div class=\"caption kad_caption\"><div class=\"kad_caption_inner\">  ESPECTACULAR 8. Resina acr\u00edlica, \u00f3leo, t\u00e9cnica serigr\u00e1fia sobre madera, 50 x 75 cm.<\/div><\/div><\/a><\/div><\/div><div class=\"tcol-lg-4 tcol-md-4 tcol-sm-4 tcol-xs-6 tcol-ss-12 g_item\"><div class=\"grid_item kt_item_fade_in kad_gallery_fade_in gallery_item\"><a href=\"https:\/\/nmcontemporaneo.com\/wp-content\/uploads\/2012\/09\/espectacular_9.jpg\" data-rel=\"lightbox\" class=\"lightboxhover\"><div class=\"kt-intrinsic\" style=\"padding-bottom:68.852459016393%;\"><div itemprop=\"image\" itemscope itemtype=\"https:\/\/schema.org\/ImageObject\"><img loading=\"lazy\" decoding=\"async\" width=\"366\" height=\"252\" src=\"https:\/\/nmcontemporaneo.com\/wp-content\/uploads\/2012\/09\/espectacular_9-366x252.jpg\" srcset=\"https:\/\/nmcontemporaneo.com\/wp-content\/uploads\/2012\/09\/espectacular_9-366x252.jpg 366w, https:\/\/nmcontemporaneo.com\/wp-content\/uploads\/2012\/09\/espectacular_9-300x207.jpg 300w, https:\/\/nmcontemporaneo.com\/wp-content\/uploads\/2012\/09\/espectacular_9-732x504.jpg 732w, https:\/\/nmcontemporaneo.com\/wp-content\/uploads\/2012\/09\/espectacular_9.jpg 900w\" sizes=\"auto, (max-width: 366px) 100vw, 366px\" data-caption=\"ESPECTACULAR 9. Resina acr\u00edlica, \u00f3leo, t\u00e9cnica serigr\u00e1fia, sobre madera, 50 x 75 cm.\" class=\"light-dropshaddow\" itemprop=\"contentUrl\" alt=\"\"><meta itemprop=\"url\" content=\"https:\/\/nmcontemporaneo.com\/wp-content\/uploads\/2012\/09\/espectacular_9-366x252.jpg\"><meta itemprop=\"width\" content=\"366px\"><meta itemprop=\"height\" content=\"252px\"><\/div><\/div><div class=\"caption kad_caption\"><div class=\"kad_caption_inner\">ESPECTACULAR 9. Resina acr\u00edlica, \u00f3leo, t\u00e9cnica serigr\u00e1fia, sobre madera, 50 x 75 cm.<\/div><\/div><\/a><\/div><\/div><div class=\"tcol-lg-4 tcol-md-4 tcol-sm-4 tcol-xs-6 tcol-ss-12 g_item\"><div class=\"grid_item kt_item_fade_in kad_gallery_fade_in gallery_item\"><a href=\"https:\/\/nmcontemporaneo.com\/wp-content\/uploads\/2012\/09\/EspectacularBarroco.jpg\" data-rel=\"lightbox\" class=\"lightboxhover\"><div class=\"kt-intrinsic\" style=\"padding-bottom:80.054644808743%;\"><div itemprop=\"image\" itemscope itemtype=\"https:\/\/schema.org\/ImageObject\"><img loading=\"lazy\" decoding=\"async\" width=\"366\" height=\"293\" src=\"https:\/\/nmcontemporaneo.com\/wp-content\/uploads\/2012\/09\/EspectacularBarroco-366x293.jpg\" srcset=\"https:\/\/nmcontemporaneo.com\/wp-content\/uploads\/2012\/09\/EspectacularBarroco-366x293.jpg 366w, https:\/\/nmcontemporaneo.com\/wp-content\/uploads\/2012\/09\/EspectacularBarroco-300x240.jpg 300w, https:\/\/nmcontemporaneo.com\/wp-content\/uploads\/2012\/09\/EspectacularBarroco-1024x819.jpg 1024w, https:\/\/nmcontemporaneo.com\/wp-content\/uploads\/2012\/09\/EspectacularBarroco-732x586.jpg 732w, https:\/\/nmcontemporaneo.com\/wp-content\/uploads\/2012\/09\/EspectacularBarroco.jpg 1050w\" sizes=\"auto, (max-width: 366px) 100vw, 366px\" data-caption=\"ESPECTACULAR BARROCO. Resina acr\u00edlica, \u00f3leo y serigraf\u00eda sobre madera, 40 x 60 cm, 2009.\" class=\"light-dropshaddow\" itemprop=\"contentUrl\" alt=\"\"><meta itemprop=\"url\" content=\"https:\/\/nmcontemporaneo.com\/wp-content\/uploads\/2012\/09\/EspectacularBarroco-366x293.jpg\"><meta itemprop=\"width\" content=\"366px\"><meta itemprop=\"height\" content=\"293px\"><\/div><\/div><div class=\"caption kad_caption\"><div class=\"kad_caption_inner\">ESPECTACULAR BARROCO. Resina acr\u00edlica, \u00f3leo y serigraf\u00eda sobre madera, 40 x 60 cm, 2009.<\/div><\/div><\/a><\/div><\/div><div class=\"tcol-lg-4 tcol-md-4 tcol-sm-4 tcol-xs-6 tcol-ss-12 g_item\"><div class=\"grid_item kt_item_fade_in kad_gallery_fade_in gallery_item\"><a href=\"https:\/\/nmcontemporaneo.com\/wp-content\/uploads\/2012\/09\/http5.jpg\" data-rel=\"lightbox\" class=\"lightboxhover\"><div class=\"kt-intrinsic\" style=\"padding-bottom:66.393442622951%;\"><div itemprop=\"image\" itemscope itemtype=\"https:\/\/schema.org\/ImageObject\"><img loading=\"lazy\" decoding=\"async\" width=\"366\" height=\"243\" src=\"https:\/\/nmcontemporaneo.com\/wp-content\/uploads\/2012\/09\/http5-366x243.jpg\" srcset=\"https:\/\/nmcontemporaneo.com\/wp-content\/uploads\/2012\/09\/http5-366x243.jpg 366w, https:\/\/nmcontemporaneo.com\/wp-content\/uploads\/2012\/09\/http5-300x199.jpg 300w, https:\/\/nmcontemporaneo.com\/wp-content\/uploads\/2012\/09\/http5-1024x681.jpg 1024w, https:\/\/nmcontemporaneo.com\/wp-content\/uploads\/2012\/09\/http5-272x182.jpg 272w, https:\/\/nmcontemporaneo.com\/wp-content\/uploads\/2012\/09\/http5-732x486.jpg 732w, https:\/\/nmcontemporaneo.com\/wp-content\/uploads\/2012\/09\/http5.jpg 1050w\" sizes=\"auto, (max-width: 366px) 100vw, 366px\" data-caption=\"HTTP:\/\/5. Resina acr\u00edlica, \u00f3leo y serigraf\u00eda sobre madera, 40 x 60 cm, 2009.\" class=\"light-dropshaddow\" itemprop=\"contentUrl\" alt=\"\"><meta itemprop=\"url\" content=\"https:\/\/nmcontemporaneo.com\/wp-content\/uploads\/2012\/09\/http5-366x243.jpg\"><meta itemprop=\"width\" content=\"366px\"><meta itemprop=\"height\" content=\"243px\"><\/div><\/div><div class=\"caption kad_caption\"><div class=\"kad_caption_inner\">HTTP:\/\/5. Resina acr\u00edlica, \u00f3leo y serigraf\u00eda sobre madera, 40 x 60 cm, 2009.<\/div><\/div><\/a><\/div><\/div><div class=\"tcol-lg-4 tcol-md-4 tcol-sm-4 tcol-xs-6 tcol-ss-12 g_item\"><div class=\"grid_item kt_item_fade_in kad_gallery_fade_in gallery_item\"><a href=\"https:\/\/nmcontemporaneo.com\/wp-content\/uploads\/2012\/09\/http7.jpg\" data-rel=\"lightbox\" class=\"lightboxhover\"><div class=\"kt-intrinsic\" style=\"padding-bottom:69.945355191257%;\"><div itemprop=\"image\" itemscope itemtype=\"https:\/\/schema.org\/ImageObject\"><img loading=\"lazy\" decoding=\"async\" width=\"366\" height=\"256\" src=\"https:\/\/nmcontemporaneo.com\/wp-content\/uploads\/2012\/09\/http7-366x256.jpg\" srcset=\"https:\/\/nmcontemporaneo.com\/wp-content\/uploads\/2012\/09\/http7-366x256.jpg 366w, https:\/\/nmcontemporaneo.com\/wp-content\/uploads\/2012\/09\/http7-300x210.jpg 300w, https:\/\/nmcontemporaneo.com\/wp-content\/uploads\/2012\/09\/http7-1024x716.jpg 1024w, https:\/\/nmcontemporaneo.com\/wp-content\/uploads\/2012\/09\/http7-732x512.jpg 732w, https:\/\/nmcontemporaneo.com\/wp-content\/uploads\/2012\/09\/http7.jpg 1050w\" sizes=\"auto, (max-width: 366px) 100vw, 366px\" data-caption=\"HTTP:\/\/7. Resina acr\u00edlica, \u00f3leo y serigraf\u00eda, 50 x 75 cm, 2013.\" class=\"light-dropshaddow\" itemprop=\"contentUrl\" alt=\"\"><meta itemprop=\"url\" content=\"https:\/\/nmcontemporaneo.com\/wp-content\/uploads\/2012\/09\/http7-366x256.jpg\"><meta itemprop=\"width\" content=\"366px\"><meta itemprop=\"height\" content=\"256px\"><\/div><\/div><div class=\"caption kad_caption\"><div class=\"kad_caption_inner\">HTTP:\/\/7. Resina acr\u00edlica, \u00f3leo y serigraf\u00eda, 50 x 75 cm, 2013.<\/div><\/div><\/a><\/div><\/div><\/div>\n<p style=\"text-align: justify;\">Cecilia Barreto (M\u00e9xico, DF 1985) actualmente vive y trabaja en la ciudad de M\u00e9xico, curs\u00f3 los estudios de Licenciatura en Artes Visuales, en la ENAP, form\u00f3 parte del Taller Interdisciplinario &#8220;La colmena&#8221;, bajo las tutor\u00edas de Luis Argud\u00edn, Jos\u00e9 Miguel Gonz\u00e1lez Casanova, Francisco Castro Le\u00f1ero, Eloy Tarcisio, Carlos Mier y Ter\u00e1n. Fue bercaria en el Programa &#8220;J\u00f3venes Creadores&#8221;, Fondo Nacional para la Cultura y las Artes, en la categor\u00eda de Pintura.<\/p>\n\n<div class=\"sp-wrap sp-wrap-default\">\n<div class=\"sp-head\" title=\"Expandir\">\nCurr\u00edculum Vitae\n<\/div>\n<div class=\"sp-body folded\">\n<p><strong>CECILIA BARRETO<\/strong><\/p>\n<p><strong>FORMACI\u00d3N PROFESIONAL<\/strong><br \/>\n<strong>2008<\/strong> Licenciatura en Artes Visuales. Escuela Nacional de Artes Pl\u00e1sticas, UNAM<br \/>\n<strong>2008\u20132009<\/strong> Taller Interdisciplinario la &#8220;Colmena&#8221;, con la Tutor\u00eda a cargo de: Luis Argud\u00edn, Jos\u00e9 Miguel Gonz\u00e1lez Casanova, Francisco Castro Le\u00f1ero, Eloy Tarcisio, Carlos Mier y Ter\u00e1n, en donde se dirigen proyectos de producci\u00f3n<br \/>\n<strong>2005\u20132008<\/strong> Taller de Pintura: Maestro Ulises Garc\u00eda Ponce de Le\u00f3n, donde se investiga el proceso art\u00edstico, el papel de la revisi\u00f3n hist\u00f3rica y las interrogantes de la pintura que se establecen en el plano contempor\u00e1neo<\/p>\n<p><strong>EXPOSICI\u00d3NES INDIVIDUALES<\/strong><br \/>\n<strong>2012<\/strong> Exposici\u00f3n individual Diagrama de la interferencia Escuela Nacional de pintura, escultura y grabado &#8220;La esmeralda&#8221;, INSTITUTO NACIONAL DE BELLAS ARTES, Centro Nacional de las Artes. Av. Rio Churubusco 79 Col. Country Club. Coyoac\u00e1n, 04220 M\u00e9xico, D. F.<br \/>\n<strong>2012<\/strong> Exposici\u00f3n individual, &#8220;Visualidad Simult\u00e1nea&#8221; GALER\u00cdA JOS\u00c9 MAR\u00cdA VELASCO, INSTITUTO NACIONAL DE BELLAS ARTES Peralvillo 55, Colonia Morelos, Delegaci\u00f3n Cuauht\u00e9moc, C.P. 06200<\/p>\n<p><strong>EXPOSICI\u00d3NES COLECTIVAS<\/strong><br \/>\n<strong>2012<\/strong> Galer\u00eda CC186 ZEITGEIST El esp\u00edritu del tiempo de cultura colectiva, M\u00e9xico. D.F.<br \/>\n<strong>2012<\/strong> Primer Concurso de Nuevas Manifestaciones Art\u00edsticas, NM Contempor\u00e1neo Galer\u00eda de Arte, M\u00e9xico, D.F.<br \/>\n<strong>2012<\/strong> LOS 11, Centro Cultural Carranza, L\u00e1zaro P\u00e1via s\/n, Colonia Jard\u00edn Balbuena, C.P. 15900, metro Fray Servando, M\u00e9xico, D.F.<br \/>\n<strong>2012<\/strong> 00| RE.COLECTOR* [Muestra de Arte Contempor\u00e1neo.2012], TheGoldenProjects*, Presentaci\u00f3n De Artistas Emergentes<br \/>\n<strong>2012<\/strong> INAUGURACI\u00d3N de la exposici\u00f3n GANADORES DE LA 8va. BIENAL NACIONAL DE PINTURA Y GRABADO ALFREDO ZALCE, CENTRO REGIONAL DE LAS ARTES DE MICHOAC\u00c1N<br \/>\n<strong>2012<\/strong> &#8220;TERCER GRAN SAL\u00d3N CONTEMPOR\u00c1NEO&#8221;, Aldaco y Vizca\u00ednas. Puerta 3. Colegio de Las Vizca\u00ednas. Ciudad de M\u00e9xico, Mexico<br \/>\n<strong>2012<\/strong> &#8220;BYOB&#8221; M\u00e9xico edici\u00f3n #02 [ Bring Your Own Beamer ], Pasag\u00fcero, Motolinia 33, Centro Hist\u00f3rico, M\u00e9xico, D.F.<br \/>\n<strong>2012<\/strong> &#8220;V Paralelas Contempor\u00e1neas&#8221;, Galer\u00eda Oscar Rom\u00e1n, Julio Verne #14, Chapultepec Polanco, 11560 Mexico, D.F.<br \/>\n<strong>2011<\/strong> &#8220;8\u00aa Bienal Nacional de Pintura y Grabado Alfredo Zalce&#8221;, Av. Acueducto 18, Centro &#8211; Morelia, Michoac\u00e1n, M\u00e9xico<br \/>\n<strong>2011<\/strong> &#8220;Re Cover&#8221;, Casa del Lago, Antiguo Bosque de Chapultepec 1a secci\u00f3n, CP: 11850, M\u00e9xico D.F.<br \/>\n<strong>2011<\/strong> &#8220;Mujeres ganadoras del I y II Concurso Caminos de la Libertad para J\u00f3venes&#8221;, Sistema de Transporte Colectivo Metro, en la estaci\u00f3n Tacubaya, L\u00ednea 1, color rosa, M\u00e9xico, D.F.<br \/>\n<strong>2011<\/strong> &#8220;Creaci\u00f3n en movimiento&#8221;, J\u00f3venes Creadores, generaci\u00f3n 2009\u20132010, primer y segundo periodos, Museo Diego Rivera<br \/>\nAnahuacalli, M\u00e9xico, D.F.<br \/>\n<strong>2011<\/strong> &#8220;Contranatura&#8221;, Art 4 Fauna, Entrada B al estadio No.5 Colonia Santa Ursula, M\u00e9xico, D.F.<br \/>\n<strong>2010<\/strong> &#8220;Paralelo al otro&#8221;, Museo de Historia de Tlalpan. M\u00e9xico, D.F.<br \/>\n<strong>2010<\/strong> &#8220;A cien a\u00f1os de la UNAM una visi\u00f3n contempor\u00e1nea&#8221;, MUCA de Ciudad Universitaria, M\u00e9xico, D.F.<br \/>\n<strong>2010<\/strong> &#8220;Creaci\u00f3n en movimiento, J\u00f3venes Creadores, primer peri\u00f3do.&#8221; Casa de Cultura de Morelia Ex Convento del Carmen, Michoac\u00e1n, M\u00e9xico<br \/>\n<strong>2010<\/strong> &#8220;II Bienal Nacional de Pintura Pedro Coronel&#8221;, Ex Templo de San Agust\u00edn, Zacatecas, Zacatecas, M\u00e9xico<br \/>\n<strong>2010<\/strong> &#8220;Ambigramas&#8221; N\u00facleo ISSSTEZAC de Cultura, Calzada de los Deportes No. 119 Colonia Francisco de los Herrera, Zacatecas, Zacatecas, M\u00e9xico<br \/>\n<strong>2010<\/strong> &#8220;Cinco con todo&#8221; T.A.C.O Talleres de Arte Contempor\u00e1neo, M\u00e9xico, D.F.<br \/>\n<strong>2009<\/strong> &#8220;IV Festival Culto Joven&#8221;, Circo Volador. M\u00e9xico , D.F.<br \/>\n<strong>2009<\/strong> &#8220;Primer Gran Sal\u00f3n Contempor\u00e1neo&#8221; LA TRAMPA, Colegio de las Vizca\u00ednas Aldaco, Puerta 3, Colonia Centro Hist\u00f3rico, M\u00e9xico, D.F.<br \/>\n<strong>2008<\/strong> &#8220;Radiograf\u00edas de la Radio&#8221;, Centro Cultural de Espa\u00f1a, M\u00e9xico, D.F.<br \/>\n<strong>2008<\/strong> &#8220;MiniGraf\u00edas&#8221;, Miniprint, Galer\u00eda &#8220;LaFuente&#8221;, CentroCultural OllinYolliztli, M\u00e9xico, D.F.<br \/>\n<strong>2008<\/strong> &#8220;Mini print&#8221;, Academia de San Carlos, M\u00e9xico, D.F.<\/p>\n<p><strong>RECONOCIMIENTOS<\/strong><br \/>\n<strong>2013<\/strong> Selecci\u00f3n en la cr\u00edtica de portafolios del MUAC<br \/>\n<strong>2013<\/strong> Beca Adidas-Border, programa de est\u00edmulos para artistas emergentes, M\u00e9xico<br \/>\n<strong>2013<\/strong> Selecci\u00f3n para la 3ra. edici\u00f3n de Art Room Talent, plataforma de artistas emergentes<br \/>\n<strong>2011<\/strong> Menci\u00f3n Honor\u00edfica en la 8a Bienal Nacional de Pintura y Grabado Alfredo Zalce, Michoac\u00e1n M\u00e9xico<br \/>\n<strong>2010<\/strong> Tercer Lugar en el concurso &#8220;Caminos a la libertad&#8221;, en la categor\u00eda de pl\u00e1stica 2010 Selecci\u00f3n en la II Bienal de Pintura, &#8220;Pedro Coronel&#8221;<br \/>\n<strong>2009<\/strong> &#8220;Becario del programa J\u00f3venes Creadores del Fondo Nacional para la Cultura y las Artes&#8221; FONCA, en la categor\u00eda de Pintura<br \/>\n<strong>2009<\/strong> Segundo Lugar en la categor\u00eda de Pintura, &#8220;IV Festival Culto Joven&#8221;, Circo Volador 2008 Menci\u00f3n Honor\u00edfica, en el concurso &#8220;Radiograf\u00edas de la Radio&#8221;, IMER<\/p>\n<div class=\"spdiv\">[plegar]<\/div>\n<\/div>\n<\/div>\n\n","protected":false},"excerpt":{"rendered":"<p>&lt;&lt; Ant. | Artistas | Sig. &gt;&gt; Cecilia Barreto (M\u00e9xico, DF 1985) actualmente vive y trabaja en la ciudad de M\u00e9xico, curs\u00f3 los estudios de Licenciatura en Artes Visuales, en la ENAP, form\u00f3 parte del Taller Interdisciplinario &#8220;La colmena&#8221;, bajo &hellip; <a class=\"kt-excerpt-readmore\" href=\"https:\/\/nmcontemporaneo.com\/es\/catalogo\/arte-emergente\/cecilia-barreto\/\" aria-label=\"Cecilia Barreto\">Read More<\/a><\/p>\n","protected":false},"author":25,"featured_media":0,"parent":596,"menu_order":0,"comment_status":"closed","ping_status":"closed","template":"page-fullwidth.php","meta":{"kt_blocks_editor_width":"","footnotes":""},"class_list":["post-9281","page","type-page","status-publish","hentry"],"_links":{"self":[{"href":"https:\/\/nmcontemporaneo.com\/es\/wp-json\/wp\/v2\/pages\/9281","targetHints":{"allow":["GET"]}}],"collection":[{"href":"https:\/\/nmcontemporaneo.com\/es\/wp-json\/wp\/v2\/pages"}],"about":[{"href":"https:\/\/nmcontemporaneo.com\/es\/wp-json\/wp\/v2\/types\/page"}],"author":[{"embeddable":true,"href":"https:\/\/nmcontemporaneo.com\/es\/wp-json\/wp\/v2\/users\/25"}],"replies":[{"embeddable":true,"href":"https:\/\/nmcontemporaneo.com\/es\/wp-json\/wp\/v2\/comments?post=9281"}],"version-history":[{"count":3,"href":"https:\/\/nmcontemporaneo.com\/es\/wp-json\/wp\/v2\/pages\/9281\/revisions"}],"predecessor-version":[{"id":14252,"href":"https:\/\/nmcontemporaneo.com\/es\/wp-json\/wp\/v2\/pages\/9281\/revisions\/14252"}],"up":[{"embeddable":true,"href":"https:\/\/nmcontemporaneo.com\/es\/wp-json\/wp\/v2\/pages\/596"}],"wp:attachment":[{"href":"https:\/\/nmcontemporaneo.com\/es\/wp-json\/wp\/v2\/media?parent=9281"}],"curies":[{"name":"wp","href":"https:\/\/api.w.org\/{rel}","templated":true}]}}