{"id":9285,"date":"2022-09-12T20:57:24","date_gmt":"2022-09-13T02:57:24","guid":{"rendered":"http:\/\/nmcontemporaneo.com\/?page_id=9285"},"modified":"2025-06-20T21:29:07","modified_gmt":"2025-06-21T03:29:07","slug":"david-sanchez","status":"publish","type":"page","link":"https:\/\/nmcontemporaneo.com\/es\/catalogo\/arte-emergente\/david-sanchez\/","title":{"rendered":"David S\u00e1nchez"},"content":{"rendered":"<p style=\"text-align: center;\"><a href=\"..\/agustin-santoyo\/\">&lt;&lt; Ant.<\/a> | <a href=\"\/catalogo\/todos-los-artistas\/\">Artistas<\/a> | <a href=\"..\/pamela-zubillaga\/\">Sig. &gt;&gt;<\/a><\/p>\n<div id=\"kad-wp-gallery325\" class=\"kad-wp-gallery gallery kt-gallery-column-3 init-isotope-intrinsic reinit-isotope kad-light-wp-gallery clearfix rowtight\" data-fade-in=\"1\" data-iso-selector=\".g_item\" data-iso-style=\"masonry\" data-iso-filter=\"false\"><div class=\"tcol-lg-4 tcol-md-4 tcol-sm-4 tcol-xs-6 tcol-ss-12 g_item\"><div class=\"grid_item kt_item_fade_in kad_gallery_fade_in gallery_item\"><a href=\"https:\/\/nmcontemporaneo.com\/wp-content\/uploads\/2025\/02\/David-Sanchez-MELANCOLIA.jpg\" data-rel=\"lightbox\" class=\"lightboxhover\"><div class=\"kt-intrinsic\" style=\"padding-bottom:156.55737704918%;\"><div itemprop=\"image\" itemscope itemtype=\"https:\/\/schema.org\/ImageObject\"><img loading=\"lazy\" decoding=\"async\" width=\"366\" height=\"573\" src=\"https:\/\/nmcontemporaneo.com\/wp-content\/uploads\/2025\/02\/David-Sanchez-MELANCOLIA-366x573.jpg\" srcset=\"https:\/\/nmcontemporaneo.com\/wp-content\/uploads\/2025\/02\/David-Sanchez-MELANCOLIA-366x573.jpg 366w, https:\/\/nmcontemporaneo.com\/wp-content\/uploads\/2025\/02\/David-Sanchez-MELANCOLIA-191x300.jpg 191w, https:\/\/nmcontemporaneo.com\/wp-content\/uploads\/2025\/02\/David-Sanchez-MELANCOLIA.jpg 390w\" sizes=\"auto, (max-width: 366px) 100vw, 366px\" data-caption=\"MELANCOL\u00cdA,\nGr\u00e1fica digital, 57.5 x 37.5 cm\n2012\" class=\"light-dropshaddow\" itemprop=\"contentUrl\" alt=\"\"><meta itemprop=\"url\" content=\"https:\/\/nmcontemporaneo.com\/wp-content\/uploads\/2025\/02\/David-Sanchez-MELANCOLIA-366x573.jpg\"><meta itemprop=\"width\" content=\"366px\"><meta itemprop=\"height\" content=\"573px\"><\/div><\/div><div class=\"caption kad_caption\"><div class=\"kad_caption_inner\">MELANCOL\u00cdA,\nGr\u00e1fica digital, 57.5 x 37.5 cm\n2012<\/div><\/div><\/a><\/div><\/div><div class=\"tcol-lg-4 tcol-md-4 tcol-sm-4 tcol-xs-6 tcol-ss-12 g_item\"><div class=\"grid_item kt_item_fade_in kad_gallery_fade_in gallery_item\"><a href=\"https:\/\/nmcontemporaneo.com\/wp-content\/uploads\/2025\/02\/David-Sanchez-Nada.jpg\" data-rel=\"lightbox\" class=\"lightboxhover\"><div class=\"kt-intrinsic\" style=\"padding-bottom:158.19672131148%;\"><div itemprop=\"image\" itemscope itemtype=\"https:\/\/schema.org\/ImageObject\"><img loading=\"lazy\" decoding=\"async\" width=\"366\" height=\"579\" src=\"https:\/\/nmcontemporaneo.com\/wp-content\/uploads\/2025\/02\/David-Sanchez-Nada-366x579.jpg\" srcset=\"https:\/\/nmcontemporaneo.com\/wp-content\/uploads\/2025\/02\/David-Sanchez-Nada-366x579.jpg 366w, https:\/\/nmcontemporaneo.com\/wp-content\/uploads\/2025\/02\/David-Sanchez-Nada-190x300.jpg 190w, https:\/\/nmcontemporaneo.com\/wp-content\/uploads\/2025\/02\/David-Sanchez-Nada.jpg 385w\" sizes=\"auto, (max-width: 366px) 100vw, 366px\" data-caption=\"NADA,\nGr\u00e1fica digital, 57.5 x 37.5cm 2012\" class=\"light-dropshaddow\" itemprop=\"contentUrl\" alt=\"\"><meta itemprop=\"url\" content=\"https:\/\/nmcontemporaneo.com\/wp-content\/uploads\/2025\/02\/David-Sanchez-Nada-366x579.jpg\"><meta itemprop=\"width\" content=\"366px\"><meta itemprop=\"height\" content=\"579px\"><\/div><\/div><div class=\"caption kad_caption\"><div class=\"kad_caption_inner\">NADA,\nGr\u00e1fica digital, 57.5 x 37.5cm 2012<\/div><\/div><\/a><\/div><\/div><div class=\"tcol-lg-4 tcol-md-4 tcol-sm-4 tcol-xs-6 tcol-ss-12 g_item\"><div class=\"grid_item kt_item_fade_in kad_gallery_fade_in gallery_item\"><a href=\"https:\/\/nmcontemporaneo.com\/wp-content\/uploads\/2025\/02\/David-Sanchez-MIEDO-A-MORIR.jpg\" data-rel=\"lightbox\" class=\"lightboxhover\"><div class=\"kt-intrinsic\" style=\"padding-bottom:156.01092896175%;\"><div itemprop=\"image\" itemscope itemtype=\"https:\/\/schema.org\/ImageObject\"><img loading=\"lazy\" decoding=\"async\" width=\"366\" height=\"571\" src=\"https:\/\/nmcontemporaneo.com\/wp-content\/uploads\/2025\/02\/David-Sanchez-MIEDO-A-MORIR-366x571.jpg\" srcset=\"https:\/\/nmcontemporaneo.com\/wp-content\/uploads\/2025\/02\/David-Sanchez-MIEDO-A-MORIR-366x571.jpg 366w, https:\/\/nmcontemporaneo.com\/wp-content\/uploads\/2025\/02\/David-Sanchez-MIEDO-A-MORIR-192x300.jpg 192w, https:\/\/nmcontemporaneo.com\/wp-content\/uploads\/2025\/02\/David-Sanchez-MIEDO-A-MORIR.jpg 398w\" sizes=\"auto, (max-width: 366px) 100vw, 366px\" data-caption=\"MIEDO A MORIR,\nGr\u00e1fica Digital,\n36 x 27 cm,\nEdici\u00f3n 1 de 3. 2012\" class=\"light-dropshaddow\" itemprop=\"contentUrl\" alt=\"\"><meta itemprop=\"url\" content=\"https:\/\/nmcontemporaneo.com\/wp-content\/uploads\/2025\/02\/David-Sanchez-MIEDO-A-MORIR-366x571.jpg\"><meta itemprop=\"width\" content=\"366px\"><meta itemprop=\"height\" content=\"571px\"><\/div><\/div><div class=\"caption kad_caption\"><div class=\"kad_caption_inner\">MIEDO A MORIR,\nGr\u00e1fica Digital,\n36 x 27 cm,\nEdici\u00f3n 1 de 3. 2012<\/div><\/div><\/a><\/div><\/div><div class=\"tcol-lg-4 tcol-md-4 tcol-sm-4 tcol-xs-6 tcol-ss-12 g_item\"><div class=\"grid_item kt_item_fade_in kad_gallery_fade_in gallery_item\"><a href=\"https:\/\/nmcontemporaneo.com\/wp-content\/uploads\/2025\/02\/David-Sanchez-MALOS-RECUERDOS.jpg\" data-rel=\"lightbox\" class=\"lightboxhover\"><div class=\"kt-intrinsic\" style=\"padding-bottom:156.28415300546%;\"><div itemprop=\"image\" itemscope itemtype=\"https:\/\/schema.org\/ImageObject\"><img loading=\"lazy\" decoding=\"async\" width=\"366\" height=\"572\" src=\"https:\/\/nmcontemporaneo.com\/wp-content\/uploads\/2025\/02\/David-Sanchez-MALOS-RECUERDOS-366x572.jpg\" srcset=\"https:\/\/nmcontemporaneo.com\/wp-content\/uploads\/2025\/02\/David-Sanchez-MALOS-RECUERDOS-366x572.jpg 366w, https:\/\/nmcontemporaneo.com\/wp-content\/uploads\/2025\/02\/David-Sanchez-MALOS-RECUERDOS-192x300.jpg 192w, https:\/\/nmcontemporaneo.com\/wp-content\/uploads\/2025\/02\/David-Sanchez-MALOS-RECUERDOS.jpg 401w\" sizes=\"auto, (max-width: 366px) 100vw, 366px\" data-caption=\"MALOS RECUERDOS,\nGr\u00e1fica Digital,\n57.5 x 37.5 cm, Edici\u00f3n 1 de 3. 2012\" class=\"light-dropshaddow\" itemprop=\"contentUrl\" alt=\"\"><meta itemprop=\"url\" content=\"https:\/\/nmcontemporaneo.com\/wp-content\/uploads\/2025\/02\/David-Sanchez-MALOS-RECUERDOS-366x572.jpg\"><meta itemprop=\"width\" content=\"366px\"><meta itemprop=\"height\" content=\"572px\"><\/div><\/div><div class=\"caption kad_caption\"><div class=\"kad_caption_inner\">MALOS RECUERDOS,\nGr\u00e1fica Digital,\n57.5 x 37.5 cm, Edici\u00f3n 1 de 3. 2012<\/div><\/div><\/a><\/div><\/div><div class=\"tcol-lg-4 tcol-md-4 tcol-sm-4 tcol-xs-6 tcol-ss-12 g_item\"><div class=\"grid_item kt_item_fade_in kad_gallery_fade_in gallery_item\"><a href=\"https:\/\/nmcontemporaneo.com\/wp-content\/uploads\/2025\/02\/David-Sanchez-ALERGIA.jpg\" data-rel=\"lightbox\" class=\"lightboxhover\"><div class=\"kt-intrinsic\" style=\"padding-bottom:154.37158469945%;\"><div itemprop=\"image\" itemscope itemtype=\"https:\/\/schema.org\/ImageObject\"><img loading=\"lazy\" decoding=\"async\" width=\"366\" height=\"565\" src=\"https:\/\/nmcontemporaneo.com\/wp-content\/uploads\/2025\/02\/David-Sanchez-ALERGIA-366x565.jpg\" srcset=\"https:\/\/nmcontemporaneo.com\/wp-content\/uploads\/2025\/02\/David-Sanchez-ALERGIA-366x565.jpg 366w, https:\/\/nmcontemporaneo.com\/wp-content\/uploads\/2025\/02\/David-Sanchez-ALERGIA-195x300.jpg 195w, https:\/\/nmcontemporaneo.com\/wp-content\/uploads\/2025\/02\/David-Sanchez-ALERGIA.jpg 413w\" sizes=\"auto, (max-width: 366px) 100vw, 366px\" data-caption=\"ALERGIA,\nGr\u00e1fica Digital,\n36 x 27 cm,\nEdici\u00f3n 1 de 3. 2012\" class=\"light-dropshaddow\" itemprop=\"contentUrl\" alt=\"\"><meta itemprop=\"url\" content=\"https:\/\/nmcontemporaneo.com\/wp-content\/uploads\/2025\/02\/David-Sanchez-ALERGIA-366x565.jpg\"><meta itemprop=\"width\" content=\"366px\"><meta itemprop=\"height\" content=\"565px\"><\/div><\/div><div class=\"caption kad_caption\"><div class=\"kad_caption_inner\">ALERGIA,\nGr\u00e1fica Digital,\n36 x 27 cm,\nEdici\u00f3n 1 de 3. 2012<\/div><\/div><\/a><\/div><\/div><div class=\"tcol-lg-4 tcol-md-4 tcol-sm-4 tcol-xs-6 tcol-ss-12 g_item\"><div class=\"grid_item kt_item_fade_in kad_gallery_fade_in gallery_item\"><a href=\"https:\/\/nmcontemporaneo.com\/wp-content\/uploads\/2025\/02\/David-Sanchez-MADONA-II.jpg\" data-rel=\"lightbox\" class=\"lightboxhover\"><div class=\"kt-intrinsic\" style=\"padding-bottom:154.09836065574%;\"><div itemprop=\"image\" itemscope itemtype=\"https:\/\/schema.org\/ImageObject\"><img loading=\"lazy\" decoding=\"async\" width=\"366\" height=\"564\" src=\"https:\/\/nmcontemporaneo.com\/wp-content\/uploads\/2025\/02\/David-Sanchez-MADONA-II-366x564.jpg\" srcset=\"https:\/\/nmcontemporaneo.com\/wp-content\/uploads\/2025\/02\/David-Sanchez-MADONA-II-366x564.jpg 366w, https:\/\/nmcontemporaneo.com\/wp-content\/uploads\/2025\/02\/David-Sanchez-MADONA-II-195x300.jpg 195w, https:\/\/nmcontemporaneo.com\/wp-content\/uploads\/2025\/02\/David-Sanchez-MADONA-II.jpg 374w\" sizes=\"auto, (max-width: 366px) 100vw, 366px\" data-caption=\"MADONA II,\nGr\u00e1fica Digital(2), 52.5 x 37.5\nEdici\u00f3n 1 de 3\" class=\"light-dropshaddow\" itemprop=\"contentUrl\" alt=\"\"><meta itemprop=\"url\" content=\"https:\/\/nmcontemporaneo.com\/wp-content\/uploads\/2025\/02\/David-Sanchez-MADONA-II-366x564.jpg\"><meta itemprop=\"width\" content=\"366px\"><meta itemprop=\"height\" content=\"564px\"><\/div><\/div><div class=\"caption kad_caption\"><div class=\"kad_caption_inner\">MADONA II,\nGr\u00e1fica Digital(2), 52.5 x 37.5\nEdici\u00f3n 1 de 3<\/div><\/div><\/a><\/div><\/div><div class=\"tcol-lg-4 tcol-md-4 tcol-sm-4 tcol-xs-6 tcol-ss-12 g_item\"><div class=\"grid_item kt_item_fade_in kad_gallery_fade_in gallery_item\"><a href=\"https:\/\/nmcontemporaneo.com\/wp-content\/uploads\/2025\/02\/David-Sanchez-MIRADA.jpg\" data-rel=\"lightbox\" class=\"lightboxhover\"><div class=\"kt-intrinsic\" style=\"padding-bottom:137.15846994536%;\"><div itemprop=\"image\" itemscope itemtype=\"https:\/\/schema.org\/ImageObject\"><img loading=\"lazy\" decoding=\"async\" width=\"366\" height=\"502\" src=\"https:\/\/nmcontemporaneo.com\/wp-content\/uploads\/2025\/02\/David-Sanchez-MIRADA-366x502.jpg\" srcset=\"https:\/\/nmcontemporaneo.com\/wp-content\/uploads\/2025\/02\/David-Sanchez-MIRADA-366x502.jpg 366w, https:\/\/nmcontemporaneo.com\/wp-content\/uploads\/2025\/02\/David-Sanchez-MIRADA-219x300.jpg 219w, https:\/\/nmcontemporaneo.com\/wp-content\/uploads\/2025\/02\/David-Sanchez-MIRADA.jpg 425w\" sizes=\"auto, (max-width: 366px) 100vw, 366px\" data-caption=\"MIRADA,\nGr\u00e1fica Digital, 42.5 X 32.5 cm,\n2016\" class=\"light-dropshaddow\" itemprop=\"contentUrl\" alt=\"\"><meta itemprop=\"url\" content=\"https:\/\/nmcontemporaneo.com\/wp-content\/uploads\/2025\/02\/David-Sanchez-MIRADA-366x502.jpg\"><meta itemprop=\"width\" content=\"366px\"><meta itemprop=\"height\" content=\"502px\"><\/div><\/div><div class=\"caption kad_caption\"><div class=\"kad_caption_inner\">MIRADA,\nGr\u00e1fica Digital, 42.5 X 32.5 cm,\n2016<\/div><\/div><\/a><\/div><\/div><div class=\"tcol-lg-4 tcol-md-4 tcol-sm-4 tcol-xs-6 tcol-ss-12 g_item\"><div class=\"grid_item kt_item_fade_in kad_gallery_fade_in gallery_item\"><a href=\"https:\/\/nmcontemporaneo.com\/wp-content\/uploads\/2025\/02\/David-Sanchez-VERTIGO.jpg\" data-rel=\"lightbox\" class=\"lightboxhover\"><div class=\"kt-intrinsic\" style=\"padding-bottom:156.28415300546%;\"><div itemprop=\"image\" itemscope itemtype=\"https:\/\/schema.org\/ImageObject\"><img loading=\"lazy\" decoding=\"async\" width=\"366\" height=\"572\" src=\"https:\/\/nmcontemporaneo.com\/wp-content\/uploads\/2025\/02\/David-Sanchez-VERTIGO-366x572.jpg\" srcset=\"https:\/\/nmcontemporaneo.com\/wp-content\/uploads\/2025\/02\/David-Sanchez-VERTIGO-366x572.jpg 366w, https:\/\/nmcontemporaneo.com\/wp-content\/uploads\/2025\/02\/David-Sanchez-VERTIGO-192x300.jpg 192w, https:\/\/nmcontemporaneo.com\/wp-content\/uploads\/2025\/02\/David-Sanchez-VERTIGO.jpg 402w\" sizes=\"auto, (max-width: 366px) 100vw, 366px\" data-caption=\"VERTIGO,\nGr\u00e1fica Digita, 52 x 37.5 cm,\n2012\" class=\"light-dropshaddow\" itemprop=\"contentUrl\" alt=\"\"><meta itemprop=\"url\" content=\"https:\/\/nmcontemporaneo.com\/wp-content\/uploads\/2025\/02\/David-Sanchez-VERTIGO-366x572.jpg\"><meta itemprop=\"width\" content=\"366px\"><meta itemprop=\"height\" content=\"572px\"><\/div><\/div><div class=\"caption kad_caption\"><div class=\"kad_caption_inner\">VERTIGO,\nGr\u00e1fica Digita, 52 x 37.5 cm,\n2012<\/div><\/div><\/a><\/div><\/div><div class=\"tcol-lg-4 tcol-md-4 tcol-sm-4 tcol-xs-6 tcol-ss-12 g_item\"><div class=\"grid_item kt_item_fade_in kad_gallery_fade_in gallery_item\"><a href=\"https:\/\/nmcontemporaneo.com\/wp-content\/uploads\/2025\/02\/David-Sanchez-La-luna-2016.jpg\" data-rel=\"lightbox\" class=\"lightboxhover\"><div class=\"kt-intrinsic\" style=\"padding-bottom:142.34972677596%;\"><div itemprop=\"image\" itemscope itemtype=\"https:\/\/schema.org\/ImageObject\"><img loading=\"lazy\" decoding=\"async\" width=\"366\" height=\"521\" src=\"https:\/\/nmcontemporaneo.com\/wp-content\/uploads\/2025\/02\/David-Sanchez-La-luna-2016-366x521.jpg\" srcset=\"https:\/\/nmcontemporaneo.com\/wp-content\/uploads\/2025\/02\/David-Sanchez-La-luna-2016-366x521.jpg 366w, https:\/\/nmcontemporaneo.com\/wp-content\/uploads\/2025\/02\/David-Sanchez-La-luna-2016-211x300.jpg 211w, https:\/\/nmcontemporaneo.com\/wp-content\/uploads\/2025\/02\/David-Sanchez-La-luna-2016.jpg 399w\" sizes=\"auto, (max-width: 366px) 100vw, 366px\" data-caption=\"La luna, 2016,\nGr\u00e1fica digital, 52 x 37.5 cm\" class=\"light-dropshaddow\" itemprop=\"contentUrl\" alt=\"\"><meta itemprop=\"url\" content=\"https:\/\/nmcontemporaneo.com\/wp-content\/uploads\/2025\/02\/David-Sanchez-La-luna-2016-366x521.jpg\"><meta itemprop=\"width\" content=\"366px\"><meta itemprop=\"height\" content=\"521px\"><\/div><\/div><div class=\"caption kad_caption\"><div class=\"kad_caption_inner\">La luna, 2016,\nGr\u00e1fica digital, 52 x 37.5 cm<\/div><\/div><\/a><\/div><\/div><div class=\"tcol-lg-4 tcol-md-4 tcol-sm-4 tcol-xs-6 tcol-ss-12 g_item\"><div class=\"grid_item kt_item_fade_in kad_gallery_fade_in gallery_item\"><a href=\"https:\/\/nmcontemporaneo.com\/wp-content\/uploads\/2025\/02\/David-Sanchez-La-luna.jpg\" data-rel=\"lightbox\" class=\"lightboxhover\"><div class=\"kt-intrinsic\" style=\"padding-bottom:254.27631578947%;\"><div itemprop=\"image\" itemscope itemtype=\"https:\/\/schema.org\/ImageObject\"><img loading=\"lazy\" decoding=\"async\" width=\"304\" height=\"773\" src=\"https:\/\/nmcontemporaneo.com\/wp-content\/uploads\/2025\/02\/David-Sanchez-La-luna.jpg\" srcset=\"https:\/\/nmcontemporaneo.com\/wp-content\/uploads\/2025\/02\/David-Sanchez-La-luna.jpg 304w, https:\/\/nmcontemporaneo.com\/wp-content\/uploads\/2025\/02\/David-Sanchez-La-luna-118x300.jpg 118w\" sizes=\"auto, (max-width: 304px) 100vw, 304px\" data-caption=\"La luna, 2016,\nGrafica Digital, 52 x 26.5 US$350\" class=\"light-dropshaddow\" itemprop=\"contentUrl\" alt=\"\"><meta itemprop=\"url\" content=\"https:\/\/nmcontemporaneo.com\/wp-content\/uploads\/2025\/02\/David-Sanchez-La-luna.jpg\"><meta itemprop=\"width\" content=\"304px\"><meta itemprop=\"height\" content=\"773px\"><\/div><\/div><div class=\"caption kad_caption\"><div class=\"kad_caption_inner\">La luna, 2016,\nGrafica Digital, 52 x 26.5 US$350<\/div><\/div><\/a><\/div><\/div><\/div>\n<p style=\"text-align: justify;\">David S\u00e1nchez, (Cuernavaca, Mor 1989). Artista visual, egresado del Centro Morelense de las artes, actualmente trabaja la gr\u00e1fica digital, el collage y ha experimentado ejercer diferentes t\u00e9cnicas en varios medios alternativos.<\/p>\n\n<div class=\"sp-wrap sp-wrap-default\">\n<div class=\"sp-head\" title=\"Expandir\">\nCurr\u00edculum Vitae\n<\/div>\n<div class=\"sp-body folded\">\n<p><strong>David S\u00e1nchez<\/strong><\/p>\n<p><strong>Estudios<\/strong><\/p>\n<p>2008 -13 Licenciatura en Artes Visuales, Centro Morelense de las Artes, Cuernavaca Mor.<br \/>\n2013 El espacio. Impartido por Miguel \u00c1ngel Madrigal, Tallera Siqueiros, Cuernavaca, Mor.<br \/>\n2013 La escultura como pretexto. Impartido por Miguel \u00c1ngel Madrigal, Tallera Siqueiros, Cuernavaca, Mor.<br \/>\n2012 Taller de cr\u00edtica. Impartido por Silvia Gruner, Centro Morelense de las Artes, Cuernavaca, Mor.<\/p>\n<p><strong>Exposiciones Colectivas<\/strong><\/p>\n<p>2013 No me arrepiento de nada, Museo de la ciudad, Cuernavaca, Mor.<br \/>\nPresentaci\u00f3n Abierta, La Tallera Siqueiros, Cuernavaca, Mor.<br \/>\nSelecci\u00f3n Exposici\u00f3n Itinerante, Arte Joven Aguascalientes.<br \/>\nAtra\u00eddo por las luces, Galer\u00eda Centro Morelense de las Artes, Cuernavaca, Mor.<br \/>\n2012 Un testimonio del presente, Galer\u00eda Centro Morelense de las Artes, Cuernavaca, Mor.<br \/>\nAffordable Art Fair, Expo Reforma Ave. Morelos 67 col. Juarez, M\u00e9xico, Df.<br \/>\nMercado de pretenciosidades, Galer\u00eda Centro Morelense de las Artes, Cuernavaca, Mor.<br \/>\nAs\u00ed es esto del abarrote, Museo de la ciudad, Cuernavaca, Mor.<br \/>\nPolicrom\u00eda, Instituto Liceo Escoffier, Cuernavaca, Mor.<br \/>\nVertientes, Galer\u00eda Arturo Estrada, Cuautla, Mor.<br \/>\n2011 Incursiones en el dibujo, Centro cultural de La Casona Spencer, Cuernavaca, Mor.<br \/>\n2010 Graficante, Restaurant Lounge Garden, Cuernavaca, Mor.<\/p>\n<p><strong>Premios y distinciones<\/strong><\/p>\n<p>2010 Menci\u00f3n honor\u00edfica &#8220;Concurso estatal de graffiti Diversificarte&#8221;, Cuernavaca, Mor.<\/p>\n<div class=\"spdiv\">[plegar]<\/div>\n<\/div>\n<\/div>\n\n","protected":false},"excerpt":{"rendered":"<p>&lt;&lt; Ant. | Artistas | Sig. &gt;&gt; David S\u00e1nchez, (Cuernavaca, Mor 1989). Artista visual, egresado del Centro Morelense de las artes, actualmente trabaja la gr\u00e1fica digital, el collage y ha experimentado ejercer diferentes t\u00e9cnicas en varios medios alternativos.<\/p>\n","protected":false},"author":25,"featured_media":0,"parent":596,"menu_order":0,"comment_status":"closed","ping_status":"closed","template":"page-fullwidth.php","meta":{"kt_blocks_editor_width":"","footnotes":""},"class_list":["post-9285","page","type-page","status-publish","hentry"],"_links":{"self":[{"href":"https:\/\/nmcontemporaneo.com\/es\/wp-json\/wp\/v2\/pages\/9285","targetHints":{"allow":["GET"]}}],"collection":[{"href":"https:\/\/nmcontemporaneo.com\/es\/wp-json\/wp\/v2\/pages"}],"about":[{"href":"https:\/\/nmcontemporaneo.com\/es\/wp-json\/wp\/v2\/types\/page"}],"author":[{"embeddable":true,"href":"https:\/\/nmcontemporaneo.com\/es\/wp-json\/wp\/v2\/users\/25"}],"replies":[{"embeddable":true,"href":"https:\/\/nmcontemporaneo.com\/es\/wp-json\/wp\/v2\/comments?post=9285"}],"version-history":[{"count":3,"href":"https:\/\/nmcontemporaneo.com\/es\/wp-json\/wp\/v2\/pages\/9285\/revisions"}],"predecessor-version":[{"id":14249,"href":"https:\/\/nmcontemporaneo.com\/es\/wp-json\/wp\/v2\/pages\/9285\/revisions\/14249"}],"up":[{"embeddable":true,"href":"https:\/\/nmcontemporaneo.com\/es\/wp-json\/wp\/v2\/pages\/596"}],"wp:attachment":[{"href":"https:\/\/nmcontemporaneo.com\/es\/wp-json\/wp\/v2\/media?parent=9285"}],"curies":[{"name":"wp","href":"https:\/\/api.w.org\/{rel}","templated":true}]}}