{"id":9294,"date":"2022-09-13T13:03:50","date_gmt":"2022-09-13T19:03:50","guid":{"rendered":"http:\/\/nmcontemporaneo.com\/?page_id=9294"},"modified":"2025-06-20T21:28:30","modified_gmt":"2025-06-21T03:28:30","slug":"minerva-ayon","status":"publish","type":"page","link":"https:\/\/nmcontemporaneo.com\/es\/catalogo\/arte-emergente\/minerva-ayon\/","title":{"rendered":"Minerva Ay\u00f3n"},"content":{"rendered":"<p style=\"text-align: center;\"><a href=\"\/catalogo\/grafica\/amador-montes\">&lt;&lt; Ant.<\/a> |\u00a0<a href=\"\/catalogo\/todos-los-artistas\/\">Artistas<\/a> | <a href=\"..\/marela-zacarias\/\">Sig. &gt;&gt;<\/a><\/p>\n<div id=\"kad-wp-gallery249\" class=\"kad-wp-gallery gallery kt-gallery-column-3 init-isotope-intrinsic reinit-isotope kad-light-wp-gallery clearfix rowtight\" data-fade-in=\"1\" data-iso-selector=\".g_item\" data-iso-style=\"masonry\" data-iso-filter=\"false\"><div class=\"tcol-lg-4 tcol-md-4 tcol-sm-4 tcol-xs-6 tcol-ss-12 g_item\"><div class=\"grid_item kt_item_fade_in kad_gallery_fade_in gallery_item\"><a href=\"https:\/\/nmcontemporaneo.com\/wp-content\/uploads\/2020\/04\/2018-bordado-002-1.jpg\" data-rel=\"lightbox\" class=\"lightboxhover\"><div class=\"kt-intrinsic\" style=\"padding-bottom:64.754098360656%;\"><div itemprop=\"image\" itemscope itemtype=\"https:\/\/schema.org\/ImageObject\"><img loading=\"lazy\" decoding=\"async\" width=\"366\" height=\"237\" src=\"https:\/\/nmcontemporaneo.com\/wp-content\/uploads\/2020\/04\/2018-bordado-002-1-366x237.jpg\" srcset=\"https:\/\/nmcontemporaneo.com\/wp-content\/uploads\/2020\/04\/2018-bordado-002-1-366x237.jpg 366w, https:\/\/nmcontemporaneo.com\/wp-content\/uploads\/2020\/04\/2018-bordado-002-1-300x194.jpg 300w, https:\/\/nmcontemporaneo.com\/wp-content\/uploads\/2020\/04\/2018-bordado-002-1-768x497.jpg 768w, https:\/\/nmcontemporaneo.com\/wp-content\/uploads\/2020\/04\/2018-bordado-002-1-732x474.jpg 732w, https:\/\/nmcontemporaneo.com\/wp-content\/uploads\/2020\/04\/2018-bordado-002-1.jpg 1000w\" sizes=\"auto, (max-width: 366px) 100vw, 366px\" data-caption=\"Sin T\u00edtulo, Textil 250 x 170 cm, 2019\" class=\"light-dropshaddow\" itemprop=\"contentUrl\" alt=\"\"><meta itemprop=\"url\" content=\"https:\/\/nmcontemporaneo.com\/wp-content\/uploads\/2020\/04\/2018-bordado-002-1-366x237.jpg\"><meta itemprop=\"width\" content=\"366px\"><meta itemprop=\"height\" content=\"237px\"><\/div><\/div><div class=\"caption kad_caption\"><div class=\"kad_caption_inner\">Sin T\u00edtulo, Textil 250 x 170 cm, 2019<\/div><\/div><\/a><\/div><\/div><div class=\"tcol-lg-4 tcol-md-4 tcol-sm-4 tcol-xs-6 tcol-ss-12 g_item\"><div class=\"grid_item kt_item_fade_in kad_gallery_fade_in gallery_item\"><a href=\"https:\/\/nmcontemporaneo.com\/wp-content\/uploads\/2018\/12\/2018-bordado.jpg\" data-rel=\"lightbox\" class=\"lightboxhover\"><div class=\"kt-intrinsic\" style=\"padding-bottom:64.754098360656%;\"><div itemprop=\"image\" itemscope itemtype=\"https:\/\/schema.org\/ImageObject\"><img loading=\"lazy\" decoding=\"async\" width=\"366\" height=\"237\" src=\"https:\/\/nmcontemporaneo.com\/wp-content\/uploads\/2018\/12\/2018-bordado-366x237.jpg\" srcset=\"https:\/\/nmcontemporaneo.com\/wp-content\/uploads\/2018\/12\/2018-bordado-366x237.jpg 366w, https:\/\/nmcontemporaneo.com\/wp-content\/uploads\/2018\/12\/2018-bordado-300x194.jpg 300w, https:\/\/nmcontemporaneo.com\/wp-content\/uploads\/2018\/12\/2018-bordado-768x497.jpg 768w, https:\/\/nmcontemporaneo.com\/wp-content\/uploads\/2018\/12\/2018-bordado-732x474.jpg 732w, https:\/\/nmcontemporaneo.com\/wp-content\/uploads\/2018\/12\/2018-bordado.jpg 1000w\" sizes=\"auto, (max-width: 366px) 100vw, 366px\" data-caption=\"Sin T\u00edtulo, Textil 200 x 170 cm, 2019\" class=\"light-dropshaddow\" itemprop=\"contentUrl\" alt=\"\"><meta itemprop=\"url\" content=\"https:\/\/nmcontemporaneo.com\/wp-content\/uploads\/2018\/12\/2018-bordado-366x237.jpg\"><meta itemprop=\"width\" content=\"366px\"><meta itemprop=\"height\" content=\"237px\"><\/div><\/div><div class=\"caption kad_caption\"><div class=\"kad_caption_inner\">Sin T\u00edtulo, Textil 200 x 170 cm, 2019<\/div><\/div><\/a><\/div><\/div><div class=\"tcol-lg-4 tcol-md-4 tcol-sm-4 tcol-xs-6 tcol-ss-12 g_item\"><div class=\"grid_item kt_item_fade_in kad_gallery_fade_in gallery_item\"><a href=\"https:\/\/nmcontemporaneo.com\/wp-content\/uploads\/2018\/12\/2018-bordado-003.jpg\" data-rel=\"lightbox\" class=\"lightboxhover\"><div class=\"kt-intrinsic\" style=\"padding-bottom:64.754098360656%;\"><div itemprop=\"image\" itemscope itemtype=\"https:\/\/schema.org\/ImageObject\"><img loading=\"lazy\" decoding=\"async\" width=\"366\" height=\"237\" src=\"https:\/\/nmcontemporaneo.com\/wp-content\/uploads\/2018\/12\/2018-bordado-003-366x237.jpg\" srcset=\"https:\/\/nmcontemporaneo.com\/wp-content\/uploads\/2018\/12\/2018-bordado-003-366x237.jpg 366w, https:\/\/nmcontemporaneo.com\/wp-content\/uploads\/2018\/12\/2018-bordado-003-300x194.jpg 300w, https:\/\/nmcontemporaneo.com\/wp-content\/uploads\/2018\/12\/2018-bordado-003-768x497.jpg 768w, https:\/\/nmcontemporaneo.com\/wp-content\/uploads\/2018\/12\/2018-bordado-003-732x474.jpg 732w, https:\/\/nmcontemporaneo.com\/wp-content\/uploads\/2018\/12\/2018-bordado-003.jpg 1000w\" sizes=\"auto, (max-width: 366px) 100vw, 366px\" data-caption=\"Sin T\u00edtulo, Textil 200 x 200 cm, 2019\" class=\"light-dropshaddow\" itemprop=\"contentUrl\" alt=\"\"><meta itemprop=\"url\" content=\"https:\/\/nmcontemporaneo.com\/wp-content\/uploads\/2018\/12\/2018-bordado-003-366x237.jpg\"><meta itemprop=\"width\" content=\"366px\"><meta itemprop=\"height\" content=\"237px\"><\/div><\/div><div class=\"caption kad_caption\"><div class=\"kad_caption_inner\">Sin T\u00edtulo, Textil 200 x 200 cm, 2019<\/div><\/div><\/a><\/div><\/div><div class=\"tcol-lg-4 tcol-md-4 tcol-sm-4 tcol-xs-6 tcol-ss-12 g_item\"><div class=\"grid_item kt_item_fade_in kad_gallery_fade_in gallery_item\"><a href=\"https:\/\/nmcontemporaneo.com\/wp-content\/uploads\/2021\/03\/Captura-de-pantalla-2020-09-22-a-las-17.02.55.png\" data-rel=\"lightbox\" class=\"lightboxhover\"><div class=\"kt-intrinsic\" style=\"padding-bottom:109.56284153005%;\"><div itemprop=\"image\" itemscope itemtype=\"https:\/\/schema.org\/ImageObject\"><img loading=\"lazy\" decoding=\"async\" width=\"366\" height=\"401\" src=\"https:\/\/nmcontemporaneo.com\/wp-content\/uploads\/2021\/03\/Captura-de-pantalla-2020-09-22-a-las-17.02.55-366x401.png\" srcset=\"https:\/\/nmcontemporaneo.com\/wp-content\/uploads\/2021\/03\/Captura-de-pantalla-2020-09-22-a-las-17.02.55-366x401.png 366w, https:\/\/nmcontemporaneo.com\/wp-content\/uploads\/2021\/03\/Captura-de-pantalla-2020-09-22-a-las-17.02.55-274x300.png 274w, https:\/\/nmcontemporaneo.com\/wp-content\/uploads\/2021\/03\/Captura-de-pantalla-2020-09-22-a-las-17.02.55.png 530w\" sizes=\"auto, (max-width: 366px) 100vw, 366px\" data-caption=\"Sin t\u00edtulo, textil, piel y vinil, 160 x 200 cm, 2020.\" class=\"light-dropshaddow\" itemprop=\"contentUrl\" alt=\"\"><meta itemprop=\"url\" content=\"https:\/\/nmcontemporaneo.com\/wp-content\/uploads\/2021\/03\/Captura-de-pantalla-2020-09-22-a-las-17.02.55-366x401.png\"><meta itemprop=\"width\" content=\"366px\"><meta itemprop=\"height\" content=\"401px\"><\/div><\/div><div class=\"caption kad_caption\"><div class=\"kad_caption_inner\">Sin t\u00edtulo, textil, piel y vinil, 160 x 200 cm, 2020.<\/div><\/div><\/a><\/div><\/div><div class=\"tcol-lg-4 tcol-md-4 tcol-sm-4 tcol-xs-6 tcol-ss-12 g_item\"><div class=\"grid_item kt_item_fade_in kad_gallery_fade_in gallery_item\"><a href=\"https:\/\/nmcontemporaneo.com\/wp-content\/uploads\/2021\/03\/Captura-de-pantalla-2020-09-22-a-las-17.02.24.png\" data-rel=\"lightbox\" class=\"lightboxhover\"><div class=\"kt-intrinsic\" style=\"padding-bottom:72.131147540984%;\"><div itemprop=\"image\" itemscope itemtype=\"https:\/\/schema.org\/ImageObject\"><img loading=\"lazy\" decoding=\"async\" width=\"366\" height=\"264\" src=\"https:\/\/nmcontemporaneo.com\/wp-content\/uploads\/2021\/03\/Captura-de-pantalla-2020-09-22-a-las-17.02.24-366x264.png\" srcset=\"https:\/\/nmcontemporaneo.com\/wp-content\/uploads\/2021\/03\/Captura-de-pantalla-2020-09-22-a-las-17.02.24-366x264.png 366w, https:\/\/nmcontemporaneo.com\/wp-content\/uploads\/2021\/03\/Captura-de-pantalla-2020-09-22-a-las-17.02.24-300x216.png 300w, https:\/\/nmcontemporaneo.com\/wp-content\/uploads\/2021\/03\/Captura-de-pantalla-2020-09-22-a-las-17.02.24-768x554.png 768w, https:\/\/nmcontemporaneo.com\/wp-content\/uploads\/2021\/03\/Captura-de-pantalla-2020-09-22-a-las-17.02.24-732x528.png 732w, https:\/\/nmcontemporaneo.com\/wp-content\/uploads\/2021\/03\/Captura-de-pantalla-2020-09-22-a-las-17.02.24.png 856w\" sizes=\"auto, (max-width: 366px) 100vw, 366px\" data-caption=\"Dos Fridas, t\u00e9cnica mixta, 130 x 150 x 90 cm, 2020\" class=\"light-dropshaddow\" itemprop=\"contentUrl\" alt=\"\"><meta itemprop=\"url\" content=\"https:\/\/nmcontemporaneo.com\/wp-content\/uploads\/2021\/03\/Captura-de-pantalla-2020-09-22-a-las-17.02.24-366x264.png\"><meta itemprop=\"width\" content=\"366px\"><meta itemprop=\"height\" content=\"264px\"><\/div><\/div><div class=\"caption kad_caption\"><div class=\"kad_caption_inner\">Dos Fridas, t\u00e9cnica mixta, 130 x 150 x 90 cm, 2020<\/div><\/div><\/a><\/div><\/div><div class=\"tcol-lg-4 tcol-md-4 tcol-sm-4 tcol-xs-6 tcol-ss-12 g_item\"><div class=\"grid_item kt_item_fade_in kad_gallery_fade_in gallery_item\"><a href=\"https:\/\/nmcontemporaneo.com\/wp-content\/uploads\/2021\/03\/Captura-de-pantalla-2020-09-22-a-las-17.02.41.png\" data-rel=\"lightbox\" class=\"lightboxhover\"><div class=\"kt-intrinsic\" style=\"padding-bottom:98.633879781421%;\"><div itemprop=\"image\" itemscope itemtype=\"https:\/\/schema.org\/ImageObject\"><img loading=\"lazy\" decoding=\"async\" width=\"366\" height=\"361\" src=\"https:\/\/nmcontemporaneo.com\/wp-content\/uploads\/2021\/03\/Captura-de-pantalla-2020-09-22-a-las-17.02.41-366x361.png\" srcset=\"https:\/\/nmcontemporaneo.com\/wp-content\/uploads\/2021\/03\/Captura-de-pantalla-2020-09-22-a-las-17.02.41-366x361.png 366w, https:\/\/nmcontemporaneo.com\/wp-content\/uploads\/2021\/03\/Captura-de-pantalla-2020-09-22-a-las-17.02.41-300x296.png 300w, https:\/\/nmcontemporaneo.com\/wp-content\/uploads\/2021\/03\/Captura-de-pantalla-2020-09-22-a-las-17.02.41-100x100.png 100w, https:\/\/nmcontemporaneo.com\/wp-content\/uploads\/2021\/03\/Captura-de-pantalla-2020-09-22-a-las-17.02.41.png 617w\" sizes=\"auto, (max-width: 366px) 100vw, 366px\" data-caption=\"Sin t\u00edtulo, cer\u00e1mica, yeso madera y silic\u00f3n, 90 x 60 cm, 2020.\" class=\"light-dropshaddow\" itemprop=\"contentUrl\" alt=\"\"><meta itemprop=\"url\" content=\"https:\/\/nmcontemporaneo.com\/wp-content\/uploads\/2021\/03\/Captura-de-pantalla-2020-09-22-a-las-17.02.41-366x361.png\"><meta itemprop=\"width\" content=\"366px\"><meta itemprop=\"height\" content=\"361px\"><\/div><\/div><div class=\"caption kad_caption\"><div class=\"kad_caption_inner\">Sin t\u00edtulo, cer\u00e1mica, yeso madera y silic\u00f3n, 90 x 60 cm, 2020.<\/div><\/div><\/a><\/div><\/div><div class=\"tcol-lg-4 tcol-md-4 tcol-sm-4 tcol-xs-6 tcol-ss-12 g_item\"><div class=\"grid_item kt_item_fade_in kad_gallery_fade_in gallery_item\"><a href=\"https:\/\/nmcontemporaneo.com\/wp-content\/uploads\/2015\/09\/1.jpg\" data-rel=\"lightbox\" class=\"lightboxhover\"><div class=\"kt-intrinsic\" style=\"padding-bottom:66.666666666667%;\"><div itemprop=\"image\" itemscope itemtype=\"https:\/\/schema.org\/ImageObject\"><img loading=\"lazy\" decoding=\"async\" width=\"366\" height=\"244\" src=\"https:\/\/nmcontemporaneo.com\/wp-content\/uploads\/2015\/09\/1-366x244.jpg\" srcset=\"https:\/\/nmcontemporaneo.com\/wp-content\/uploads\/2015\/09\/1-366x244.jpg 366w, https:\/\/nmcontemporaneo.com\/wp-content\/uploads\/2015\/09\/1-300x200.jpg 300w, https:\/\/nmcontemporaneo.com\/wp-content\/uploads\/2015\/09\/1-272x182.jpg 272w, https:\/\/nmcontemporaneo.com\/wp-content\/uploads\/2015\/09\/1.jpg 700w\" sizes=\"auto, (max-width: 366px) 100vw, 366px\" data-caption=\"From the series: Tierra de fantasmas, Transfer on cotton paper, 100 x 70 cm, 2012\" class=\"light-dropshaddow\" itemprop=\"contentUrl\" alt=\"\"><meta itemprop=\"url\" content=\"https:\/\/nmcontemporaneo.com\/wp-content\/uploads\/2015\/09\/1-366x244.jpg\"><meta itemprop=\"width\" content=\"366px\"><meta itemprop=\"height\" content=\"244px\"><\/div><\/div><div class=\"caption kad_caption\"><div class=\"kad_caption_inner\">From the series: Tierra de fantasmas, Transfer on cotton paper, 100 x 70 cm, 2012<\/div><\/div><\/a><\/div><\/div><div class=\"tcol-lg-4 tcol-md-4 tcol-sm-4 tcol-xs-6 tcol-ss-12 g_item\"><div class=\"grid_item kt_item_fade_in kad_gallery_fade_in gallery_item\"><a href=\"https:\/\/nmcontemporaneo.com\/wp-content\/uploads\/2015\/05\/26-tigre-koy-azul-scaled.jpg\" data-rel=\"lightbox\" class=\"lightboxhover\"><div class=\"kt-intrinsic\" style=\"padding-bottom:66.666666666667%;\"><div itemprop=\"image\" itemscope itemtype=\"https:\/\/schema.org\/ImageObject\"><img loading=\"lazy\" decoding=\"async\" width=\"366\" height=\"244\" src=\"https:\/\/nmcontemporaneo.com\/wp-content\/uploads\/2015\/05\/26-tigre-koy-azul-366x244.jpg\" srcset=\"https:\/\/nmcontemporaneo.com\/wp-content\/uploads\/2015\/05\/26-tigre-koy-azul-366x244.jpg 366w, https:\/\/nmcontemporaneo.com\/wp-content\/uploads\/2015\/05\/26-tigre-koy-azul-300x200.jpg 300w, https:\/\/nmcontemporaneo.com\/wp-content\/uploads\/2015\/05\/26-tigre-koy-azul-1024x682.jpg 1024w, https:\/\/nmcontemporaneo.com\/wp-content\/uploads\/2015\/05\/26-tigre-koy-azul-272x182.jpg 272w, https:\/\/nmcontemporaneo.com\/wp-content\/uploads\/2015\/05\/26-tigre-koy-azul-732x488.jpg 732w\" sizes=\"auto, (max-width: 366px) 100vw, 366px\" data-caption=\"From the series: Tierra de fantasmas, Transfer on cotton paper, 100 x 70 cm, 2012\" class=\"light-dropshaddow\" itemprop=\"contentUrl\" alt=\"\"><meta itemprop=\"url\" content=\"https:\/\/nmcontemporaneo.com\/wp-content\/uploads\/2015\/05\/26-tigre-koy-azul-366x244.jpg\"><meta itemprop=\"width\" content=\"366px\"><meta itemprop=\"height\" content=\"244px\"><\/div><\/div><div class=\"caption kad_caption\"><div class=\"kad_caption_inner\">From the series: Tierra de fantasmas, Transfer on cotton paper, 100 x 70 cm, 2012<\/div><\/div><\/a><\/div><\/div><div class=\"tcol-lg-4 tcol-md-4 tcol-sm-4 tcol-xs-6 tcol-ss-12 g_item\"><div class=\"grid_item kt_item_fade_in kad_gallery_fade_in gallery_item\"><a href=\"https:\/\/nmcontemporaneo.com\/wp-content\/uploads\/2015\/05\/IMG_0071-scaled.jpg\" data-rel=\"lightbox\" class=\"lightboxhover\"><div class=\"kt-intrinsic\" style=\"padding-bottom:21.03825136612%;\"><div itemprop=\"image\" itemscope itemtype=\"https:\/\/schema.org\/ImageObject\"><img loading=\"lazy\" decoding=\"async\" width=\"366\" height=\"77\" src=\"https:\/\/nmcontemporaneo.com\/wp-content\/uploads\/2015\/05\/IMG_0071-366x77.jpg\" srcset=\"https:\/\/nmcontemporaneo.com\/wp-content\/uploads\/2015\/05\/IMG_0071-366x77.jpg 366w, https:\/\/nmcontemporaneo.com\/wp-content\/uploads\/2015\/05\/IMG_0071-300x63.jpg 300w, https:\/\/nmcontemporaneo.com\/wp-content\/uploads\/2015\/05\/IMG_0071-1024x215.jpg 1024w, https:\/\/nmcontemporaneo.com\/wp-content\/uploads\/2015\/05\/IMG_0071-732x154.jpg 732w\" sizes=\"auto, (max-width: 366px) 100vw, 366px\" data-caption=\"IMPASSE, Transfer on cotton paper, 15 x 60 cm\" class=\"light-dropshaddow\" itemprop=\"contentUrl\" alt=\"\"><meta itemprop=\"url\" content=\"https:\/\/nmcontemporaneo.com\/wp-content\/uploads\/2015\/05\/IMG_0071-366x77.jpg\"><meta itemprop=\"width\" content=\"366px\"><meta itemprop=\"height\" content=\"77px\"><\/div><\/div><div class=\"caption kad_caption\"><div class=\"kad_caption_inner\">IMPASSE, Transfer on cotton paper, 15 x 60 cm<\/div><\/div><\/a><\/div><\/div><\/div>\n<p style=\"text-align: justify;\">Minerva Ay\u00f3n (Ciudad de M\u00e9xico, 1985). Es egresada de la Maestr\u00eda en Artes Visuales de la UNAM (M\u00e9xico). Su trabajo se concentra en la revisi\u00f3n de diversos procesos de construcci\u00f3n identitaria, as\u00ed como en el an\u00e1lisis de los imaginarios que les amparan y que inciden de manera directa en la producci\u00f3n de realidades espec\u00edficas. Cuenta con diversas exposiciones dentro y fuera del pa\u00eds destacando Diosa Rabiosa en Jard\u00edn Borda, Cuernavaca, M\u00e9xico (2017).<\/p>\n<p style=\"text-align: justify;\">Ha sido beneficiaria del Est\u00edmulo a la Creaci\u00f3n y Desarrollo Art\u00edstico de Morelos en las ediciones 2009 y 2011 y obtuvo la Menci\u00f3n Honor\u00edfica del XXXIII Encuentro Nacional de Arte Joven (2013). Realiz\u00f3 una estancia de investigaci\u00f3n en Concordia University, Montreal, QC, Canad\u00e1 (2013). Actualmente se encuentra cursando la maestr\u00eda en Artes Visuales en la Academia de San Carlos.<\/p>\n\n<div class=\"sp-wrap sp-wrap-default\">\n<div class=\"sp-head\" title=\"Expandir\">\nCurr\u00edculum Vitae\n<\/div>\n<div class=\"sp-body folded\">\n<p><strong>Minerva Ay\u00f3n <\/strong><\/p>\n<p>18 de junio de 1985<\/p>\n<p><strong>FORMACION<\/strong><\/p>\n<p>2013 &#8211; 2014\u00a0\u00a0\u00a0\u00a0\u00a0 Estancia Acad\u00e9mica <strong>Concordia University<\/strong>, Montr\u00e9al, Canad\u00e1<\/p>\n<p>2012 \u2013 2014\u00a0\u00a0\u00a0\u00a0 Maestr\u00eda en Artes Visuales, <strong>UNAM<\/strong>, M\u00e9xico.<\/p>\n<p>2012 \u00a0 \u00a0 \u00a0Curso, El dise\u00f1o textil, <strong>Museo Amparo<\/strong>, Puebla, M\u00e9xico.<\/p>\n<p>2007 \u2013 2011 \u00a0\u00a0\u00a0 Lic. En Artes Visuales, <strong>Centro Morelense de las Artes<\/strong>. Cuernavaca, Mor. Graduada con\u00a0honores.<\/p>\n<p><strong>EXPOSICIONES INDIVIDUALES<\/strong><\/p>\n<p>2017\u00a0 \u00a0<strong>Diosa Rabiosa<\/strong>, Jard\u00edn Borda, Cuernavaca, Mor., M\u00e9xico.<\/p>\n<p>2015\u00a0\u00a0\u00a0<strong>IMPASSE<\/strong>, Invasor, Cuernavaca, Mor., M\u00e9xico.<\/p>\n<p>2013 \u00a0\u00a0<strong>VACANCY<\/strong>, CC|186, M\u00e9xico, D.F.<\/p>\n<p>2010\u00a0\u00a0 <strong>VAHO<\/strong>, Galer\u00eda del Centro Morelense de las Artes, Cuernavaca, Mor., M\u00e9xico.<\/p>\n<p><strong>EXPOSICIONES COLECTIVAS<\/strong><\/p>\n<p>2015\u00a0\u00a0 <strong>G\u00e9nero y denominaciones<\/strong>, Galer\u00eda La barranca,Cuernavaca, Mor., M\u00e9xico.<\/p>\n<p>2014\u00a0\u00a0 <strong>Disenchanted Flesh<\/strong>, Museo de la Ciudad de Cuernavaca, Cuernavaca, Mor., M\u00e9xico.<\/p>\n<p><strong>\u00a0 \u00a0 \u00a0 \u00a0 \u00a0 \u00a0Art Walk<\/strong>, Primera edici\u00f3n: \u00c1lvaro Obreg\u00f3n &#8211; Orizaba, Roma Norte, M\u00e9xico.<\/p>\n<p><strong>\u00a0 \u00a0 \u00a0 \u00a0 \u00a0 \u00a0Knot Violence Exhibition Tour<\/strong> Mexico, Brazil, USA, UK, Italy, S Africa, China, Sweden.<\/p>\n<p><strong>\u00a0 \u00a0 \u00a0 \u00a0 \u00a0 \u00a0VON<\/strong>, Residencia Mexico\/Canada, Cuernavaca, Mor., M\u00e9xico.<\/p>\n<p><strong>\u00a0 \u00a0 \u00a0 \u00a0 \u00a0 \u00a0Suburbio<\/strong>, http:\/\/www.museodemujeres.com\/<\/p>\n<p><strong>\u00a0 \u00a0 \u00a0 \u00a0 \u00a0 \u00a0I found my way out,<\/strong> MFA Subgallery, Concordia University, Montr\u00e9al, Canada<\/p>\n<p>2013 \u00a0\u00a0\u00a0<strong>The mexican way,<\/strong> MFA Gallery, Concordia University, Montr\u00e9al, Canada<\/p>\n<p><strong>\u00a0 \u00a0 \u00a0 \u00a0 \u00a0 \u00a0Double Dipping,<\/strong> MFA Subgallery, Concordia University, Montr\u00e9al, Canada<\/p>\n<p><strong>\u00a0 \u00a0 \u00a0 \u00a0 \u00a0 \u00a0Reticular, <\/strong>Centro Cultural para la Sustentabilidad &#8220;El Amate&#8221; Cuernavaca, Mor., M\u00e9xico.<\/p>\n<p><strong>\u00a0 \u00a0 \u00a0 \u00a0 \u00a0 \u00a0XXXIII Encuentro Nacional de Arte Joven (ed. 2013<\/strong>), Itinerante.<\/p>\n<p><strong>\u00a0 \u00a0 \u00a0 \u00a0 \u00a0 \u00a0 KARMADOOM, buscando el equilibrio. <\/strong>Centro Cultural del M\u00e9xico Contempor\u00e1neo, M\u00e9xico, D.F.<\/p>\n<p>2012\u00a0\u00a0 <strong>Mercado de Pretenciosidades<\/strong>, Galer\u00eda del Centro Morelense de las Artes, Cuernavaca, Mor., M\u00e9xico.<\/p>\n<p><strong>\u00a0 \u00a0 \u00a0 \u00a0 \u00a0 \u00a0About a Change,<\/strong> World Bank Art Program, Washington, D.C., U.S.A.<\/p>\n<p><strong><strong>\u00a0 \u00a0 \u00a0 \u00a0 \u00a0 <\/strong>Miradas<\/strong>, Centro Cultural Tijuana CECUT, Tijuana, B.C., M\u00e9xico.<\/p>\n<p><strong><strong>\u00a0 \u00a0 \u00a0 \u00a0 \u00a0 <\/strong>CMYK<\/strong>, Museo de la Ciudad de Cuernavaca, Cuernavaca, Mor., M\u00e9xico.<\/p>\n<p>2011 \u00a0 <strong>XXXI Encuentro Nacional de Arte Joven (ed. 2011<\/strong>), Itinerante.<\/p>\n<p><strong><strong>\u00a0 \u00a0 \u00a0 \u00a0 \u00a0 <\/strong>Art Room Talent 2da edici\u00f3n<\/strong>, Centro de Arquitectura y Dise\u00f1o, M\u00e9xico, D.F.<\/p>\n<p><strong><strong>\u00a0 \u00a0 \u00a0 \u00a0 \u00a0 <\/strong>Dibujo At\u00f3mico<\/strong>, Galer\u00eda del Centro Morelense de las Artes, Cuernavaca, Mor., M\u00e9xico.<\/p>\n<p><strong><strong>\u00a0 \u00a0 \u00a0 \u00a0 \u00a0 <\/strong>Bearsation<\/strong>, Museo de la Ciudad, Cuernavaca, Mor., M\u00e9xico.<\/p>\n<p><strong><strong>\u00a0 \u00a0 \u00a0 \u00a0 \u00a0 <\/strong>Circunstancia<em>s<\/em><\/strong>, Museo de la Ciudad, Cuernavaca, Mor., M\u00e9xico.<\/p>\n<p>2010 \u00a0 <strong>\u00bfTienes Miedo?,<\/strong> Galer\u00eda del Centro Morelense de las Artes, Cuernavaca, Mor., M\u00e9xico.<\/p>\n<p><strong>BECAS<\/strong><\/p>\n<p>2012-2014 \u00a0 \u00a0\u00a0<strong>Beneficiaria de beca, Posgrado en Artes Visuales<\/strong>, UNAM, M\u00e9xico.<\/p>\n<p>2012 &#8211;\u00a0\u00a0\u00a0\u00a0\u00a0\u00a0 <strong>Beneficiaria de movilidad, Posgrado en Artes Visuales<\/strong>, UNAM, M\u00e9xico.<\/p>\n<p>2011<strong> \u00a0\u00a0\u00a0\u00a0\u00a0\u00a0\u00a0 Estimulo a la Creaci\u00f3n y Desarrollo Art\u00edstico de Morelos<\/strong>, Mor., M\u00e9xico.<\/p>\n<p>2009 \u00a0\u00a0\u00a0\u00a0\u00a0\u00a0\u00a0 <strong>Estimulo a la Creaci\u00f3n y Desarrollo Art\u00edstico de Morelos<\/strong>, Mor., M\u00e9xico.<\/p>\n<p><strong>RECONOCIMIENTOS<\/strong><\/p>\n<p>2013 \u00a0 <strong>Menci\u00f3n Honor\u00edfica<\/strong>, XXXIII Encuentro Nacional de Arte Joven, Aguascalientes, M\u00e9xico.<\/p>\n<p>2011 \u00a0 <strong>Menci\u00f3n Honor\u00edfica<\/strong>, I Concurso El Arte del Cuerpo del CMAEM, Cuernavaca, Morelos.<\/p>\n<p>2009 \u00a0\u00a0<strong>Obra ganadora<\/strong>, 2da Muestra Arte Club Grupo Reforma, M\u00e9xico, D.F.<\/p>\n<div class=\"spdiv\">[plegar]<\/div>\n<\/div>\n<\/div>\n\n","protected":false},"excerpt":{"rendered":"<p>&lt;&lt; Ant. |\u00a0Artistas | Sig. &gt;&gt; Minerva Ay\u00f3n (Ciudad de M\u00e9xico, 1985). Es egresada de la Maestr\u00eda en Artes Visuales de la UNAM (M\u00e9xico). Su trabajo se concentra en la revisi\u00f3n de diversos procesos de construcci\u00f3n identitaria, as\u00ed como en &hellip; <a class=\"kt-excerpt-readmore\" href=\"https:\/\/nmcontemporaneo.com\/es\/catalogo\/arte-emergente\/minerva-ayon\/\" aria-label=\"Minerva Ay\u00f3n\">Read More<\/a><\/p>\n","protected":false},"author":25,"featured_media":0,"parent":596,"menu_order":0,"comment_status":"closed","ping_status":"closed","template":"page-fullwidth.php","meta":{"kt_blocks_editor_width":"","footnotes":""},"class_list":["post-9294","page","type-page","status-publish","hentry"],"_links":{"self":[{"href":"https:\/\/nmcontemporaneo.com\/es\/wp-json\/wp\/v2\/pages\/9294","targetHints":{"allow":["GET"]}}],"collection":[{"href":"https:\/\/nmcontemporaneo.com\/es\/wp-json\/wp\/v2\/pages"}],"about":[{"href":"https:\/\/nmcontemporaneo.com\/es\/wp-json\/wp\/v2\/types\/page"}],"author":[{"embeddable":true,"href":"https:\/\/nmcontemporaneo.com\/es\/wp-json\/wp\/v2\/users\/25"}],"replies":[{"embeddable":true,"href":"https:\/\/nmcontemporaneo.com\/es\/wp-json\/wp\/v2\/comments?post=9294"}],"version-history":[{"count":2,"href":"https:\/\/nmcontemporaneo.com\/es\/wp-json\/wp\/v2\/pages\/9294\/revisions"}],"predecessor-version":[{"id":14248,"href":"https:\/\/nmcontemporaneo.com\/es\/wp-json\/wp\/v2\/pages\/9294\/revisions\/14248"}],"up":[{"embeddable":true,"href":"https:\/\/nmcontemporaneo.com\/es\/wp-json\/wp\/v2\/pages\/596"}],"wp:attachment":[{"href":"https:\/\/nmcontemporaneo.com\/es\/wp-json\/wp\/v2\/media?parent=9294"}],"curies":[{"name":"wp","href":"https:\/\/api.w.org\/{rel}","templated":true}]}}