{"id":9367,"date":"2022-10-02T12:57:47","date_gmt":"2022-10-02T18:57:47","guid":{"rendered":"http:\/\/nmcontemporaneo.com\/?page_id=9367"},"modified":"2025-06-20T21:28:21","modified_gmt":"2025-06-21T03:28:21","slug":"pamela-zubillaga","status":"publish","type":"page","link":"https:\/\/nmcontemporaneo.com\/es\/catalogo\/arte-emergente\/pamela-zubillaga\/","title":{"rendered":"Pamela Zubillaga"},"content":{"rendered":"<p style=\"text-align: center;\"><a href=\"..\/david-sanchez\/\">&lt;&lt; Ant.<\/a> | <a href=\"\/catalogo\/todos-los-artistas\/\">Artistas<\/a> | <a href=\"..\/alejandro-osorio\/\">Sig. &gt;&gt;<\/a><\/p>\n<div id=\"kad-wp-gallery251\" class=\"kad-wp-gallery gallery kt-gallery-column-3 init-isotope-intrinsic reinit-isotope kad-light-wp-gallery clearfix rowtight\" data-fade-in=\"1\" data-iso-selector=\".g_item\" data-iso-style=\"masonry\" data-iso-filter=\"false\"><div class=\"tcol-lg-4 tcol-md-4 tcol-sm-4 tcol-xs-6 tcol-ss-12 g_item\"><div class=\"grid_item kt_item_fade_in kad_gallery_fade_in gallery_item\"><a href=\"https:\/\/nmcontemporaneo.com\/wp-content\/uploads\/2015\/12\/el-jard\u00edn-de-las-delicias-8.png\" data-rel=\"lightbox\" class=\"lightboxhover\"><div class=\"kt-intrinsic\" style=\"padding-bottom:95.081967213115%;\"><div itemprop=\"image\" itemscope itemtype=\"https:\/\/schema.org\/ImageObject\"><img loading=\"lazy\" decoding=\"async\" width=\"366\" height=\"348\" src=\"https:\/\/nmcontemporaneo.com\/wp-content\/uploads\/2015\/12\/el-jard\u00edn-de-las-delicias-8-366x348.png\" srcset=\"https:\/\/nmcontemporaneo.com\/wp-content\/uploads\/2015\/12\/el-jard\u00edn-de-las-delicias-8-366x348.png 366w, https:\/\/nmcontemporaneo.com\/wp-content\/uploads\/2015\/12\/el-jard\u00edn-de-las-delicias-8-300x285.png 300w, https:\/\/nmcontemporaneo.com\/wp-content\/uploads\/2015\/12\/el-jard\u00edn-de-las-delicias-8.png 638w\" sizes=\"auto, (max-width: 366px) 100vw, 366px\" data-caption=\"EL JARD\u00cdN DE LAS DELICIAS 8, Serie: El Jard\u00edn de las Delicias, Grafito y acuarela sobre papel, 56 x 76 cm, 2104.\" class=\"light-dropshaddow\" itemprop=\"contentUrl\" alt=\"\"><meta itemprop=\"url\" content=\"https:\/\/nmcontemporaneo.com\/wp-content\/uploads\/2015\/12\/el-jard\u00edn-de-las-delicias-8-366x348.png\"><meta itemprop=\"width\" content=\"366px\"><meta itemprop=\"height\" content=\"348px\"><\/div><\/div><div class=\"caption kad_caption\"><div class=\"kad_caption_inner\">EL JARD\u00cdN DE LAS DELICIAS 8, Serie: El Jard\u00edn de las Delicias, Grafito y acuarela sobre papel, 56 x 76 cm, 2104.<\/div><\/div><\/a><\/div><\/div><div class=\"tcol-lg-4 tcol-md-4 tcol-sm-4 tcol-xs-6 tcol-ss-12 g_item\"><div class=\"grid_item kt_item_fade_in kad_gallery_fade_in gallery_item\"><a href=\"https:\/\/nmcontemporaneo.com\/wp-content\/uploads\/2015\/12\/casa-sin-ventanas-9.png\" data-rel=\"lightbox\" class=\"lightboxhover\"><div class=\"kt-intrinsic\" style=\"padding-bottom:89.344262295082%;\"><div itemprop=\"image\" itemscope itemtype=\"https:\/\/schema.org\/ImageObject\"><img loading=\"lazy\" decoding=\"async\" width=\"366\" height=\"327\" src=\"https:\/\/nmcontemporaneo.com\/wp-content\/uploads\/2015\/12\/casa-sin-ventanas-9-366x327.png\" srcset=\"https:\/\/nmcontemporaneo.com\/wp-content\/uploads\/2015\/12\/casa-sin-ventanas-9-366x327.png 366w, https:\/\/nmcontemporaneo.com\/wp-content\/uploads\/2015\/12\/casa-sin-ventanas-9-300x268.png 300w, https:\/\/nmcontemporaneo.com\/wp-content\/uploads\/2015\/12\/casa-sin-ventanas-9.png 724w\" sizes=\"auto, (max-width: 366px) 100vw, 366px\" data-caption=\"CASA SIN VENTANAS NO. 9, Serie: Casa sin ventanas, Grafito y acr\u00edlico sobre papel, 76 x 104 cm, 2012.\" class=\"light-dropshaddow\" itemprop=\"contentUrl\" alt=\"\"><meta itemprop=\"url\" content=\"https:\/\/nmcontemporaneo.com\/wp-content\/uploads\/2015\/12\/casa-sin-ventanas-9-366x327.png\"><meta itemprop=\"width\" content=\"366px\"><meta itemprop=\"height\" content=\"327px\"><\/div><\/div><div class=\"caption kad_caption\"><div class=\"kad_caption_inner\">CASA SIN VENTANAS NO. 9, Serie: Casa sin ventanas, Grafito y acr\u00edlico sobre papel, 76 x 104 cm, 2012.<\/div><\/div><\/a><\/div><\/div><div class=\"tcol-lg-4 tcol-md-4 tcol-sm-4 tcol-xs-6 tcol-ss-12 g_item\"><div class=\"grid_item kt_item_fade_in kad_gallery_fade_in gallery_item\"><a href=\"https:\/\/nmcontemporaneo.com\/wp-content\/uploads\/2015\/12\/la-casa-q-habito-5.jpg\" data-rel=\"lightbox\" class=\"lightboxhover\"><div class=\"kt-intrinsic\" style=\"padding-bottom:103.00546448087%;\"><div itemprop=\"image\" itemscope itemtype=\"https:\/\/schema.org\/ImageObject\"><img loading=\"lazy\" decoding=\"async\" width=\"366\" height=\"377\" src=\"https:\/\/nmcontemporaneo.com\/wp-content\/uploads\/2015\/12\/la-casa-q-habito-5-366x377.jpg\" srcset=\"https:\/\/nmcontemporaneo.com\/wp-content\/uploads\/2015\/12\/la-casa-q-habito-5-366x377.jpg 366w, https:\/\/nmcontemporaneo.com\/wp-content\/uploads\/2015\/12\/la-casa-q-habito-5-291x300.jpg 291w, https:\/\/nmcontemporaneo.com\/wp-content\/uploads\/2015\/12\/la-casa-q-habito-5-732x754.jpg 732w, https:\/\/nmcontemporaneo.com\/wp-content\/uploads\/2015\/12\/la-casa-q-habito-5.jpg 786w\" sizes=\"auto, (max-width: 366px) 100vw, 366px\" data-caption=\"LA CASA QUE HABITO NO. 5, Serie: La casa que habito, Pape y estructura de alambre, 90 x 55 x 50 cm, 2013.\" class=\"light-dropshaddow\" itemprop=\"contentUrl\" alt=\"\"><meta itemprop=\"url\" content=\"https:\/\/nmcontemporaneo.com\/wp-content\/uploads\/2015\/12\/la-casa-q-habito-5-366x377.jpg\"><meta itemprop=\"width\" content=\"366px\"><meta itemprop=\"height\" content=\"377px\"><\/div><\/div><div class=\"caption kad_caption\"><div class=\"kad_caption_inner\">LA CASA QUE HABITO NO. 5, Serie: La casa que habito, Pape y estructura de alambre, 90 x 55 x 50 cm, 2013.<\/div><\/div><\/a><\/div><\/div><div class=\"tcol-lg-4 tcol-md-4 tcol-sm-4 tcol-xs-6 tcol-ss-12 g_item\"><div class=\"grid_item kt_item_fade_in kad_gallery_fade_in gallery_item\"><a href=\"https:\/\/nmcontemporaneo.com\/wp-content\/uploads\/2015\/12\/erick.jpg\" data-rel=\"lightbox\" class=\"lightboxhover\"><div class=\"kt-intrinsic\" style=\"padding-bottom:141.25683060109%;\"><div itemprop=\"image\" itemscope itemtype=\"https:\/\/schema.org\/ImageObject\"><img loading=\"lazy\" decoding=\"async\" width=\"366\" height=\"517\" src=\"https:\/\/nmcontemporaneo.com\/wp-content\/uploads\/2015\/12\/erick-366x517.jpg\" srcset=\"https:\/\/nmcontemporaneo.com\/wp-content\/uploads\/2015\/12\/erick-366x517.jpg 366w, https:\/\/nmcontemporaneo.com\/wp-content\/uploads\/2015\/12\/erick-213x300.jpg 213w, https:\/\/nmcontemporaneo.com\/wp-content\/uploads\/2015\/12\/erick.jpg 603w\" sizes=\"auto, (max-width: 366px) 100vw, 366px\" data-caption=\"ERICK, Serie: Todos mis huesos son prestados, Grafito, acr\u00edlico y acuarela sobre papel, 50 x 70 cm, 2015.\" class=\"light-dropshaddow\" itemprop=\"contentUrl\" alt=\"\"><meta itemprop=\"url\" content=\"https:\/\/nmcontemporaneo.com\/wp-content\/uploads\/2015\/12\/erick-366x517.jpg\"><meta itemprop=\"width\" content=\"366px\"><meta itemprop=\"height\" content=\"517px\"><\/div><\/div><div class=\"caption kad_caption\"><div class=\"kad_caption_inner\">ERICK, Serie: Todos mis huesos son prestados, Grafito, acr\u00edlico y acuarela sobre papel, 50 x 70 cm, 2015.<\/div><\/div><\/a><\/div><\/div><div class=\"tcol-lg-4 tcol-md-4 tcol-sm-4 tcol-xs-6 tcol-ss-12 g_item\"><div class=\"grid_item kt_item_fade_in kad_gallery_fade_in gallery_item\"><a href=\"https:\/\/nmcontemporaneo.com\/wp-content\/uploads\/2015\/12\/recoleccion-6.jpg\" data-rel=\"lightbox\" class=\"lightboxhover\"><div class=\"kt-intrinsic\" style=\"padding-bottom:129.50819672131%;\"><div itemprop=\"image\" itemscope itemtype=\"https:\/\/schema.org\/ImageObject\"><img loading=\"lazy\" decoding=\"async\" width=\"366\" height=\"474\" src=\"https:\/\/nmcontemporaneo.com\/wp-content\/uploads\/2015\/12\/recoleccion-6-366x474.jpg\" srcset=\"https:\/\/nmcontemporaneo.com\/wp-content\/uploads\/2015\/12\/recoleccion-6-366x474.jpg 366w, https:\/\/nmcontemporaneo.com\/wp-content\/uploads\/2015\/12\/recoleccion-6-232x300.jpg 232w, https:\/\/nmcontemporaneo.com\/wp-content\/uploads\/2015\/12\/recoleccion-6.jpg 593w\" sizes=\"auto, (max-width: 366px) 100vw, 366px\" data-caption=\"RECOLECCI\u00d3N 6, Serie: Recolecci\u00f3n, Mixta \/ Papel, 50 x 60 cm, 2010.\" class=\"light-dropshaddow\" itemprop=\"contentUrl\" alt=\"\"><meta itemprop=\"url\" content=\"https:\/\/nmcontemporaneo.com\/wp-content\/uploads\/2015\/12\/recoleccion-6-366x474.jpg\"><meta itemprop=\"width\" content=\"366px\"><meta itemprop=\"height\" content=\"474px\"><\/div><\/div><div class=\"caption kad_caption\"><div class=\"kad_caption_inner\">RECOLECCI\u00d3N 6, Serie: Recolecci\u00f3n, Mixta \/ Papel, 50 x 60 cm, 2010.<\/div><\/div><\/a><\/div><\/div><div class=\"tcol-lg-4 tcol-md-4 tcol-sm-4 tcol-xs-6 tcol-ss-12 g_item\"><div class=\"grid_item kt_item_fade_in kad_gallery_fade_in gallery_item\"><a href=\"https:\/\/nmcontemporaneo.com\/wp-content\/uploads\/2015\/12\/casa-sin-ventanas-5.png\" data-rel=\"lightbox\" class=\"lightboxhover\"><div class=\"kt-intrinsic\" style=\"padding-bottom:155.73770491803%;\"><div itemprop=\"image\" itemscope itemtype=\"https:\/\/schema.org\/ImageObject\"><img loading=\"lazy\" decoding=\"async\" width=\"366\" height=\"570\" src=\"https:\/\/nmcontemporaneo.com\/wp-content\/uploads\/2015\/12\/casa-sin-ventanas-5-366x570.png\" srcset=\"https:\/\/nmcontemporaneo.com\/wp-content\/uploads\/2015\/12\/casa-sin-ventanas-5-366x570.png 366w, https:\/\/nmcontemporaneo.com\/wp-content\/uploads\/2015\/12\/casa-sin-ventanas-5-192x300.png 192w, https:\/\/nmcontemporaneo.com\/wp-content\/uploads\/2015\/12\/casa-sin-ventanas-5.png 614w\" sizes=\"auto, (max-width: 366px) 100vw, 366px\" data-caption=\"CASA SIN VENTANAS NO. 5,  Serie: Casa sin ventanas, Grafito y acr\u00edlico sobre papel, 155 x 85 cm, 2012.\" class=\"light-dropshaddow\" itemprop=\"contentUrl\" alt=\"\"><meta itemprop=\"url\" content=\"https:\/\/nmcontemporaneo.com\/wp-content\/uploads\/2015\/12\/casa-sin-ventanas-5-366x570.png\"><meta itemprop=\"width\" content=\"366px\"><meta itemprop=\"height\" content=\"570px\"><\/div><\/div><div class=\"caption kad_caption\"><div class=\"kad_caption_inner\">CASA SIN VENTANAS NO. 5,  Serie: Casa sin ventanas, Grafito y acr\u00edlico sobre papel, 155 x 85 cm, 2012.<\/div><\/div><\/a><\/div><\/div><\/div>\n<p>El trabajo de Zubillaga es autorreferencial, pretende describir metaf\u00f3ricamente los estados emocionales que el cuerpo manifiesta. Su obra tiene que ver con el duelo que se establece en los v\u00ednculos afectivos de su entorno; dentro de este conflicto, utiliza la representaci\u00f3n del cuerpo como el l\u00edmite entre el mundo interior y el exterior.En los \u00faltimos dos a\u00f1os, ha estado trabajando con la representaci\u00f3n de la piel humana como elemento protag\u00f3nico a partir de la pintura y el dibujo. La piel es entendida como s\u00edmbolo de afecto y fragilidad. En sus piezas, la representaci\u00f3n de la carne es abordada para hablar del abandono del cuerpo: de su fragilidad, su descomposici\u00f3n, su deformaci\u00f3n y de la frivolidad con la que tratamos este elemento que nos pertenece.<\/p>\n\n<div class=\"sp-wrap sp-wrap-default\">\n<div class=\"sp-head\" title=\"Expandir\">\nCurr\u00edculum Vitae\n<\/div>\n<div class=\"sp-body folded\">\n<p><strong>PAMELA ZUBILLAGA<\/strong><br \/>\n(Atoyac de \u00c1lvarez, Guerrero, 1984)<\/p>\n<p><strong>FORMACI\u00d3N ACADEMICA:<\/strong><br \/>\n\u00b7 2010 \u2013 2012 Maestr\u00eda en Arte, Menci\u00f3n Honor\u00edfica, Universidad Aut\u00f3noma del Estado de Morelos, Cuernavaca, Mor.<br \/>\n\u00b7 2004 \u2013 2008 Licenciatura en Artes Visuales, Centro Morelense de las Artes, Cuernavaca, Mor.<\/p>\n<p><strong>EXPOSICIONES INDIVIDUALES:<\/strong><br \/>\n\u00b7 2013 La casa que habito, Galer\u00eda del Centro Morelense de las Artes del Estado de Morelos, Cuernavaca, Mor.<br \/>\n\u00b7 2008 Trans-velo, Galer\u00eda Izcateopan, Acapulco Gro.<\/p>\n<p><strong>EXPOSICIONES COLECTIVAS:<\/strong><br \/>\n\u00b7 2015 Diversidad para la inclusi\u00f3n, D\u00e9cima Bienal Puebla de los \u00c1ngeles, Galer\u00eda de Arte Pedro Arrupe, Ibero, Puebla, Puebla.<br \/>\n10 Arte Vivo, Museo de Arte Moderno, M\u00e9xico Vivo Fundaci\u00f3n, M\u00e9xico, D.F.<br \/>\nCuerpo denso, Galer\u00eda Jimenez de las Cuevas, Casa de la B\u00f3veda, Puebla, Puebla.<br \/>\n\u00b7 2014 La Nao, Octavo Festival Internacional. Muestra colectiva de Artes, Galer\u00eda Ixcaleopan, Acapulco, Gro.<br \/>\nEpidermis, Museo de la Ciudad de Cuernavaca, Cuernavaca, Mor.<br \/>\nCollective Show, Galer\u00eda Casa Maauad, M\u00e9xico, D.F.<br \/>\n\u00b7 2013 Molecular Coatlicue, Galer\u00eda ReTrouve, M\u00e9xico, D.F.<br \/>\nFiguraciones, Instituto de Cultura de M\u00e9xico, Galer\u00eda del Sol, Miami, Florida, E.U.A.<br \/>\nCreaci\u00f3n en movimiento. J\u00f3venes Creadores Biblioteca Vasconcelos de la Ciudad de M\u00e9xico, M\u00e9xico, D.F.<br \/>\n\u00b7 2012 Gr\u00e1fica Contempor\u00e1nea, Centro Cultural del M\u00e9xico Contempor\u00e1neo, D.F. M\u00e9xico<\/p>\n<p>\u00b7 2011 Creaci\u00f3n en movimiento. J\u00f3venes Creadores 2010-2011, Galer\u00eda del Centro de las Artes de San Luis Potos\u00ed (CASLPC), San Luis Potos\u00ed, San Luis Potos\u00ed.<br \/>\nDibujo at\u00f3mico, Galer\u00eda del Centro Morelense de las Artes, Cuernavaca, Mor.<br \/>\n\u00b7 2009 En Crudo, Galer\u00eda Tonalli, Centro Cultural Ollin Yoliztli, Distrito Federal.<\/p>\n<p><strong>BECAS, EST\u00cdMULOS Y PREMIOS:<\/strong><br \/>\n\u00b7 2015 Segundo lugar en la D\u00e9cima Bienal Puebla de los \u00c1ngeles, Ibero Puebla, Puebla.<br \/>\n\u00b7 2014 \u2013 2015 PECDAG (Programa de Est\u00edmulo a la Creaci\u00f3n y al Desarrollo Art\u00edstico de Guerrero), J\u00f3venes Creadores e Int\u00e9rpretes.<br \/>\n\u00b7 2010 \u2013 2012 Beca CONACYT, (Consejo Nacional de Ciencia y Tecnolog\u00eda) Especializaci\u00f3n Acad\u00e9mica en Teor\u00eda cr\u00edtica y creaci\u00f3n, Maestr\u00eda en Artes.<br \/>\n\u00b7 2010 \u2013 2011 Beca J\u00f3venes Creadores, FONCA (Fondo Nacional para la Cultura y las Artes).<br \/>\n\u00b7 2009 \u2013 2010 Beca J\u00f3venes Creadores, FOECA (Fondo Estatal para la Cultura y las Artes del Estado de Morelos).<br \/>\n\u00b7 2007 \u2013 2008 Beca J\u00f3venes Creadores, FOECA (Fondo Estatal para la Cultura y las Artes del Estado de Guerrero).<\/p>\n<p><strong>EXPERIENCIA DOCENTE<\/strong><br \/>\n\u00b7 2015<br \/>\n-Docencia en la Licenciatura Artes Visuales, Universidad Aut\u00f3noma del Estado de Morelos, Cuernavaca, Morelos.<br \/>\n-Docencia en la Licenciatura de Dise\u00f1o Gr\u00e1fico, Universidad La Salle de Cuernavaca, Cuernavaca, Morelos.<br \/>\n\u00b7 2014<br \/>\n-Docencia en la Licenciatura Artes Visuales, Universidad Aut\u00f3noma del Estado de Morelos, Cuernavaca, Morelos.<br \/>\n-Docencia en Licenciatura Artes Visuales, Centro Morelense de las Artes, Cuernavaca, Morelos.<br \/>\n\u00b7 2013<br \/>\n-Docencia en la Licenciatura Artes Visuales, Centro Morelense de las Artes, Cuernavaca, Morelos.<br \/>\n-Taller de pintura para ni\u00f1os, Programa Ag\u00e1rrale el hilo a la Paz, SEDESOL, Talleres Comunitarios de Arte y Cultura, Cuernavaca, Mor.<br \/>\n\u00b7 2012<br \/>\n-Docencia en Licenciatura Artes Visuales, Universidad Aut\u00f3noma del Estado de Morelos, Cuernavaca, Morelos.<\/p>\n<div class=\"spdiv\">[plegar]<\/div>\n<\/div>\n<\/div>\n\n","protected":false},"excerpt":{"rendered":"<p>&lt;&lt; Ant. | Artistas | Sig. &gt;&gt; El trabajo de Zubillaga es autorreferencial, pretende describir metaf\u00f3ricamente los estados emocionales que el cuerpo manifiesta. Su obra tiene que ver con el duelo que se establece en los v\u00ednculos afectivos de su &hellip; <a class=\"kt-excerpt-readmore\" href=\"https:\/\/nmcontemporaneo.com\/es\/catalogo\/arte-emergente\/pamela-zubillaga\/\" aria-label=\"Pamela Zubillaga\">Read More<\/a><\/p>\n","protected":false},"author":25,"featured_media":0,"parent":596,"menu_order":0,"comment_status":"closed","ping_status":"closed","template":"page-fullwidth.php","meta":{"kt_blocks_editor_width":"","footnotes":""},"class_list":["post-9367","page","type-page","status-publish","hentry"],"_links":{"self":[{"href":"https:\/\/nmcontemporaneo.com\/es\/wp-json\/wp\/v2\/pages\/9367","targetHints":{"allow":["GET"]}}],"collection":[{"href":"https:\/\/nmcontemporaneo.com\/es\/wp-json\/wp\/v2\/pages"}],"about":[{"href":"https:\/\/nmcontemporaneo.com\/es\/wp-json\/wp\/v2\/types\/page"}],"author":[{"embeddable":true,"href":"https:\/\/nmcontemporaneo.com\/es\/wp-json\/wp\/v2\/users\/25"}],"replies":[{"embeddable":true,"href":"https:\/\/nmcontemporaneo.com\/es\/wp-json\/wp\/v2\/comments?post=9367"}],"version-history":[{"count":2,"href":"https:\/\/nmcontemporaneo.com\/es\/wp-json\/wp\/v2\/pages\/9367\/revisions"}],"predecessor-version":[{"id":14247,"href":"https:\/\/nmcontemporaneo.com\/es\/wp-json\/wp\/v2\/pages\/9367\/revisions\/14247"}],"up":[{"embeddable":true,"href":"https:\/\/nmcontemporaneo.com\/es\/wp-json\/wp\/v2\/pages\/596"}],"wp:attachment":[{"href":"https:\/\/nmcontemporaneo.com\/es\/wp-json\/wp\/v2\/media?parent=9367"}],"curies":[{"name":"wp","href":"https:\/\/api.w.org\/{rel}","templated":true}]}}