{"id":9385,"date":"2015-12-02T13:45:23","date_gmt":"2015-12-02T19:45:23","guid":{"rendered":"http:\/\/nmcontemporaneo.com\/?page_id=9385"},"modified":"2025-06-20T19:56:55","modified_gmt":"2025-06-21T01:56:55","slug":"miriam-medrez","status":"publish","type":"page","link":"https:\/\/nmcontemporaneo.com\/es\/catalogo\/escultura\/miriam-medrez\/","title":{"rendered":"Miriam Medrez"},"content":{"rendered":"<p style=\"text-align: center;\"><a href=\"https:\/\/nmcontemporaneo.com\/catalogo\/escultura\/laura-rosete\/\">&lt;&lt; Ant.<\/a> | <a href=\"\/catalogo\/todos-los-artistas\/\">Artistas<\/a> | <a href=\"https:\/\/nmcontemporaneo.com\/catalogo\/escultura\/carlos-marin\/\">Sig. &gt;&gt;<\/a><\/p>\n<div id=\"kad-wp-gallery320\" class=\"kad-wp-gallery gallery kt-gallery-column-3 init-isotope-intrinsic reinit-isotope kad-light-wp-gallery clearfix rowtight\" data-fade-in=\"1\" data-iso-selector=\".g_item\" data-iso-style=\"masonry\" data-iso-filter=\"false\"><div class=\"tcol-lg-4 tcol-md-4 tcol-sm-4 tcol-xs-6 tcol-ss-12 g_item\"><div class=\"grid_item kt_item_fade_in kad_gallery_fade_in gallery_item\"><a href=\"https:\/\/nmcontemporaneo.com\/wp-content\/uploads\/2015\/12\/di\u00e1logo-en-silencio-.jpg\" data-rel=\"lightbox\" class=\"lightboxhover\"><div class=\"kt-intrinsic\" style=\"padding-bottom:66.120218579235%;\"><div itemprop=\"image\" itemscope itemtype=\"https:\/\/schema.org\/ImageObject\"><img loading=\"lazy\" decoding=\"async\" width=\"366\" height=\"242\" src=\"https:\/\/nmcontemporaneo.com\/wp-content\/uploads\/2015\/12\/di\u00e1logo-en-silencio--366x242.jpg\" srcset=\"https:\/\/nmcontemporaneo.com\/wp-content\/uploads\/2015\/12\/di\u00e1logo-en-silencio--366x242.jpg 366w, https:\/\/nmcontemporaneo.com\/wp-content\/uploads\/2015\/12\/di\u00e1logo-en-silencio--300x199.jpg 300w, https:\/\/nmcontemporaneo.com\/wp-content\/uploads\/2015\/12\/di\u00e1logo-en-silencio--732x484.jpg 732w, https:\/\/nmcontemporaneo.com\/wp-content\/uploads\/2015\/12\/di\u00e1logo-en-silencio-.jpg 873w\" sizes=\"auto, (max-width: 366px) 100vw, 366px\" data-caption=\"DIALOGO EN SILENCIO, Serie: Lo que los ojos no alcanzan a ver  Manta e hilo, 67 x 91 x 109 cm, 2010 - 2011.\" class=\"light-dropshaddow\" itemprop=\"contentUrl\" alt=\"\"><meta itemprop=\"url\" content=\"https:\/\/nmcontemporaneo.com\/wp-content\/uploads\/2015\/12\/di\u00e1logo-en-silencio--366x242.jpg\"><meta itemprop=\"width\" content=\"366px\"><meta itemprop=\"height\" content=\"242px\"><\/div><\/div><div class=\"caption kad_caption\"><div class=\"kad_caption_inner\">DIALOGO EN SILENCIO, Serie: Lo que los ojos no alcanzan a ver  Manta e hilo, 67 x 91 x 109 cm, 2010 &#8211; 2011.<\/div><\/div><\/a><\/div><\/div><div class=\"tcol-lg-4 tcol-md-4 tcol-sm-4 tcol-xs-6 tcol-ss-12 g_item\"><div class=\"grid_item kt_item_fade_in kad_gallery_fade_in gallery_item\"><a href=\"https:\/\/nmcontemporaneo.com\/wp-content\/uploads\/2015\/12\/memoria-tuya.jpg\" data-rel=\"lightbox\" class=\"lightboxhover\"><div class=\"kt-intrinsic\" style=\"padding-bottom:66.120218579235%;\"><div itemprop=\"image\" itemscope itemtype=\"https:\/\/schema.org\/ImageObject\"><img loading=\"lazy\" decoding=\"async\" width=\"366\" height=\"242\" src=\"https:\/\/nmcontemporaneo.com\/wp-content\/uploads\/2015\/12\/memoria-tuya-366x242.jpg\" srcset=\"https:\/\/nmcontemporaneo.com\/wp-content\/uploads\/2015\/12\/memoria-tuya-366x242.jpg 366w, https:\/\/nmcontemporaneo.com\/wp-content\/uploads\/2015\/12\/memoria-tuya-300x199.jpg 300w, https:\/\/nmcontemporaneo.com\/wp-content\/uploads\/2015\/12\/memoria-tuya-732x484.jpg 732w, https:\/\/nmcontemporaneo.com\/wp-content\/uploads\/2015\/12\/memoria-tuya.jpg 873w\" sizes=\"auto, (max-width: 366px) 100vw, 366px\" data-caption=\"MEMORIA TUYA, Serie: Lo que los ojos no alcanzan a ver, Manta e hilo, 41 x 44 x 68 cm, 2010 - 2011.\" class=\"light-dropshaddow\" itemprop=\"contentUrl\" alt=\"\"><meta itemprop=\"url\" content=\"https:\/\/nmcontemporaneo.com\/wp-content\/uploads\/2015\/12\/memoria-tuya-366x242.jpg\"><meta itemprop=\"width\" content=\"366px\"><meta itemprop=\"height\" content=\"242px\"><\/div><\/div><div class=\"caption kad_caption\"><div class=\"kad_caption_inner\">MEMORIA TUYA, Serie: Lo que los ojos no alcanzan a ver, Manta e hilo, 41 x 44 x 68 cm, 2010 &#8211; 2011.<\/div><\/div><\/a><\/div><\/div><div class=\"tcol-lg-4 tcol-md-4 tcol-sm-4 tcol-xs-6 tcol-ss-12 g_item\"><div class=\"grid_item kt_item_fade_in kad_gallery_fade_in gallery_item\"><a href=\"https:\/\/nmcontemporaneo.com\/wp-content\/uploads\/2015\/12\/Contenci\u00f3n.jpg\" data-rel=\"lightbox\" class=\"lightboxhover\"><div class=\"kt-intrinsic\" style=\"padding-bottom:66.120218579235%;\"><div itemprop=\"image\" itemscope itemtype=\"https:\/\/schema.org\/ImageObject\"><img loading=\"lazy\" decoding=\"async\" width=\"366\" height=\"242\" src=\"https:\/\/nmcontemporaneo.com\/wp-content\/uploads\/2015\/12\/Contenci\u00f3n-366x242.jpg\" srcset=\"https:\/\/nmcontemporaneo.com\/wp-content\/uploads\/2015\/12\/Contenci\u00f3n-366x242.jpg 366w, https:\/\/nmcontemporaneo.com\/wp-content\/uploads\/2015\/12\/Contenci\u00f3n-300x199.jpg 300w, https:\/\/nmcontemporaneo.com\/wp-content\/uploads\/2015\/12\/Contenci\u00f3n-1024x678.jpg 1024w, https:\/\/nmcontemporaneo.com\/wp-content\/uploads\/2015\/12\/Contenci\u00f3n-732x484.jpg 732w, https:\/\/nmcontemporaneo.com\/wp-content\/uploads\/2015\/12\/Contenci\u00f3n.jpg 1200w\" sizes=\"auto, (max-width: 366px) 100vw, 366px\" data-caption=\"CONTENCI\u00d3N, Serie: Lo que los ojos no alcanzan a ver, Manta e hilo,  85 x 60 x 60, 2010-2011.\" class=\"light-dropshaddow\" itemprop=\"contentUrl\" alt=\"\"><meta itemprop=\"url\" content=\"https:\/\/nmcontemporaneo.com\/wp-content\/uploads\/2015\/12\/Contenci\u00f3n-366x242.jpg\"><meta itemprop=\"width\" content=\"366px\"><meta itemprop=\"height\" content=\"242px\"><\/div><\/div><div class=\"caption kad_caption\"><div class=\"kad_caption_inner\">CONTENCI\u00d3N, Serie: Lo que los ojos no alcanzan a ver, Manta e hilo,  85 x 60 x 60, 2010-2011.<\/div><\/div><\/a><\/div><\/div><div class=\"tcol-lg-4 tcol-md-4 tcol-sm-4 tcol-xs-6 tcol-ss-12 g_item\"><div class=\"grid_item kt_item_fade_in kad_gallery_fade_in gallery_item\"><a href=\"https:\/\/nmcontemporaneo.com\/wp-content\/uploads\/2015\/12\/Consenso.jpg\" data-rel=\"lightbox\" class=\"lightboxhover\"><div class=\"kt-intrinsic\" style=\"padding-bottom:152.18579234973%;\"><div itemprop=\"image\" itemscope itemtype=\"https:\/\/schema.org\/ImageObject\"><img loading=\"lazy\" decoding=\"async\" width=\"366\" height=\"557\" src=\"https:\/\/nmcontemporaneo.com\/wp-content\/uploads\/2015\/12\/Consenso-366x557.jpg\" srcset=\"https:\/\/nmcontemporaneo.com\/wp-content\/uploads\/2015\/12\/Consenso-366x557.jpg 366w, https:\/\/nmcontemporaneo.com\/wp-content\/uploads\/2015\/12\/Consenso-197x300.jpg 197w, https:\/\/nmcontemporaneo.com\/wp-content\/uploads\/2015\/12\/Consenso.jpg 380w\" sizes=\"auto, (max-width: 366px) 100vw, 366px\" data-caption=\"AGLOMERACI\u00d3N, Serie: Lo que los ojos no alcanzan a ver, Manta e hilo, 130 x 72 x 28 cm, 2010 - 2011.\" class=\"light-dropshaddow\" itemprop=\"contentUrl\" alt=\"\"><meta itemprop=\"url\" content=\"https:\/\/nmcontemporaneo.com\/wp-content\/uploads\/2015\/12\/Consenso-366x557.jpg\"><meta itemprop=\"width\" content=\"366px\"><meta itemprop=\"height\" content=\"557px\"><\/div><\/div><div class=\"caption kad_caption\"><div class=\"kad_caption_inner\">AGLOMERACI\u00d3N, Serie: Lo que los ojos no alcanzan a ver, Manta e hilo, 130 x 72 x 28 cm, 2010 &#8211; 2011.<\/div><\/div><\/a><\/div><\/div><div class=\"tcol-lg-4 tcol-md-4 tcol-sm-4 tcol-xs-6 tcol-ss-12 g_item\"><div class=\"grid_item kt_item_fade_in kad_gallery_fade_in gallery_item\"><a href=\"https:\/\/nmcontemporaneo.com\/wp-content\/uploads\/2015\/12\/soplo.jpg\" data-rel=\"lightbox\" class=\"lightboxhover\"><div class=\"kt-intrinsic\" style=\"padding-bottom:150.81967213115%;\"><div itemprop=\"image\" itemscope itemtype=\"https:\/\/schema.org\/ImageObject\"><img loading=\"lazy\" decoding=\"async\" width=\"366\" height=\"552\" src=\"https:\/\/nmcontemporaneo.com\/wp-content\/uploads\/2015\/12\/soplo-366x552.jpg\" srcset=\"https:\/\/nmcontemporaneo.com\/wp-content\/uploads\/2015\/12\/soplo-366x552.jpg 366w, https:\/\/nmcontemporaneo.com\/wp-content\/uploads\/2015\/12\/soplo-199x300.jpg 199w, https:\/\/nmcontemporaneo.com\/wp-content\/uploads\/2015\/12\/soplo-678x1024.jpg 678w, https:\/\/nmcontemporaneo.com\/wp-content\/uploads\/2015\/12\/soplo-732x1104.jpg 732w, https:\/\/nmcontemporaneo.com\/wp-content\/uploads\/2015\/12\/soplo.jpg 795w\" sizes=\"auto, (max-width: 366px) 100vw, 366px\" data-caption=\"SOPLO, Serie: Lo que los ojos no alcanzan a ver, Manta e hilo, 81 x 52 x 35 cm, 2010 \u2013 2011.\" class=\"light-dropshaddow\" itemprop=\"contentUrl\" alt=\"\"><meta itemprop=\"url\" content=\"https:\/\/nmcontemporaneo.com\/wp-content\/uploads\/2015\/12\/soplo-366x552.jpg\"><meta itemprop=\"width\" content=\"366px\"><meta itemprop=\"height\" content=\"552px\"><\/div><\/div><div class=\"caption kad_caption\"><div class=\"kad_caption_inner\">SOPLO, Serie: Lo que los ojos no alcanzan a ver, Manta e hilo, 81 x 52 x 35 cm, 2010 \u2013 2011.<\/div><\/div><\/a><\/div><\/div><div class=\"tcol-lg-4 tcol-md-4 tcol-sm-4 tcol-xs-6 tcol-ss-12 g_item\"><div class=\"grid_item kt_item_fade_in kad_gallery_fade_in gallery_item\"><a href=\"https:\/\/nmcontemporaneo.com\/wp-content\/uploads\/2015\/12\/Espacio-fragmentado.jpg\" data-rel=\"lightbox\" class=\"lightboxhover\"><div class=\"kt-intrinsic\" style=\"padding-bottom:150.81967213115%;\"><div itemprop=\"image\" itemscope itemtype=\"https:\/\/schema.org\/ImageObject\"><img loading=\"lazy\" decoding=\"async\" width=\"366\" height=\"552\" src=\"https:\/\/nmcontemporaneo.com\/wp-content\/uploads\/2015\/12\/Espacio-fragmentado-366x552.jpg\" srcset=\"https:\/\/nmcontemporaneo.com\/wp-content\/uploads\/2015\/12\/Espacio-fragmentado-366x552.jpg 366w, https:\/\/nmcontemporaneo.com\/wp-content\/uploads\/2015\/12\/Espacio-fragmentado-199x300.jpg 199w, https:\/\/nmcontemporaneo.com\/wp-content\/uploads\/2015\/12\/Espacio-fragmentado-678x1024.jpg 678w, https:\/\/nmcontemporaneo.com\/wp-content\/uploads\/2015\/12\/Espacio-fragmentado-732x1104.jpg 732w, https:\/\/nmcontemporaneo.com\/wp-content\/uploads\/2015\/12\/Espacio-fragmentado.jpg 795w\" sizes=\"auto, (max-width: 366px) 100vw, 366px\" data-caption=\"ESPACIO FRAGMENTADO, Serie: Lo que los ojos no alcanzan a ver, Manta e hilo, 163 x 103 x 35 cm, 2010 - 2011.\" class=\"light-dropshaddow\" itemprop=\"contentUrl\" alt=\"\"><meta itemprop=\"url\" content=\"https:\/\/nmcontemporaneo.com\/wp-content\/uploads\/2015\/12\/Espacio-fragmentado-366x552.jpg\"><meta itemprop=\"width\" content=\"366px\"><meta itemprop=\"height\" content=\"552px\"><\/div><\/div><div class=\"caption kad_caption\"><div class=\"kad_caption_inner\">ESPACIO FRAGMENTADO, Serie: Lo que los ojos no alcanzan a ver, Manta e hilo, 163 x 103 x 35 cm, 2010 &#8211; 2011.<\/div><\/div><\/a><\/div><\/div><\/div>\n<p style=\"text-align: justify;\">Miriam Medrez (CDMX, 1958), a\u00fan cuando ha transitado por la abstracci\u00f3n, el v\u00ednculo con la corporeidad es una constante en su trabajo. La reflexi\u00f3n sobre el cuerpo de la mujer es el sujeto de su obra y aun cuando las im\u00e1genes del cuerpo femenino abundan en la historia del arte, en la obra de Miriam se aborda desde la mirada de la propia artista y m\u00e1s all\u00e1, desde sus propias entra\u00f1as.<\/p>\n\n<div class=\"sp-wrap sp-wrap-default\">\n<div class=\"sp-head\" title=\"Expandir\">\nCurriculum Vitae\n<\/div>\n<div class=\"sp-body folded\">\n<p><strong>Miriam Medrez<\/strong><br \/>\nNace en Ciudad de M\u00e9xico, 1958<br \/>\n1976 Estudios en la Universidad de Concordia, Montreal, Canad\u00e1.<br \/>\n1979 Licenciatura en Artes Pl\u00e1sticas en UNAM.<\/p>\n<p><strong>Exposiciones Individuales<\/strong><br \/>\n2014 &#8220;Vestidos invertidos&#8221;, Galer\u00eda Emma Molina, Instituto Cultural de Mx. En San Antonio,Texas<br \/>\n&#8220;Entretejidos&#8221;, Celda Contempor\u00e1nea, Claustro de Sor Juana, M\u00e9xico, D.F.<br \/>\n2013 &#8220;Hilvanando identidades&#8221;, Museo de Arte de Quer\u00e9taro.<br \/>\n\u201cCuerpo ausencia\u201d, Hilvanando Identidades, Universidad de las Americas, Capilla del Arte. Puebla,<br \/>\n2011 &#8220;Zurciendo&#8221; , &#8220;Lo que los ojos no alcanzan a ver&#8221;, Crearte de ICBC; Ensenada, Baja California.<br \/>\n2008 &#8220;La estructura de la piel&#8221;, Museo MARCO; Monterrey, Nuevo Le\u00f3n.<br \/>\n&#8220;La estructura de la piel&#8221;, Centro de las Artes San Luis Potosi.<br \/>\n2006 &#8220;Del Desierto&#8221;, Museo de Hacienda y Cr\u00e9dito P\u00fablico; M\u00e9xico, D. F.<br \/>\n2005 &#8220;Escribiendo esculturas\u2026 23 frases&#8221;, Museo de Arte de Zapopan; Guadalajara, Jalisco.<br \/>\n2004 &#8220;Pieza del mes de Diciembre&#8221;, Museo MARCO; Monterrey, Nuevo Le\u00f3n.<br \/>\n1999 &#8220;Trayectos&#8221;, Galer\u00eda Ramiz Barquet; Monterrey, Nuevo Le\u00f3n.<br \/>\n1995 &#8220;Asalto de Recuerdos&#8221;, Museo MARCO; Monterrey, Nuevo Le\u00f3n.<br \/>\n1991 &#8220;Mujeres acompa\u00f1adas de Perros&#8221;, Galer\u00eda Arte Actual Mexicano; Monterrey, Nuevo Le\u00f3n.<br \/>\n1989 &#8220;Cer\u00e1mica&#8221;, Galer\u00eda Arte Actual Mexicano; Monterrey, Nuevo Le\u00f3n.<br \/>\n1987 &#8220;Alquimia sin secreto&#8221;, Casa del Lago M\u00e9xico; D.F.<br \/>\n1985 &#8220;El Pescado, Galer\u00eda Collage; Monterrey, Nuevo Le\u00f3n.&#8221;<br \/>\n1984 &#8220;Las gordas, los perros y el mar\u201d, Casa de la Cultura de Monterrey; Nuevo Le\u00f3n, M\u00e9xico.<\/p>\n<p><strong>Exposiciones Colectivas<\/strong><br \/>\nDe 1985 al 2014 alrededor de 90 exposiciones en el territorio nacional y en el extranjero<br \/>\nColecciones P\u00fablicas (Selecci\u00f3n)<br \/>\nMuseo de Arte Moderno; M\u00e9xico, D.F.<br \/>\nMuseo de Monterrey; Monterrey, N.L<br \/>\nMuseo \u201cMARCO;\u201d Monterrey N.L.<\/p>\n<p><strong>Publicaciones (Selecci\u00f3n)<\/strong><br \/>\nEl libro \u201cDoscientas Ballenas y Cuatro Caballos\u201d Margo Glanz.<br \/>\nIlustraci\u00f3n de Vi\u00f1etas en el Suplemento del Peri\u00f3dico \u201cEl Porvenir\u201d.<br \/>\n\u201cCuatro Cuentos\u201d de Cecilia Paez.<br \/>\n\u201cDos y Dos\u201d carpeta de grabados.<br \/>\n\u201cEscultura Mexicana: de la Academia a la Instalaci\u00f3n\u201d, Consejo Nacional de Bellas Artes, Landucci Editores, SA de CV. Mil\u00e1n 1999.<br \/>\nMoyss\u00e9n, Xavier, Artes Plasticas de N.L.; \u201c100 a\u00f1os de historia siglo XX\u201d, Museo de Monterrey, Monterrey, N. L. 2000.<\/p>\n<p><strong>Docencia<\/strong><br \/>\n2006\/2007 Curso de Escultura, CEDIM, Monterrey, N.L. M\u00e9xico.<br \/>\nAsistente de Profesor en la Universidad de Betzalel, Jerusal\u00e9n, Israel.<br \/>\n2011 Curso de escultura , El Casa, San Agustin Etla. Oaxaca<\/p>\n<div class=\"spdiv\">[plegar]<\/div>\n<\/div>\n<\/div>\n\n","protected":false},"excerpt":{"rendered":"<p>&lt;&lt; Ant. | Artistas | Sig. &gt;&gt; Miriam Medrez (CDMX, 1958), a\u00fan cuando ha transitado por la abstracci\u00f3n, el v\u00ednculo con la corporeidad es una constante en su trabajo. La reflexi\u00f3n sobre el cuerpo de la mujer es el sujeto &hellip; <a class=\"kt-excerpt-readmore\" href=\"https:\/\/nmcontemporaneo.com\/es\/catalogo\/escultura\/miriam-medrez\/\" aria-label=\"Miriam Medrez\">Read More<\/a><\/p>\n","protected":false},"author":25,"featured_media":0,"parent":571,"menu_order":0,"comment_status":"closed","ping_status":"closed","template":"page-fullwidth.php","meta":{"kt_blocks_editor_width":"","footnotes":""},"class_list":["post-9385","page","type-page","status-publish","hentry"],"_links":{"self":[{"href":"https:\/\/nmcontemporaneo.com\/es\/wp-json\/wp\/v2\/pages\/9385","targetHints":{"allow":["GET"]}}],"collection":[{"href":"https:\/\/nmcontemporaneo.com\/es\/wp-json\/wp\/v2\/pages"}],"about":[{"href":"https:\/\/nmcontemporaneo.com\/es\/wp-json\/wp\/v2\/types\/page"}],"author":[{"embeddable":true,"href":"https:\/\/nmcontemporaneo.com\/es\/wp-json\/wp\/v2\/users\/25"}],"replies":[{"embeddable":true,"href":"https:\/\/nmcontemporaneo.com\/es\/wp-json\/wp\/v2\/comments?post=9385"}],"version-history":[{"count":2,"href":"https:\/\/nmcontemporaneo.com\/es\/wp-json\/wp\/v2\/pages\/9385\/revisions"}],"predecessor-version":[{"id":14243,"href":"https:\/\/nmcontemporaneo.com\/es\/wp-json\/wp\/v2\/pages\/9385\/revisions\/14243"}],"up":[{"embeddable":true,"href":"https:\/\/nmcontemporaneo.com\/es\/wp-json\/wp\/v2\/pages\/571"}],"wp:attachment":[{"href":"https:\/\/nmcontemporaneo.com\/es\/wp-json\/wp\/v2\/media?parent=9385"}],"curies":[{"name":"wp","href":"https:\/\/api.w.org\/{rel}","templated":true}]}}