{"id":9734,"date":"2022-06-19T19:10:32","date_gmt":"2022-06-20T01:10:32","guid":{"rendered":"http:\/\/nmcontemporaneo.com\/?page_id=9734"},"modified":"2025-06-21T00:55:05","modified_gmt":"2025-06-21T06:55:05","slug":"carlos-marin","status":"publish","type":"page","link":"https:\/\/nmcontemporaneo.com\/es\/catalogo\/escultura\/carlos-marin\/","title":{"rendered":"Carlos Mar\u00edn"},"content":{"rendered":"<p style=\"text-align: center;\"><a href=\"https:\/\/nmcontemporaneo.com\/catalogo\/escultura\/miriam-medrez\/\" data-wplink-edit=\"true\">&lt;&lt; Ant.<\/a> | <a href=\"\/catalogo\/todos-los-artistas\/\">Artistas<\/a> | <a href=\"https:\/\/nmcontemporaneo.com\/catalogo\/escultura\/lucrecia-waggoner\">Sig. &gt;&gt;<\/a><\/p>\n<div id=\"kad-wp-gallery822\" class=\"kad-wp-gallery gallery kt-gallery-column-2 init-isotope-intrinsic reinit-isotope kad-light-wp-gallery clearfix rowtight\" data-fade-in=\"1\" data-iso-selector=\".g_item\" data-iso-style=\"masonry\" data-iso-filter=\"false\"><div class=\"tcol-lg-6 tcol-md-6 tcol-sm-6 tcol-xs-12 tcol-ss-12 g_item\"><div class=\"grid_item kt_item_fade_in kad_gallery_fade_in gallery_item\"><a href=\"https:\/\/nmcontemporaneo.com\/wp-content\/uploads\/2016\/06\/La-m\u00e1s-sincera-de-las-miradas.jpg\" data-rel=\"lightbox\" class=\"lightboxhover\"><div class=\"kt-intrinsic\" style=\"padding-bottom:133.39285714286%;\"><div itemprop=\"image\" itemscope itemtype=\"https:\/\/schema.org\/ImageObject\"><img loading=\"lazy\" decoding=\"async\" width=\"560\" height=\"747\" src=\"https:\/\/nmcontemporaneo.com\/wp-content\/uploads\/2016\/06\/La-m\u00e1s-sincera-de-las-miradas-560x747.jpg\" srcset=\"https:\/\/nmcontemporaneo.com\/wp-content\/uploads\/2016\/06\/La-m\u00e1s-sincera-de-las-miradas-560x747.jpg 560w, https:\/\/nmcontemporaneo.com\/wp-content\/uploads\/2016\/06\/La-m\u00e1s-sincera-de-las-miradas-225x300.jpg 225w, https:\/\/nmcontemporaneo.com\/wp-content\/uploads\/2016\/06\/La-m\u00e1s-sincera-de-las-miradas.jpg 585w\" sizes=\"auto, (max-width: 560px) 100vw, 560px\" data-caption=\"LA M\u00c1S SINCERA DE LAS MIRADAS. Escultura en cer\u00e1mica con \u00f3xidos, 39 x 38 x 30 cm.\" class=\"light-dropshaddow\" itemprop=\"contentUrl\" alt=\"\"><meta itemprop=\"url\" content=\"https:\/\/nmcontemporaneo.com\/wp-content\/uploads\/2016\/06\/La-m\u00e1s-sincera-de-las-miradas-560x747.jpg\"><meta itemprop=\"width\" content=\"560px\"><meta itemprop=\"height\" content=\"747px\"><\/div><\/div><div class=\"caption kad_caption\"><div class=\"kad_caption_inner\">LA M\u00c1S SINCERA DE LAS MIRADAS. Escultura en cer\u00e1mica con \u00f3xidos, 39 x 38 x 30 cm.<\/div><\/div><\/a><\/div><\/div><div class=\"tcol-lg-6 tcol-md-6 tcol-sm-6 tcol-xs-12 tcol-ss-12 g_item\"><div class=\"grid_item kt_item_fade_in kad_gallery_fade_in gallery_item\"><a href=\"https:\/\/nmcontemporaneo.com\/wp-content\/uploads\/2016\/06\/Otro-lado-del-t\u00fanel.jpg\" data-rel=\"lightbox\" class=\"lightboxhover\"><div class=\"kt-intrinsic\" style=\"padding-bottom:130.71428571429%;\"><div itemprop=\"image\" itemscope itemtype=\"https:\/\/schema.org\/ImageObject\"><img loading=\"lazy\" decoding=\"async\" width=\"560\" height=\"732\" src=\"https:\/\/nmcontemporaneo.com\/wp-content\/uploads\/2016\/06\/Otro-lado-del-t\u00fanel-560x732.jpg\" srcset=\"https:\/\/nmcontemporaneo.com\/wp-content\/uploads\/2016\/06\/Otro-lado-del-t\u00fanel-560x732.jpg 560w, https:\/\/nmcontemporaneo.com\/wp-content\/uploads\/2016\/06\/Otro-lado-del-t\u00fanel-230x300.jpg 230w, https:\/\/nmcontemporaneo.com\/wp-content\/uploads\/2016\/06\/Otro-lado-del-t\u00fanel.jpg 597w\" sizes=\"auto, (max-width: 560px) 100vw, 560px\" data-caption=\"OTRO LADO DEL T\u00daNEL. Escultura en cer\u00e1mica con \u00f3xidos, 60 x 22 x 26 cm.\" class=\"light-dropshaddow\" itemprop=\"contentUrl\" alt=\"\"><meta itemprop=\"url\" content=\"https:\/\/nmcontemporaneo.com\/wp-content\/uploads\/2016\/06\/Otro-lado-del-t\u00fanel-560x732.jpg\"><meta itemprop=\"width\" content=\"560px\"><meta itemprop=\"height\" content=\"732px\"><\/div><\/div><div class=\"caption kad_caption\"><div class=\"kad_caption_inner\">OTRO LADO DEL T\u00daNEL. Escultura en cer\u00e1mica con \u00f3xidos, 60 x 22 x 26 cm.<\/div><\/div><\/a><\/div><\/div><div class=\"tcol-lg-6 tcol-md-6 tcol-sm-6 tcol-xs-12 tcol-ss-12 g_item\"><div class=\"grid_item kt_item_fade_in kad_gallery_fade_in gallery_item\"><a href=\"https:\/\/nmcontemporaneo.com\/wp-content\/uploads\/2016\/06\/Delirio1.jpg\" data-rel=\"lightbox\" class=\"lightboxhover\"><div class=\"kt-intrinsic\" style=\"padding-bottom:146.89265536723%;\"><div itemprop=\"image\" itemscope itemtype=\"https:\/\/schema.org\/ImageObject\"><img loading=\"lazy\" decoding=\"async\" width=\"531\" height=\"780\" src=\"https:\/\/nmcontemporaneo.com\/wp-content\/uploads\/2016\/06\/Delirio1.jpg\" srcset=\"https:\/\/nmcontemporaneo.com\/wp-content\/uploads\/2016\/06\/Delirio1.jpg 531w, https:\/\/nmcontemporaneo.com\/wp-content\/uploads\/2016\/06\/Delirio1-204x300.jpg 204w\" sizes=\"auto, (max-width: 531px) 100vw, 531px\" data-caption=\"DELIRIO. Escultura en cer\u00e1mica con \u00f3xidos, 69 x 31 x 43 cm.\" class=\"light-dropshaddow\" itemprop=\"contentUrl\" alt=\"\"><meta itemprop=\"url\" content=\"https:\/\/nmcontemporaneo.com\/wp-content\/uploads\/2016\/06\/Delirio1.jpg\"><meta itemprop=\"width\" content=\"531px\"><meta itemprop=\"height\" content=\"780px\"><\/div><\/div><div class=\"caption kad_caption\"><div class=\"kad_caption_inner\">DELIRIO. Escultura en cer\u00e1mica con \u00f3xidos, 69 x 31 x 43 cm.<\/div><\/div><\/a><\/div><\/div><div class=\"tcol-lg-6 tcol-md-6 tcol-sm-6 tcol-xs-12 tcol-ss-12 g_item\"><div class=\"grid_item kt_item_fade_in kad_gallery_fade_in gallery_item\"><a href=\"https:\/\/nmcontemporaneo.com\/wp-content\/uploads\/2016\/06\/Sin-posibilidad-de-movimiento..jpg\" data-rel=\"lightbox\" class=\"lightboxhover\"><div class=\"kt-intrinsic\" style=\"padding-bottom:145.53571428571%;\"><div itemprop=\"image\" itemscope itemtype=\"https:\/\/schema.org\/ImageObject\"><img loading=\"lazy\" decoding=\"async\" width=\"560\" height=\"815\" src=\"https:\/\/nmcontemporaneo.com\/wp-content\/uploads\/2016\/06\/Sin-posibilidad-de-movimiento.-560x815.jpg\" srcset=\"https:\/\/nmcontemporaneo.com\/wp-content\/uploads\/2016\/06\/Sin-posibilidad-de-movimiento.-560x815.jpg 560w, https:\/\/nmcontemporaneo.com\/wp-content\/uploads\/2016\/06\/Sin-posibilidad-de-movimiento.-206x300.jpg 206w, https:\/\/nmcontemporaneo.com\/wp-content\/uploads\/2016\/06\/Sin-posibilidad-de-movimiento..jpg 703w\" sizes=\"auto, (max-width: 560px) 100vw, 560px\" data-caption=\"SIN POSIBILIDAD DE MOVIMIENTO. Relieve en cer\u00e1mica con \u00f3xidos, 71 x 49 cm.\" class=\"light-dropshaddow\" itemprop=\"contentUrl\" alt=\"\"><meta itemprop=\"url\" content=\"https:\/\/nmcontemporaneo.com\/wp-content\/uploads\/2016\/06\/Sin-posibilidad-de-movimiento.-560x815.jpg\"><meta itemprop=\"width\" content=\"560px\"><meta itemprop=\"height\" content=\"815px\"><\/div><\/div><div class=\"caption kad_caption\"><div class=\"kad_caption_inner\">SIN POSIBILIDAD DE MOVIMIENTO. Relieve en cer\u00e1mica con \u00f3xidos, 71 x 49 cm.<\/div><\/div><\/a><\/div><\/div><div class=\"tcol-lg-6 tcol-md-6 tcol-sm-6 tcol-xs-12 tcol-ss-12 g_item\"><div class=\"grid_item kt_item_fade_in kad_gallery_fade_in gallery_item\"><a href=\"https:\/\/nmcontemporaneo.com\/wp-content\/uploads\/2016\/06\/Bestiario.jpg\" data-rel=\"lightbox\" class=\"lightboxhover\"><div class=\"kt-intrinsic\" style=\"padding-bottom:90.535714285714%;\"><div itemprop=\"image\" itemscope itemtype=\"https:\/\/schema.org\/ImageObject\"><img loading=\"lazy\" decoding=\"async\" width=\"560\" height=\"507\" src=\"https:\/\/nmcontemporaneo.com\/wp-content\/uploads\/2016\/06\/Bestiario-560x507.jpg\" srcset=\"https:\/\/nmcontemporaneo.com\/wp-content\/uploads\/2016\/06\/Bestiario-560x507.jpg 560w, https:\/\/nmcontemporaneo.com\/wp-content\/uploads\/2016\/06\/Bestiario-300x272.jpg 300w, https:\/\/nmcontemporaneo.com\/wp-content\/uploads\/2016\/06\/Bestiario.jpg 875w\" sizes=\"auto, (max-width: 560px) 100vw, 560px\" data-caption=\"BESTIARIO. Escultura en cer\u00e1mica con \u00f3xidos y esmaltes, pol\u00edptico (7piezas), 140 x 175 cm.\" class=\"light-dropshaddow\" itemprop=\"contentUrl\" alt=\"\"><meta itemprop=\"url\" content=\"https:\/\/nmcontemporaneo.com\/wp-content\/uploads\/2016\/06\/Bestiario-560x507.jpg\"><meta itemprop=\"width\" content=\"560px\"><meta itemprop=\"height\" content=\"507px\"><\/div><\/div><div class=\"caption kad_caption\"><div class=\"kad_caption_inner\">BESTIARIO. Escultura en cer\u00e1mica con \u00f3xidos y esmaltes, pol\u00edptico (7piezas), 140 x 175 cm.<\/div><\/div><\/a><\/div><\/div><div class=\"tcol-lg-6 tcol-md-6 tcol-sm-6 tcol-xs-12 tcol-ss-12 g_item\"><div class=\"grid_item kt_item_fade_in kad_gallery_fade_in gallery_item\"><a href=\"https:\/\/nmcontemporaneo.com\/wp-content\/uploads\/2016\/06\/Vendaval-H-y-M_f2.jpg\" data-rel=\"lightbox\" class=\"lightboxhover\"><div class=\"kt-intrinsic\" style=\"padding-bottom:87.012987012987%;\"><div itemprop=\"image\" itemscope itemtype=\"https:\/\/schema.org\/ImageObject\"><img loading=\"lazy\" decoding=\"async\" width=\"539\" height=\"469\" src=\"https:\/\/nmcontemporaneo.com\/wp-content\/uploads\/2016\/06\/Vendaval-H-y-M_f2.jpg\" srcset=\"https:\/\/nmcontemporaneo.com\/wp-content\/uploads\/2016\/06\/Vendaval-H-y-M_f2.jpg 539w, https:\/\/nmcontemporaneo.com\/wp-content\/uploads\/2016\/06\/Vendaval-H-y-M_f2-300x261.jpg 300w\" sizes=\"auto, (max-width: 539px) 100vw, 539px\" data-caption=\"VENDAVAL H. Escultura en cer\u00e1mica con \u00f3xidos, 32 x 43 x 16 cm. VENDAVAL M, Escultura con \u00f3xidos, 36 x 38 x 17 cm.\" class=\"light-dropshaddow\" itemprop=\"contentUrl\" alt=\"\"><meta itemprop=\"url\" content=\"https:\/\/nmcontemporaneo.com\/wp-content\/uploads\/2016\/06\/Vendaval-H-y-M_f2.jpg\"><meta itemprop=\"width\" content=\"539px\"><meta itemprop=\"height\" content=\"469px\"><\/div><\/div><div class=\"caption kad_caption\"><div class=\"kad_caption_inner\">VENDAVAL H. Escultura en cer\u00e1mica con \u00f3xidos, 32 x 43 x 16 cm. VENDAVAL M, Escultura con \u00f3xidos, 36 x 38 x 17 cm.<\/div><\/div><\/a><\/div><\/div><\/div>\n<figure id=\"attachment_9745\" class=\"thumbnail wp-caption aligncenter\" style=\"width: 1394px\"><a href=\"http:\/\/nmcontemporaneo.com\/wp-content\/uploads\/2016\/06\/La-l\u00ednea-de-lo-posible.jpg\"><img loading=\"lazy\" decoding=\"async\" class=\"wp-image-9745 size-full\" src=\"http:\/\/nmcontemporaneo.com\/wp-content\/uploads\/2016\/06\/La-l\u00ednea-de-lo-posible.jpg\" alt=\"La l\u00ednea de lo posible\" width=\"1394\" height=\"274\" srcset=\"https:\/\/nmcontemporaneo.com\/wp-content\/uploads\/2016\/06\/La-l\u00ednea-de-lo-posible.jpg 1394w, https:\/\/nmcontemporaneo.com\/wp-content\/uploads\/2016\/06\/La-l\u00ednea-de-lo-posible-300x59.jpg 300w, https:\/\/nmcontemporaneo.com\/wp-content\/uploads\/2016\/06\/La-l\u00ednea-de-lo-posible-1024x201.jpg 1024w\" sizes=\"auto, (max-width: 1394px) 100vw, 1394px\" \/><\/a><figcaption class=\"caption wp-caption-text\">LA L\u00cdNEA DE LO POSIBLE. Relieve en cer\u00e1mica con \u00f3xidos y esmalte, 239 x 48 cm.<\/figcaption><\/figure>\n<p>Carlos Mar\u00edn (Michoacan, Mexico 1959), su obra es vers\u00e1til y lo caracteriza la b\u00fasqueda de sus lenguajes y la experimentaci\u00f3n de diferentes materiales, aunque siempre regresa a la cer\u00e1mica, material con el que se siente profundamente identificado. El barro para Mar\u00edn es un material que le permite modelar suavemente el cuerpo y los cuerpos que interact\u00faan para contarnos una historia un pasado que carcome y se transforma en arte.<\/p>\n<p>La vestimenta se convierte en el disfraz de la bestia humanizada para representar con textura terrosa a criaturas aladas, cuerpos con forma de pez y de sirenas entre tortugas, p\u00e1jaros, iguanas y serpientes, que se siguen unos a otros, se conectan y fluyen al lado de la metamorfosis de un cuerpo femenino como \u00e1rbol que resguarda a las aves, un di\u00e1logo de la figura humana con guajolotes, patos, ranas, cerdos, cabezas de jabal\u00ed y buey; conformando un bestiario.<\/p>\n<p>Durante los \u00faltimos 27 a\u00f1os Carlos Mar\u00edn ha vivido en Cuernavaca y toda su producci\u00f3n profesional desde el a\u00f1o 2000, ha sido realizada en esta ciudad. De Uruapan Michoac\u00e1n, M\u00e9xico, nacido en 1959; pertenece a una de las familias m\u00e1s representativas de artistas contempor\u00e1neos mexicanos. Estudi\u00f3 Dise\u00f1o Gr\u00e1fico en la Academia de San Carlos de la Universidad Nacional Aut\u00f3noma de M\u00e9xico, hizo dise\u00f1o por muchos a\u00f1os sin dejar nunca la escultura y el dibujo, hasta que en el a\u00f1o 2000 decidi\u00f3 dedicarse profesionalmente al arte; desde entonces ha explorado pl\u00e1sticamente alrededor del cuerpo humano, que como \u00e9l bien dice: es su lenguaje.<\/p>\n\n<div class=\"sp-wrap sp-wrap-default\">\n<div class=\"sp-head\" title=\"Expandir\">\nCurriculum Vitae\n<\/div>\n<div class=\"sp-body folded\">\n<p><strong>Carlos Mar\u00edn<\/strong><\/p>\n<p>Carlos Mar\u00edn ha desarrollado una propuesta art\u00edstica fundamentalmente alrededor de la escultura, el relieve, el dibujo y la gr\u00e1fica. Sus materiales son principalmente la cer\u00e1mica, los \u00f3xidos, el bol\u00edgrafo. Desde 1995 se dedica profesionalmente a las Artes pl\u00e1sticas y Visuales.<\/p>\n<p><strong>Exposiciones Individuales (selecci\u00f3n)<\/strong><\/p>\n<p>2015 COSA DE GRAVEDAD. Escultura de Pared, Galer\u00eda Oscar Rom\u00e1n. M\u00e9xico, D.F.<br \/>\n2015 INVENTARIO. Escultura y Relieve, Galer\u00eda Sisal. San Miguel de Allende. Guanajuato.<br \/>\n2014 VOCES. Escultura y Relieve, Galer\u00eda Oscar Rom\u00e1n. M\u00e9xico, D. F.<br \/>\n2013 TRES TIEMPOS. Relieve y escultura, Un teatro, Espacio Cultural. A.C. M\u00e9xico D.F.<br \/>\n2012 CORTEZAS. Escultura y relieve, X espacio de arte. M\u00e9xico, D.F.<br \/>\n2010 TERRITORIOS DE PREGUNTAS. Escultura, Instituto Mexiquense de cultura, Casa Isidro Fabela<br \/>\nSan \u00c1ngel, M\u00e9xico, D.F.<br \/>\n2009 TERRITORIO DE PREGUNTAS. Escultura y Pintura, Museo de Arte de Quer\u00e9taro. Quer\u00e9taro, Qro.<br \/>\n2007 CUERPOS DES HABITADOS, Escultura y Pintura, Espacio cultural Jard\u00edn Borda, Cuernavaca Morelos.<\/p>\n<p><strong>Exposiciones Colectivas (selecci\u00f3n)<\/strong><\/p>\n<p>2011 OBRAS DE LA GALER\u00cdA. Escultura en bronce, Galer\u00eda Patricia Mendoza. San Jos\u00e9 de Los cabos B.C.S.<br \/>\n2011 FUNDACION GUADALUPE MADRE TIERRA, Relieve en cer\u00e1mica, Jard\u00edn borda. Cuernavaca, Mor.<br \/>\n2011 EXPOSICI\u00d3N Y SUBASTA FUNDACI\u00d3N RAYUELA, Esculturas, Subastas L\u00f3pez Morton. Cuernavaca Mor.<br \/>\n2011 EXPOSICI\u00d3N Y SUBASTA INSTITUTO NUEVO AMANECER, Escultura. Monterrey N.L.<br \/>\n2010 EXPOSICI\u00d3N PERMANENTE ALBERTO MISRACHI, Escultura y pintura, Galer\u00eda Alberto Misrachi, M\u00e9xico D.F.<br \/>\n2009 CERAMICA LATINOAMERICANA, Escultura, Figarelli Galleries. Scottsdale Arizona USA.<br \/>\n2008 LA DIVERSIDAD DE LA IMAGINACI\u00d3N, Escultura, Instituto de Ecolog\u00eda UNAM<br \/>\n2008 AUCTION 08 Contemporany Latin American Art Escultura MOMAA Museum of Latin American Arts.<br \/>\nPalm Beach, L.A. USA<br \/>\n2006 EL CUERPO, MORADA DEL ALMA pintura. Museo Metropolitano Monterrey<br \/>\n2005 LOS JARDINES DEL DESEO pintura. Museo Metropolitano de Monterrey<br \/>\n2005 ENCUENTROS Escultura. Fomento cultural Banamex<\/p>\n<p><strong>Distinciones<\/strong><br \/>\nPrimer lugar<br \/>\nII Bienal de Escultura en peque\u00f1o formato de Morelos<br \/>\nCuernavaca, Morelos, Julio 2008<\/p>\n<p>Asesor de la beca de J\u00f3venes creadores del FOECA 2007 \u201cEnfoque contempor\u00e1neo del dibujo con L\u00ednea din\u00e1mica\u201d de Vicente Calleja.<\/p>\n<p>Asesor de la beca de J\u00f3venes creadores del FOECA 2005 \u201cConstrucci\u00f3n familiar\u201d de Paola Esquivel Silva.<\/p>\n<p>Elaboraci\u00f3n de sello para moneda conmemorativa de la Justicia para la Fac. de Derecho de la UNAM, 2004.<\/p>\n<p>Primer lugar<br \/>\nV Bienal de Artes pl\u00e1sticas Paso del norte 2004<br \/>\nCd. Ju\u00e1rez, Chihuahua, Agosto, 2004<\/p>\n<div class=\"spdiv\">[plegar]<\/div>\n<\/div>\n<\/div>\n\n","protected":false},"excerpt":{"rendered":"<p>&lt;&lt; Ant. | Artistas | Sig. &gt;&gt; Carlos Mar\u00edn (Michoacan, Mexico 1959), su obra es vers\u00e1til y lo caracteriza la b\u00fasqueda de sus lenguajes y la experimentaci\u00f3n de diferentes materiales, aunque siempre regresa a la cer\u00e1mica, material con el que &hellip; <a class=\"kt-excerpt-readmore\" href=\"https:\/\/nmcontemporaneo.com\/es\/catalogo\/escultura\/carlos-marin\/\" aria-label=\"Carlos Mar\u00edn\">Read More<\/a><\/p>\n","protected":false},"author":25,"featured_media":0,"parent":571,"menu_order":0,"comment_status":"closed","ping_status":"closed","template":"page-fullwidth.php","meta":{"kt_blocks_editor_width":"","footnotes":""},"class_list":["post-9734","page","type-page","status-publish","hentry"],"_links":{"self":[{"href":"https:\/\/nmcontemporaneo.com\/es\/wp-json\/wp\/v2\/pages\/9734","targetHints":{"allow":["GET"]}}],"collection":[{"href":"https:\/\/nmcontemporaneo.com\/es\/wp-json\/wp\/v2\/pages"}],"about":[{"href":"https:\/\/nmcontemporaneo.com\/es\/wp-json\/wp\/v2\/types\/page"}],"author":[{"embeddable":true,"href":"https:\/\/nmcontemporaneo.com\/es\/wp-json\/wp\/v2\/users\/25"}],"replies":[{"embeddable":true,"href":"https:\/\/nmcontemporaneo.com\/es\/wp-json\/wp\/v2\/comments?post=9734"}],"version-history":[{"count":2,"href":"https:\/\/nmcontemporaneo.com\/es\/wp-json\/wp\/v2\/pages\/9734\/revisions"}],"predecessor-version":[{"id":14261,"href":"https:\/\/nmcontemporaneo.com\/es\/wp-json\/wp\/v2\/pages\/9734\/revisions\/14261"}],"up":[{"embeddable":true,"href":"https:\/\/nmcontemporaneo.com\/es\/wp-json\/wp\/v2\/pages\/571"}],"wp:attachment":[{"href":"https:\/\/nmcontemporaneo.com\/es\/wp-json\/wp\/v2\/media?parent=9734"}],"curies":[{"name":"wp","href":"https:\/\/api.w.org\/{rel}","templated":true}]}}