{"id":9791,"date":"2022-08-02T13:47:45","date_gmt":"2022-08-02T19:47:45","guid":{"rendered":"http:\/\/nmcontemporaneo.com\/?page_id=9791"},"modified":"2025-06-21T00:32:31","modified_gmt":"2025-06-21T06:32:31","slug":"elisa-cano","status":"publish","type":"page","link":"https:\/\/nmcontemporaneo.com\/es\/catalogo\/escultura\/elisa-cano\/","title":{"rendered":"Elisa Cano"},"content":{"rendered":"<p style=\"text-align: center;\"><a href=\"\/catalogo\/escultura\/lucrecia-waggoner\/\">&lt;&lt; Ant.<\/a> | <a href=\"\/catalogo\/todos-los-artistas\/\">Artistas<\/a> | <a href=\"\/catalogo\/escultura\/leticia-vieyra\/\">Sig. &gt;&gt;<\/a><\/p>\n<div id=\"kad-wp-gallery184\" class=\"kad-wp-gallery gallery kt-gallery-column-3 init-isotope-intrinsic reinit-isotope kad-light-wp-gallery clearfix rowtight\" data-fade-in=\"1\" data-iso-selector=\".g_item\" data-iso-style=\"masonry\" data-iso-filter=\"false\"><div class=\"tcol-lg-4 tcol-md-4 tcol-sm-4 tcol-xs-6 tcol-ss-12 g_item\"><div class=\"grid_item kt_item_fade_in kad_gallery_fade_in gallery_item\"><a href=\"https:\/\/nmcontemporaneo.com\/wp-content\/uploads\/2016\/08\/IMG_20171207_173601460_HDR-copy-1-scaled.jpg\" data-rel=\"lightbox\" class=\"lightboxhover\"><div class=\"kt-intrinsic\" style=\"padding-bottom:133.33333333333%;\"><div itemprop=\"image\" itemscope itemtype=\"https:\/\/schema.org\/ImageObject\"><img loading=\"lazy\" decoding=\"async\" width=\"366\" height=\"488\" src=\"https:\/\/nmcontemporaneo.com\/wp-content\/uploads\/2016\/08\/IMG_20171207_173601460_HDR-copy-1-366x488.jpg\" srcset=\"https:\/\/nmcontemporaneo.com\/wp-content\/uploads\/2016\/08\/IMG_20171207_173601460_HDR-copy-1-366x488.jpg 366w, https:\/\/nmcontemporaneo.com\/wp-content\/uploads\/2016\/08\/IMG_20171207_173601460_HDR-copy-1-225x300.jpg 225w, https:\/\/nmcontemporaneo.com\/wp-content\/uploads\/2016\/08\/IMG_20171207_173601460_HDR-copy-1-768x1024.jpg 768w, https:\/\/nmcontemporaneo.com\/wp-content\/uploads\/2016\/08\/IMG_20171207_173601460_HDR-copy-1-732x976.jpg 732w, https:\/\/nmcontemporaneo.com\/wp-content\/uploads\/2016\/08\/IMG_20171207_173601460_HDR-copy-1-scaled.jpg 1920w\" sizes=\"auto, (max-width: 366px) 100vw, 366px\" data-caption=\"SIN T\u00cdTULO, Acero y Onix, 65 x 22 x 80 cm\" class=\"light-dropshaddow\" itemprop=\"contentUrl\" alt=\"\"><meta itemprop=\"url\" content=\"https:\/\/nmcontemporaneo.com\/wp-content\/uploads\/2016\/08\/IMG_20171207_173601460_HDR-copy-1-366x488.jpg\"><meta itemprop=\"width\" content=\"366px\"><meta itemprop=\"height\" content=\"488px\"><\/div><\/div><div class=\"caption kad_caption\"><div class=\"kad_caption_inner\">SIN T\u00cdTULO, Acero y Onix, 65 x 22 x 80 cm<\/div><\/div><\/a><\/div><\/div><div class=\"tcol-lg-4 tcol-md-4 tcol-sm-4 tcol-xs-6 tcol-ss-12 g_item\"><div class=\"grid_item kt_item_fade_in kad_gallery_fade_in gallery_item\"><a href=\"https:\/\/nmcontemporaneo.com\/wp-content\/uploads\/2016\/08\/IMG_20171207_173739761-Editar-scaled.jpg\" data-rel=\"lightbox\" class=\"lightboxhover\"><div class=\"kt-intrinsic\" style=\"padding-bottom:75.136612021858%;\"><div itemprop=\"image\" itemscope itemtype=\"https:\/\/schema.org\/ImageObject\"><img loading=\"lazy\" decoding=\"async\" width=\"366\" height=\"275\" src=\"https:\/\/nmcontemporaneo.com\/wp-content\/uploads\/2016\/08\/IMG_20171207_173739761-Editar-366x275.jpg\" srcset=\"https:\/\/nmcontemporaneo.com\/wp-content\/uploads\/2016\/08\/IMG_20171207_173739761-Editar-366x275.jpg 366w, https:\/\/nmcontemporaneo.com\/wp-content\/uploads\/2016\/08\/IMG_20171207_173739761-Editar-300x225.jpg 300w, https:\/\/nmcontemporaneo.com\/wp-content\/uploads\/2016\/08\/IMG_20171207_173739761-Editar-768x576.jpg 768w, https:\/\/nmcontemporaneo.com\/wp-content\/uploads\/2016\/08\/IMG_20171207_173739761-Editar-1024x768.jpg 1024w, https:\/\/nmcontemporaneo.com\/wp-content\/uploads\/2016\/08\/IMG_20171207_173739761-Editar-732x550.jpg 732w\" sizes=\"auto, (max-width: 366px) 100vw, 366px\" data-caption=\"AKASHA, Acero y Onix, 55 x 30 x 60 cm\" class=\"light-dropshaddow\" itemprop=\"contentUrl\" alt=\"\"><meta itemprop=\"url\" content=\"https:\/\/nmcontemporaneo.com\/wp-content\/uploads\/2016\/08\/IMG_20171207_173739761-Editar-366x275.jpg\"><meta itemprop=\"width\" content=\"366px\"><meta itemprop=\"height\" content=\"275px\"><\/div><\/div><div class=\"caption kad_caption\"><div class=\"kad_caption_inner\">AKASHA, Acero y Onix, 55 x 30 x 60 cm<\/div><\/div><\/a><\/div><\/div><div class=\"tcol-lg-4 tcol-md-4 tcol-sm-4 tcol-xs-6 tcol-ss-12 g_item\"><div class=\"grid_item kt_item_fade_in kad_gallery_fade_in gallery_item\"><a href=\"https:\/\/nmcontemporaneo.com\/wp-content\/uploads\/2016\/08\/escultura6-1-scaled.jpg\" data-rel=\"lightbox\" class=\"lightboxhover\"><div class=\"kt-intrinsic\" style=\"padding-bottom:75.136612021858%;\"><div itemprop=\"image\" itemscope itemtype=\"https:\/\/schema.org\/ImageObject\"><img loading=\"lazy\" decoding=\"async\" width=\"366\" height=\"275\" src=\"https:\/\/nmcontemporaneo.com\/wp-content\/uploads\/2016\/08\/escultura6-1-366x275.jpg\" srcset=\"https:\/\/nmcontemporaneo.com\/wp-content\/uploads\/2016\/08\/escultura6-1-366x275.jpg 366w, https:\/\/nmcontemporaneo.com\/wp-content\/uploads\/2016\/08\/escultura6-1-300x225.jpg 300w, https:\/\/nmcontemporaneo.com\/wp-content\/uploads\/2016\/08\/escultura6-1-768x576.jpg 768w, https:\/\/nmcontemporaneo.com\/wp-content\/uploads\/2016\/08\/escultura6-1-1024x768.jpg 1024w, https:\/\/nmcontemporaneo.com\/wp-content\/uploads\/2016\/08\/escultura6-1-732x550.jpg 732w\" sizes=\"auto, (max-width: 366px) 100vw, 366px\" data-caption=\"E=M2, Acero, 152 x 77 x 62 cm\" class=\"light-dropshaddow\" itemprop=\"contentUrl\" alt=\"\"><meta itemprop=\"url\" content=\"https:\/\/nmcontemporaneo.com\/wp-content\/uploads\/2016\/08\/escultura6-1-366x275.jpg\"><meta itemprop=\"width\" content=\"366px\"><meta itemprop=\"height\" content=\"275px\"><\/div><\/div><div class=\"caption kad_caption\"><div class=\"kad_caption_inner\">E=M2, Acero, 152 x 77 x 62 cm<\/div><\/div><\/a><\/div><\/div><div class=\"tcol-lg-4 tcol-md-4 tcol-sm-4 tcol-xs-6 tcol-ss-12 g_item\"><div class=\"grid_item kt_item_fade_in kad_gallery_fade_in gallery_item\"><a href=\"https:\/\/nmcontemporaneo.com\/wp-content\/uploads\/2016\/08\/07122017-IMG_20171207_173122179-Editar-1-scaled.jpg\" data-rel=\"lightbox\" class=\"lightboxhover\"><div class=\"kt-intrinsic\" style=\"padding-bottom:90.437158469945%;\"><div itemprop=\"image\" itemscope itemtype=\"https:\/\/schema.org\/ImageObject\"><img loading=\"lazy\" decoding=\"async\" width=\"366\" height=\"331\" src=\"https:\/\/nmcontemporaneo.com\/wp-content\/uploads\/2016\/08\/07122017-IMG_20171207_173122179-Editar-1-366x331.jpg\" srcset=\"https:\/\/nmcontemporaneo.com\/wp-content\/uploads\/2016\/08\/07122017-IMG_20171207_173122179-Editar-1-366x331.jpg 366w, https:\/\/nmcontemporaneo.com\/wp-content\/uploads\/2016\/08\/07122017-IMG_20171207_173122179-Editar-1-300x271.jpg 300w, https:\/\/nmcontemporaneo.com\/wp-content\/uploads\/2016\/08\/07122017-IMG_20171207_173122179-Editar-1-768x694.jpg 768w, https:\/\/nmcontemporaneo.com\/wp-content\/uploads\/2016\/08\/07122017-IMG_20171207_173122179-Editar-1-1024x925.jpg 1024w, https:\/\/nmcontemporaneo.com\/wp-content\/uploads\/2016\/08\/07122017-IMG_20171207_173122179-Editar-1-732x662.jpg 732w\" sizes=\"auto, (max-width: 366px) 100vw, 366px\" data-caption=\" [H], Textil, 82 x 92 cm\" class=\"light-dropshaddow\" itemprop=\"contentUrl\" alt=\"\"><meta itemprop=\"url\" content=\"https:\/\/nmcontemporaneo.com\/wp-content\/uploads\/2016\/08\/07122017-IMG_20171207_173122179-Editar-1-366x331.jpg\"><meta itemprop=\"width\" content=\"366px\"><meta itemprop=\"height\" content=\"331px\"><\/div><\/div><div class=\"caption kad_caption\"><div class=\"kad_caption_inner\"> [H], Textil, 82 x 92 cm<\/div><\/div><\/a><\/div><\/div><div class=\"tcol-lg-4 tcol-md-4 tcol-sm-4 tcol-xs-6 tcol-ss-12 g_item\"><div class=\"grid_item kt_item_fade_in kad_gallery_fade_in gallery_item\"><a href=\"https:\/\/nmcontemporaneo.com\/wp-content\/uploads\/2016\/08\/07122017-IMG_20171207_173307347-Editar-1-scaled.jpg\" data-rel=\"lightbox\" class=\"lightboxhover\"><div class=\"kt-intrinsic\" style=\"padding-bottom:86.065573770492%;\"><div itemprop=\"image\" itemscope itemtype=\"https:\/\/schema.org\/ImageObject\"><img loading=\"lazy\" decoding=\"async\" width=\"366\" height=\"315\" src=\"https:\/\/nmcontemporaneo.com\/wp-content\/uploads\/2016\/08\/07122017-IMG_20171207_173307347-Editar-1-366x315.jpg\" srcset=\"https:\/\/nmcontemporaneo.com\/wp-content\/uploads\/2016\/08\/07122017-IMG_20171207_173307347-Editar-1-366x315.jpg 366w, https:\/\/nmcontemporaneo.com\/wp-content\/uploads\/2016\/08\/07122017-IMG_20171207_173307347-Editar-1-300x258.jpg 300w, https:\/\/nmcontemporaneo.com\/wp-content\/uploads\/2016\/08\/07122017-IMG_20171207_173307347-Editar-1-768x661.jpg 768w, https:\/\/nmcontemporaneo.com\/wp-content\/uploads\/2016\/08\/07122017-IMG_20171207_173307347-Editar-1-1024x882.jpg 1024w, https:\/\/nmcontemporaneo.com\/wp-content\/uploads\/2016\/08\/07122017-IMG_20171207_173307347-Editar-1-732x630.jpg 732w\" sizes=\"auto, (max-width: 366px) 100vw, 366px\" data-caption=\" [O], Textil, 84 x 94 cm\" class=\"light-dropshaddow\" itemprop=\"contentUrl\" alt=\"\"><meta itemprop=\"url\" content=\"https:\/\/nmcontemporaneo.com\/wp-content\/uploads\/2016\/08\/07122017-IMG_20171207_173307347-Editar-1-366x315.jpg\"><meta itemprop=\"width\" content=\"366px\"><meta itemprop=\"height\" content=\"315px\"><\/div><\/div><div class=\"caption kad_caption\"><div class=\"kad_caption_inner\"> [O], Textil, 84 x 94 cm<\/div><\/div><\/a><\/div><\/div><div class=\"tcol-lg-4 tcol-md-4 tcol-sm-4 tcol-xs-6 tcol-ss-12 g_item\"><div class=\"grid_item kt_item_fade_in kad_gallery_fade_in gallery_item\"><a href=\"https:\/\/nmcontemporaneo.com\/wp-content\/uploads\/2016\/08\/07122017-IMG_20171207_174033083-Editar-Editar-1-scaled.jpg\" data-rel=\"lightbox\" class=\"lightboxhover\"><div class=\"kt-intrinsic\" style=\"padding-bottom:125.40983606557%;\"><div itemprop=\"image\" itemscope itemtype=\"https:\/\/schema.org\/ImageObject\"><img loading=\"lazy\" decoding=\"async\" width=\"366\" height=\"459\" src=\"https:\/\/nmcontemporaneo.com\/wp-content\/uploads\/2016\/08\/07122017-IMG_20171207_174033083-Editar-Editar-1-366x459.jpg\" srcset=\"https:\/\/nmcontemporaneo.com\/wp-content\/uploads\/2016\/08\/07122017-IMG_20171207_174033083-Editar-Editar-1-366x459.jpg 366w, https:\/\/nmcontemporaneo.com\/wp-content\/uploads\/2016\/08\/07122017-IMG_20171207_174033083-Editar-Editar-1-239x300.jpg 239w, https:\/\/nmcontemporaneo.com\/wp-content\/uploads\/2016\/08\/07122017-IMG_20171207_174033083-Editar-Editar-1-768x963.jpg 768w, https:\/\/nmcontemporaneo.com\/wp-content\/uploads\/2016\/08\/07122017-IMG_20171207_174033083-Editar-Editar-1-816x1024.jpg 816w, https:\/\/nmcontemporaneo.com\/wp-content\/uploads\/2016\/08\/07122017-IMG_20171207_174033083-Editar-Editar-1-732x918.jpg 732w, https:\/\/nmcontemporaneo.com\/wp-content\/uploads\/2016\/08\/07122017-IMG_20171207_174033083-Editar-Editar-1-scaled.jpg 2041w\" sizes=\"auto, (max-width: 366px) 100vw, 366px\" data-caption=\"IRISH CLIFF, Textil, 128 x 94 cm\" class=\"light-dropshaddow\" itemprop=\"contentUrl\" alt=\"\"><meta itemprop=\"url\" content=\"https:\/\/nmcontemporaneo.com\/wp-content\/uploads\/2016\/08\/07122017-IMG_20171207_174033083-Editar-Editar-1-366x459.jpg\"><meta itemprop=\"width\" content=\"366px\"><meta itemprop=\"height\" content=\"459px\"><\/div><\/div><div class=\"caption kad_caption\"><div class=\"kad_caption_inner\">IRISH CLIFF, Textil, 128 x 94 cm<\/div><\/div><\/a><\/div><\/div><div class=\"tcol-lg-4 tcol-md-4 tcol-sm-4 tcol-xs-6 tcol-ss-12 g_item\"><div class=\"grid_item kt_item_fade_in kad_gallery_fade_in gallery_item\"><a href=\"https:\/\/nmcontemporaneo.com\/wp-content\/uploads\/2016\/08\/IMG_20171207_173424274-copy-1-scaled.jpg\" data-rel=\"lightbox\" class=\"lightboxhover\"><div class=\"kt-intrinsic\" style=\"padding-bottom:120.21857923497%;\"><div itemprop=\"image\" itemscope itemtype=\"https:\/\/schema.org\/ImageObject\"><img loading=\"lazy\" decoding=\"async\" width=\"366\" height=\"440\" src=\"https:\/\/nmcontemporaneo.com\/wp-content\/uploads\/2016\/08\/IMG_20171207_173424274-copy-1-366x440.jpg\" srcset=\"https:\/\/nmcontemporaneo.com\/wp-content\/uploads\/2016\/08\/IMG_20171207_173424274-copy-1-366x440.jpg 366w, https:\/\/nmcontemporaneo.com\/wp-content\/uploads\/2016\/08\/IMG_20171207_173424274-copy-1-250x300.jpg 250w, https:\/\/nmcontemporaneo.com\/wp-content\/uploads\/2016\/08\/IMG_20171207_173424274-copy-1-768x922.jpg 768w, https:\/\/nmcontemporaneo.com\/wp-content\/uploads\/2016\/08\/IMG_20171207_173424274-copy-1-853x1024.jpg 853w, https:\/\/nmcontemporaneo.com\/wp-content\/uploads\/2016\/08\/IMG_20171207_173424274-copy-1-732x880.jpg 732w, https:\/\/nmcontemporaneo.com\/wp-content\/uploads\/2016\/08\/IMG_20171207_173424274-copy-1-scaled.jpg 2131w\" sizes=\"auto, (max-width: 366px) 100vw, 366px\" data-caption=\"POLACO S.XIII, Tela,  75 x 66 cm\" class=\"light-dropshaddow\" itemprop=\"contentUrl\" alt=\"\"><meta itemprop=\"url\" content=\"https:\/\/nmcontemporaneo.com\/wp-content\/uploads\/2016\/08\/IMG_20171207_173424274-copy-1-366x440.jpg\"><meta itemprop=\"width\" content=\"366px\"><meta itemprop=\"height\" content=\"440px\"><\/div><\/div><div class=\"caption kad_caption\"><div class=\"kad_caption_inner\">POLACO S.XIII, Tela,  75 x 66 cm<\/div><\/div><\/a><\/div><\/div><div class=\"tcol-lg-4 tcol-md-4 tcol-sm-4 tcol-xs-6 tcol-ss-12 g_item\"><div class=\"grid_item kt_item_fade_in kad_gallery_fade_in gallery_item\"><a href=\"https:\/\/nmcontemporaneo.com\/wp-content\/uploads\/2016\/08\/IMG_20171208_111139715-1.jpg\" data-rel=\"lightbox\" class=\"lightboxhover\"><div class=\"kt-intrinsic\" style=\"padding-bottom:133.33333333333%;\"><div itemprop=\"image\" itemscope itemtype=\"https:\/\/schema.org\/ImageObject\"><img loading=\"lazy\" decoding=\"async\" width=\"366\" height=\"488\" src=\"https:\/\/nmcontemporaneo.com\/wp-content\/uploads\/2016\/08\/IMG_20171208_111139715-1-366x488.jpg\" srcset=\"https:\/\/nmcontemporaneo.com\/wp-content\/uploads\/2016\/08\/IMG_20171208_111139715-1-366x488.jpg 366w, https:\/\/nmcontemporaneo.com\/wp-content\/uploads\/2016\/08\/IMG_20171208_111139715-1-225x300.jpg 225w, https:\/\/nmcontemporaneo.com\/wp-content\/uploads\/2016\/08\/IMG_20171208_111139715-1-768x1024.jpg 768w, https:\/\/nmcontemporaneo.com\/wp-content\/uploads\/2016\/08\/IMG_20171208_111139715-1-732x976.jpg 732w, https:\/\/nmcontemporaneo.com\/wp-content\/uploads\/2016\/08\/IMG_20171208_111139715-1.jpg 1200w\" sizes=\"auto, (max-width: 366px) 100vw, 366px\" data-caption=\"TUNDRA I,  Collage piel y papel,  84 x 69 cm\" class=\"light-dropshaddow\" itemprop=\"contentUrl\" alt=\"\"><meta itemprop=\"url\" content=\"https:\/\/nmcontemporaneo.com\/wp-content\/uploads\/2016\/08\/IMG_20171208_111139715-1-366x488.jpg\"><meta itemprop=\"width\" content=\"366px\"><meta itemprop=\"height\" content=\"488px\"><\/div><\/div><div class=\"caption kad_caption\"><div class=\"kad_caption_inner\">TUNDRA I,  Collage piel y papel,  84 x 69 cm<\/div><\/div><\/a><\/div><\/div><div class=\"tcol-lg-4 tcol-md-4 tcol-sm-4 tcol-xs-6 tcol-ss-12 g_item\"><div class=\"grid_item kt_item_fade_in kad_gallery_fade_in gallery_item\"><a href=\"https:\/\/nmcontemporaneo.com\/wp-content\/uploads\/2016\/08\/IMG_20171208_111147476-1.jpg\" data-rel=\"lightbox\" class=\"lightboxhover\"><div class=\"kt-intrinsic\" style=\"padding-bottom:133.33333333333%;\"><div itemprop=\"image\" itemscope itemtype=\"https:\/\/schema.org\/ImageObject\"><img loading=\"lazy\" decoding=\"async\" width=\"366\" height=\"488\" src=\"https:\/\/nmcontemporaneo.com\/wp-content\/uploads\/2016\/08\/IMG_20171208_111147476-1-366x488.jpg\" srcset=\"https:\/\/nmcontemporaneo.com\/wp-content\/uploads\/2016\/08\/IMG_20171208_111147476-1-366x488.jpg 366w, https:\/\/nmcontemporaneo.com\/wp-content\/uploads\/2016\/08\/IMG_20171208_111147476-1-225x300.jpg 225w, https:\/\/nmcontemporaneo.com\/wp-content\/uploads\/2016\/08\/IMG_20171208_111147476-1-768x1024.jpg 768w, https:\/\/nmcontemporaneo.com\/wp-content\/uploads\/2016\/08\/IMG_20171208_111147476-1-732x976.jpg 732w, https:\/\/nmcontemporaneo.com\/wp-content\/uploads\/2016\/08\/IMG_20171208_111147476-1.jpg 1200w\" sizes=\"auto, (max-width: 366px) 100vw, 366px\" data-caption=\"TUNDRA II,  Collage piel y papel,  84 x 69 cm\" class=\"light-dropshaddow\" itemprop=\"contentUrl\" alt=\"\"><meta itemprop=\"url\" content=\"https:\/\/nmcontemporaneo.com\/wp-content\/uploads\/2016\/08\/IMG_20171208_111147476-1-366x488.jpg\"><meta itemprop=\"width\" content=\"366px\"><meta itemprop=\"height\" content=\"488px\"><\/div><\/div><div class=\"caption kad_caption\"><div class=\"kad_caption_inner\">TUNDRA II,  Collage piel y papel,  84 x 69 cm<\/div><\/div><\/a><\/div><\/div><div class=\"tcol-lg-4 tcol-md-4 tcol-sm-4 tcol-xs-6 tcol-ss-12 g_item\"><div class=\"grid_item kt_item_fade_in kad_gallery_fade_in gallery_item\"><a href=\"https:\/\/nmcontemporaneo.com\/wp-content\/uploads\/2016\/08\/IMG_20171208_111151808-copy-1-scaled.jpg\" data-rel=\"lightbox\" class=\"lightboxhover\"><div class=\"kt-intrinsic\" style=\"padding-bottom:133.33333333333%;\"><div itemprop=\"image\" itemscope itemtype=\"https:\/\/schema.org\/ImageObject\"><img loading=\"lazy\" decoding=\"async\" width=\"366\" height=\"488\" src=\"https:\/\/nmcontemporaneo.com\/wp-content\/uploads\/2016\/08\/IMG_20171208_111151808-copy-1-366x488.jpg\" srcset=\"https:\/\/nmcontemporaneo.com\/wp-content\/uploads\/2016\/08\/IMG_20171208_111151808-copy-1-366x488.jpg 366w, https:\/\/nmcontemporaneo.com\/wp-content\/uploads\/2016\/08\/IMG_20171208_111151808-copy-1-225x300.jpg 225w, https:\/\/nmcontemporaneo.com\/wp-content\/uploads\/2016\/08\/IMG_20171208_111151808-copy-1-768x1024.jpg 768w, https:\/\/nmcontemporaneo.com\/wp-content\/uploads\/2016\/08\/IMG_20171208_111151808-copy-1-732x976.jpg 732w, https:\/\/nmcontemporaneo.com\/wp-content\/uploads\/2016\/08\/IMG_20171208_111151808-copy-1-scaled.jpg 1920w\" sizes=\"auto, (max-width: 366px) 100vw, 366px\" data-caption=\"TUNDRA III,  Collage piel y papel,  84 x 69 cm\" class=\"light-dropshaddow\" itemprop=\"contentUrl\" alt=\"\"><meta itemprop=\"url\" content=\"https:\/\/nmcontemporaneo.com\/wp-content\/uploads\/2016\/08\/IMG_20171208_111151808-copy-1-366x488.jpg\"><meta itemprop=\"width\" content=\"366px\"><meta itemprop=\"height\" content=\"488px\"><\/div><\/div><div class=\"caption kad_caption\"><div class=\"kad_caption_inner\">TUNDRA III,  Collage piel y papel,  84 x 69 cm<\/div><\/div><\/a><\/div><\/div><div class=\"tcol-lg-4 tcol-md-4 tcol-sm-4 tcol-xs-6 tcol-ss-12 g_item\"><div class=\"grid_item kt_item_fade_in kad_gallery_fade_in gallery_item\"><a href=\"https:\/\/nmcontemporaneo.com\/wp-content\/uploads\/2016\/08\/IMG_20171208_111132510-1.jpg\" data-rel=\"lightbox\" class=\"lightboxhover\"><div class=\"kt-intrinsic\" style=\"padding-bottom:133.33333333333%;\"><div itemprop=\"image\" itemscope itemtype=\"https:\/\/schema.org\/ImageObject\"><img loading=\"lazy\" decoding=\"async\" width=\"366\" height=\"488\" src=\"https:\/\/nmcontemporaneo.com\/wp-content\/uploads\/2016\/08\/IMG_20171208_111132510-1-366x488.jpg\" srcset=\"https:\/\/nmcontemporaneo.com\/wp-content\/uploads\/2016\/08\/IMG_20171208_111132510-1-366x488.jpg 366w, https:\/\/nmcontemporaneo.com\/wp-content\/uploads\/2016\/08\/IMG_20171208_111132510-1-225x300.jpg 225w, https:\/\/nmcontemporaneo.com\/wp-content\/uploads\/2016\/08\/IMG_20171208_111132510-1-768x1024.jpg 768w, https:\/\/nmcontemporaneo.com\/wp-content\/uploads\/2016\/08\/IMG_20171208_111132510-1-732x976.jpg 732w, https:\/\/nmcontemporaneo.com\/wp-content\/uploads\/2016\/08\/IMG_20171208_111132510-1.jpg 1200w\" sizes=\"auto, (max-width: 366px) 100vw, 366px\" data-caption=\"TUNDRA IV,  Collage piel y papel,  84 x 69 cm\" class=\"light-dropshaddow\" itemprop=\"contentUrl\" alt=\"\"><meta itemprop=\"url\" content=\"https:\/\/nmcontemporaneo.com\/wp-content\/uploads\/2016\/08\/IMG_20171208_111132510-1-366x488.jpg\"><meta itemprop=\"width\" content=\"366px\"><meta itemprop=\"height\" content=\"488px\"><\/div><\/div><div class=\"caption kad_caption\"><div class=\"kad_caption_inner\">TUNDRA IV,  Collage piel y papel,  84 x 69 cm<\/div><\/div><\/a><\/div><\/div><\/div>\n<p style=\"text-align: justify;\">Artista autodidacta que maneja la escultura, pintura y collage. Va de tem\u00e1ticas un tanto simb\u00f3licas hasta paisajes abstractos.<\/p>\n<p>Dentro de su nueva l\u00ednea de trabajo y sin despegarse de los grandes formatos de la pintura, Cano trabaja con paneles escult\u00f3ricos, uniendo su trabajo de collage mediante hojas de acero, creando nuevas composiciones y texturas<\/p>\n\n<div class=\"sp-wrap sp-wrap-default\">\n<div class=\"sp-head\" title=\"Expandir\">\nCurriculum Vitae\n<\/div>\n<div class=\"sp-body folded\">\n<p><strong>Elisa Cano<\/strong><\/p>\n<p>Artista aut\u00f3noma de talla internacional.<\/p>\n<p>Vivi\u00f3 en la Ciudad de M\u00e9xico en Popotla, ah\u00ed hab\u00eda casas antiguas, posteriormente ser\u00edan de gran influencia para su obra.<\/p>\n<p>Entre sus m\u00faltiples trabajos destaca la serie 1886, conformada por diversas tem\u00e1ticas desde jarrones con flores, casas de Popotla, retratos, mujeres de Cozumel (cari\u00f1osamente las llama gordas de Cozumel), paisajes y abstractos.<\/p>\n<p>Las t\u00e9cnicas que maneja principalmente son collage de papel, collage en tela, pintura al \u00f3leo, escultura en m\u00e1rmol, escultura en cuero.<\/p>\n<p>Su entorno ha sido su mayor inspiraci\u00f3n para la creaci\u00f3n de sus obras y la ense\u00f1anza. Desde las casas antiguas, los zool\u00f3gicos, la isla de Cozumel y por supuesto museos de Estados Unidos, Canad\u00e1, Francia, Espa\u00f1a y M\u00e9xico. Adquiriendo mayor sensibilidad ante piezas clave de la historia del arte.<\/p>\n<p>En el a\u00f1o de 1976 llega a Cuernavaca en donde imparte clases de pintura.<br \/>\nInicia una escuela de t\u00e9cnicas de dibujo, grabado en lin\u00f3leo, grabado en madera, tempera, pintura al \u00f3leo y en taller de dise\u00f1o serigraf\u00eda y composici\u00f3n.<br \/>\nActualmente vive en Cuernavaca, se encuentra creando su nueva serie escult\u00f3rica hecha de paneles de acero.<\/p>\n<div class=\"spdiv\">[plegar]<\/div>\n<\/div>\n<\/div>\n\n","protected":false},"excerpt":{"rendered":"<p>&lt;&lt; Ant. | Artistas | Sig. &gt;&gt; Artista autodidacta que maneja la escultura, pintura y collage. Va de tem\u00e1ticas un tanto simb\u00f3licas hasta paisajes abstractos. Dentro de su nueva l\u00ednea de trabajo y sin despegarse de los grandes formatos de &hellip; <a class=\"kt-excerpt-readmore\" href=\"https:\/\/nmcontemporaneo.com\/es\/catalogo\/escultura\/elisa-cano\/\" aria-label=\"Elisa Cano\">Read More<\/a><\/p>\n","protected":false},"author":25,"featured_media":0,"parent":571,"menu_order":0,"comment_status":"closed","ping_status":"closed","template":"page-fullwidth.php","meta":{"kt_blocks_editor_width":"","footnotes":""},"class_list":["post-9791","page","type-page","status-publish","hentry"],"_links":{"self":[{"href":"https:\/\/nmcontemporaneo.com\/es\/wp-json\/wp\/v2\/pages\/9791","targetHints":{"allow":["GET"]}}],"collection":[{"href":"https:\/\/nmcontemporaneo.com\/es\/wp-json\/wp\/v2\/pages"}],"about":[{"href":"https:\/\/nmcontemporaneo.com\/es\/wp-json\/wp\/v2\/types\/page"}],"author":[{"embeddable":true,"href":"https:\/\/nmcontemporaneo.com\/es\/wp-json\/wp\/v2\/users\/25"}],"replies":[{"embeddable":true,"href":"https:\/\/nmcontemporaneo.com\/es\/wp-json\/wp\/v2\/comments?post=9791"}],"version-history":[{"count":2,"href":"https:\/\/nmcontemporaneo.com\/es\/wp-json\/wp\/v2\/pages\/9791\/revisions"}],"predecessor-version":[{"id":14258,"href":"https:\/\/nmcontemporaneo.com\/es\/wp-json\/wp\/v2\/pages\/9791\/revisions\/14258"}],"up":[{"embeddable":true,"href":"https:\/\/nmcontemporaneo.com\/es\/wp-json\/wp\/v2\/pages\/571"}],"wp:attachment":[{"href":"https:\/\/nmcontemporaneo.com\/es\/wp-json\/wp\/v2\/media?parent=9791"}],"curies":[{"name":"wp","href":"https:\/\/api.w.org\/{rel}","templated":true}]}}