{"id":9950,"date":"2022-09-13T17:31:13","date_gmt":"2022-09-13T23:31:13","guid":{"rendered":"http:\/\/nmcontemporaneo.com\/?page_id=9950"},"modified":"2025-06-23T12:21:50","modified_gmt":"2025-06-23T18:21:50","slug":"fred-stonehouse","status":"publish","type":"page","link":"https:\/\/nmcontemporaneo.com\/es\/catalogo\/pintura\/fred-stonehouse\/","title":{"rendered":"Fred Stonehouse"},"content":{"rendered":"<p style=\"text-align: center;\"><a href=\"https:\/\/nmcontemporaneo.com\/catalogo\/pintura\/mauricio-cervantes\/\">&lt;&lt; Ant.<\/a> | <a href=\"\/catalogo\/todos-los-artistas\/\">Artistas<\/a> | <a href=\"https:\/\/nmcontemporaneo.com\/catalogo\/pintura\/nora-adame\/\">Sig. &gt;&gt;<\/a><\/p>\n<div id=\"kad-wp-gallery302\" class=\"kad-wp-gallery gallery kt-gallery-column-3 init-isotope-intrinsic reinit-isotope kad-light-wp-gallery clearfix rowtight\" data-fade-in=\"1\" data-iso-selector=\".g_item\" data-iso-style=\"masonry\" data-iso-filter=\"false\"><div class=\"tcol-lg-4 tcol-md-4 tcol-sm-4 tcol-xs-6 tcol-ss-12 g_item\"><div class=\"grid_item kt_item_fade_in kad_gallery_fade_in gallery_item\"><a href=\"https:\/\/nmcontemporaneo.com\/wp-content\/uploads\/2016\/09\/how-do-we-see-when-we-sleep.jpg\" data-rel=\"lightbox\" class=\"lightboxhover\"><div class=\"kt-intrinsic\" style=\"padding-bottom:123.77049180328%;\"><div itemprop=\"image\" itemscope itemtype=\"https:\/\/schema.org\/ImageObject\"><img loading=\"lazy\" decoding=\"async\" width=\"366\" height=\"453\" src=\"https:\/\/nmcontemporaneo.com\/wp-content\/uploads\/2016\/09\/how-do-we-see-when-we-sleep-366x453.jpg\" srcset=\"https:\/\/nmcontemporaneo.com\/wp-content\/uploads\/2016\/09\/how-do-we-see-when-we-sleep-366x453.jpg 366w, https:\/\/nmcontemporaneo.com\/wp-content\/uploads\/2016\/09\/how-do-we-see-when-we-sleep-242x300.jpg 242w, https:\/\/nmcontemporaneo.com\/wp-content\/uploads\/2016\/09\/how-do-we-see-when-we-sleep.jpg 602w\" sizes=\"auto, (max-width: 366px) 100vw, 366px\" data-caption=\"When We Sleep, Acr\u00edlico sobre madera, 51 x 41 cm\" class=\"light-dropshaddow\" itemprop=\"contentUrl\" alt=\"\"><meta itemprop=\"url\" content=\"https:\/\/nmcontemporaneo.com\/wp-content\/uploads\/2016\/09\/how-do-we-see-when-we-sleep-366x453.jpg\"><meta itemprop=\"width\" content=\"366px\"><meta itemprop=\"height\" content=\"453px\"><\/div><\/div><div class=\"caption kad_caption\"><div class=\"kad_caption_inner\">When We Sleep, Acr\u00edlico sobre madera, 51 x 41 cm<\/div><\/div><\/a><\/div><\/div><div class=\"tcol-lg-4 tcol-md-4 tcol-sm-4 tcol-xs-6 tcol-ss-12 g_item\"><div class=\"grid_item kt_item_fade_in kad_gallery_fade_in gallery_item\"><a href=\"https:\/\/nmcontemporaneo.com\/wp-content\/uploads\/2019\/05\/orlando-web.jpg\" data-rel=\"lightbox\" class=\"lightboxhover\"><div class=\"kt-intrinsic\" style=\"padding-bottom:125.68306010929%;\"><div itemprop=\"image\" itemscope itemtype=\"https:\/\/schema.org\/ImageObject\"><img loading=\"lazy\" decoding=\"async\" width=\"366\" height=\"460\" src=\"https:\/\/nmcontemporaneo.com\/wp-content\/uploads\/2019\/05\/orlando-web-366x460.jpg\" srcset=\"https:\/\/nmcontemporaneo.com\/wp-content\/uploads\/2019\/05\/orlando-web-366x460.jpg 366w, https:\/\/nmcontemporaneo.com\/wp-content\/uploads\/2019\/05\/orlando-web-239x300.jpg 239w, https:\/\/nmcontemporaneo.com\/wp-content\/uploads\/2019\/05\/orlando-web-768x964.jpg 768w, https:\/\/nmcontemporaneo.com\/wp-content\/uploads\/2019\/05\/orlando-web-816x1024.jpg 816w, https:\/\/nmcontemporaneo.com\/wp-content\/uploads\/2019\/05\/orlando-web-732x920.jpg 732w, https:\/\/nmcontemporaneo.com\/wp-content\/uploads\/2019\/05\/orlando-web.jpg 900w\" sizes=\"auto, (max-width: 366px) 100vw, 366px\" data-caption=\"Orlando, Acr\u00edlico sobre madera, 51 x 41 cm\" class=\"light-dropshaddow\" itemprop=\"contentUrl\" alt=\"\"><meta itemprop=\"url\" content=\"https:\/\/nmcontemporaneo.com\/wp-content\/uploads\/2019\/05\/orlando-web-366x460.jpg\"><meta itemprop=\"width\" content=\"366px\"><meta itemprop=\"height\" content=\"460px\"><\/div><\/div><div class=\"caption kad_caption\"><div class=\"kad_caption_inner\">Orlando, Acr\u00edlico sobre madera, 51 x 41 cm<\/div><\/div><\/a><\/div><\/div><div class=\"tcol-lg-4 tcol-md-4 tcol-sm-4 tcol-xs-6 tcol-ss-12 g_item\"><div class=\"grid_item kt_item_fade_in kad_gallery_fade_in gallery_item\"><a href=\"https:\/\/nmcontemporaneo.com\/wp-content\/uploads\/2019\/05\/miracles-of-the-marsh-1.jpg\" data-rel=\"lightbox\" class=\"lightboxhover\"><div class=\"kt-intrinsic\" style=\"padding-bottom:133.33333333333%;\"><div itemprop=\"image\" itemscope itemtype=\"https:\/\/schema.org\/ImageObject\"><img loading=\"lazy\" decoding=\"async\" width=\"366\" height=\"488\" src=\"https:\/\/nmcontemporaneo.com\/wp-content\/uploads\/2019\/05\/miracles-of-the-marsh-1-366x488.jpg\" srcset=\"https:\/\/nmcontemporaneo.com\/wp-content\/uploads\/2019\/05\/miracles-of-the-marsh-1-366x488.jpg 366w, https:\/\/nmcontemporaneo.com\/wp-content\/uploads\/2019\/05\/miracles-of-the-marsh-1-225x300.jpg 225w, https:\/\/nmcontemporaneo.com\/wp-content\/uploads\/2019\/05\/miracles-of-the-marsh-1-732x976.jpg 732w, https:\/\/nmcontemporaneo.com\/wp-content\/uploads\/2019\/05\/miracles-of-the-marsh-1.jpg 741w\" sizes=\"auto, (max-width: 366px) 100vw, 366px\" data-caption=\"Miracles of the Marsh, Acr\u00edlico sobre madera, 61 x 46 cm\" class=\"light-dropshaddow\" itemprop=\"contentUrl\" alt=\"\"><meta itemprop=\"url\" content=\"https:\/\/nmcontemporaneo.com\/wp-content\/uploads\/2019\/05\/miracles-of-the-marsh-1-366x488.jpg\"><meta itemprop=\"width\" content=\"366px\"><meta itemprop=\"height\" content=\"488px\"><\/div><\/div><div class=\"caption kad_caption\"><div class=\"kad_caption_inner\">Miracles of the Marsh, Acr\u00edlico sobre madera, 61 x 46 cm<\/div><\/div><\/a><\/div><\/div><div class=\"tcol-lg-4 tcol-md-4 tcol-sm-4 tcol-xs-6 tcol-ss-12 g_item\"><div class=\"grid_item kt_item_fade_in kad_gallery_fade_in gallery_item\"><a href=\"https:\/\/nmcontemporaneo.com\/wp-content\/uploads\/2019\/05\/mysteries-of-medicineweb.jpg\" data-rel=\"lightbox\" class=\"lightboxhover\"><div class=\"kt-intrinsic\" style=\"padding-bottom:134.69945355191%;\"><div itemprop=\"image\" itemscope itemtype=\"https:\/\/schema.org\/ImageObject\"><img loading=\"lazy\" decoding=\"async\" width=\"366\" height=\"493\" src=\"https:\/\/nmcontemporaneo.com\/wp-content\/uploads\/2019\/05\/mysteries-of-medicineweb-366x493.jpg\" srcset=\"https:\/\/nmcontemporaneo.com\/wp-content\/uploads\/2019\/05\/mysteries-of-medicineweb-366x493.jpg 366w, https:\/\/nmcontemporaneo.com\/wp-content\/uploads\/2019\/05\/mysteries-of-medicineweb-223x300.jpg 223w, https:\/\/nmcontemporaneo.com\/wp-content\/uploads\/2019\/05\/mysteries-of-medicineweb-768x1034.jpg 768w, https:\/\/nmcontemporaneo.com\/wp-content\/uploads\/2019\/05\/mysteries-of-medicineweb-760x1024.jpg 760w, https:\/\/nmcontemporaneo.com\/wp-content\/uploads\/2019\/05\/mysteries-of-medicineweb-732x986.jpg 732w, https:\/\/nmcontemporaneo.com\/wp-content\/uploads\/2019\/05\/mysteries-of-medicineweb.jpg 900w\" sizes=\"auto, (max-width: 366px) 100vw, 366px\" data-caption=\"Mysteries of Medicine, Acr\u00edlico sobre madera, 61 x 46 cm\" class=\"light-dropshaddow\" itemprop=\"contentUrl\" alt=\"\"><meta itemprop=\"url\" content=\"https:\/\/nmcontemporaneo.com\/wp-content\/uploads\/2019\/05\/mysteries-of-medicineweb-366x493.jpg\"><meta itemprop=\"width\" content=\"366px\"><meta itemprop=\"height\" content=\"493px\"><\/div><\/div><div class=\"caption kad_caption\"><div class=\"kad_caption_inner\">Mysteries of Medicine, Acr\u00edlico sobre madera, 61 x 46 cm<\/div><\/div><\/a><\/div><\/div><div class=\"tcol-lg-4 tcol-md-4 tcol-sm-4 tcol-xs-6 tcol-ss-12 g_item\"><div class=\"grid_item kt_item_fade_in kad_gallery_fade_in gallery_item\"><a href=\"https:\/\/nmcontemporaneo.com\/wp-content\/uploads\/2016\/09\/the-sound-of-pharoahs-horses.jpg\" data-rel=\"lightbox\" class=\"lightboxhover\"><div class=\"kt-intrinsic\" style=\"padding-bottom:89.890710382514%;\"><div itemprop=\"image\" itemscope itemtype=\"https:\/\/schema.org\/ImageObject\"><img loading=\"lazy\" decoding=\"async\" width=\"366\" height=\"329\" src=\"https:\/\/nmcontemporaneo.com\/wp-content\/uploads\/2016\/09\/the-sound-of-pharoahs-horses-366x329.jpg\" srcset=\"https:\/\/nmcontemporaneo.com\/wp-content\/uploads\/2016\/09\/the-sound-of-pharoahs-horses-366x329.jpg 366w, https:\/\/nmcontemporaneo.com\/wp-content\/uploads\/2016\/09\/the-sound-of-pharoahs-horses-300x270.jpg 300w, https:\/\/nmcontemporaneo.com\/wp-content\/uploads\/2016\/09\/the-sound-of-pharoahs-horses.jpg 640w\" sizes=\"auto, (max-width: 366px) 100vw, 366px\" data-caption=\"The Sounds of Pharaoh\u00b4s Horses, Acr\u00edlico sobre lona, 142 x 163 cm\" class=\"light-dropshaddow\" itemprop=\"contentUrl\" alt=\"\"><meta itemprop=\"url\" content=\"https:\/\/nmcontemporaneo.com\/wp-content\/uploads\/2016\/09\/the-sound-of-pharoahs-horses-366x329.jpg\"><meta itemprop=\"width\" content=\"366px\"><meta itemprop=\"height\" content=\"329px\"><\/div><\/div><div class=\"caption kad_caption\"><div class=\"kad_caption_inner\">The Sounds of Pharaoh\u00b4s Horses, Acr\u00edlico sobre lona, 142 x 163 cm<\/div><\/div><\/a><\/div><\/div><div class=\"tcol-lg-4 tcol-md-4 tcol-sm-4 tcol-xs-6 tcol-ss-12 g_item\"><div class=\"grid_item kt_item_fade_in kad_gallery_fade_in gallery_item\"><a href=\"https:\/\/nmcontemporaneo.com\/wp-content\/uploads\/2016\/09\/The-devils-right-hand-e1473808161322.jpg\" data-rel=\"lightbox\" class=\"lightboxhover\"><div class=\"kt-intrinsic\" style=\"padding-bottom:83.879781420765%;\"><div itemprop=\"image\" itemscope itemtype=\"https:\/\/schema.org\/ImageObject\"><img loading=\"lazy\" decoding=\"async\" width=\"366\" height=\"307\" src=\"https:\/\/nmcontemporaneo.com\/wp-content\/uploads\/2016\/09\/The-devils-right-hand-e1473808161322-366x307.jpg\" srcset=\"https:\/\/nmcontemporaneo.com\/wp-content\/uploads\/2016\/09\/The-devils-right-hand-e1473808161322-366x307.jpg 366w, https:\/\/nmcontemporaneo.com\/wp-content\/uploads\/2016\/09\/The-devils-right-hand-e1473808161322.jpg 686w\" sizes=\"auto, (max-width: 366px) 100vw, 366px\" data-caption=\"The Devil\u00b4s Right Hand, Acr\u00edlico sobre madera,  61 x 76 cm\" class=\"light-dropshaddow\" itemprop=\"contentUrl\" alt=\"\"><meta itemprop=\"url\" content=\"https:\/\/nmcontemporaneo.com\/wp-content\/uploads\/2016\/09\/The-devils-right-hand-e1473808161322-366x307.jpg\"><meta itemprop=\"width\" content=\"366px\"><meta itemprop=\"height\" content=\"307px\"><\/div><\/div><div class=\"caption kad_caption\"><div class=\"kad_caption_inner\">The Devil\u00b4s Right Hand, Acr\u00edlico sobre madera,  61 x 76 cm<\/div><\/div><\/a><\/div><\/div><div class=\"tcol-lg-4 tcol-md-4 tcol-sm-4 tcol-xs-6 tcol-ss-12 g_item\"><div class=\"grid_item kt_item_fade_in kad_gallery_fade_in gallery_item\"><a href=\"https:\/\/nmcontemporaneo.com\/wp-content\/uploads\/2016\/09\/the-natural-science-of-speech1.jpg\" data-rel=\"lightbox\" class=\"lightboxhover\"><div class=\"kt-intrinsic\" style=\"padding-bottom:129.50819672131%;\"><div itemprop=\"image\" itemscope itemtype=\"https:\/\/schema.org\/ImageObject\"><img loading=\"lazy\" decoding=\"async\" width=\"366\" height=\"474\" src=\"https:\/\/nmcontemporaneo.com\/wp-content\/uploads\/2016\/09\/the-natural-science-of-speech1-366x474.jpg\" srcset=\"https:\/\/nmcontemporaneo.com\/wp-content\/uploads\/2016\/09\/the-natural-science-of-speech1-366x474.jpg 366w, https:\/\/nmcontemporaneo.com\/wp-content\/uploads\/2016\/09\/the-natural-science-of-speech1-231x300.jpg 231w, https:\/\/nmcontemporaneo.com\/wp-content\/uploads\/2016\/09\/the-natural-science-of-speech1.jpg 540w\" sizes=\"auto, (max-width: 366px) 100vw, 366px\" data-caption=\"The Natural Science of Speech, Acr\u00edlico sobre madera, 61 x 46 cm\" class=\"light-dropshaddow\" itemprop=\"contentUrl\" alt=\"\"><meta itemprop=\"url\" content=\"https:\/\/nmcontemporaneo.com\/wp-content\/uploads\/2016\/09\/the-natural-science-of-speech1-366x474.jpg\"><meta itemprop=\"width\" content=\"366px\"><meta itemprop=\"height\" content=\"474px\"><\/div><\/div><div class=\"caption kad_caption\"><div class=\"kad_caption_inner\">The Natural Science of Speech, Acr\u00edlico sobre madera, 61 x 46 cm<\/div><\/div><\/a><\/div><\/div><div class=\"tcol-lg-4 tcol-md-4 tcol-sm-4 tcol-xs-6 tcol-ss-12 g_item\"><div class=\"grid_item kt_item_fade_in kad_gallery_fade_in gallery_item\"><a href=\"https:\/\/nmcontemporaneo.com\/wp-content\/uploads\/2019\/05\/Care-Bears.jpg\" data-rel=\"lightbox\" class=\"lightboxhover\"><div class=\"kt-intrinsic\" style=\"padding-bottom:138.62275449102%;\"><div itemprop=\"image\" itemscope itemtype=\"https:\/\/schema.org\/ImageObject\"><img loading=\"lazy\" decoding=\"async\" width=\"334\" height=\"463\" src=\"https:\/\/nmcontemporaneo.com\/wp-content\/uploads\/2019\/05\/Care-Bears.jpg\" srcset=\"https:\/\/nmcontemporaneo.com\/wp-content\/uploads\/2019\/05\/Care-Bears.jpg 334w, https:\/\/nmcontemporaneo.com\/wp-content\/uploads\/2019\/05\/Care-Bears-216x300.jpg 216w\" sizes=\"auto, (max-width: 334px) 100vw, 334px\" data-caption=\"Care Bears,  Acr\u00edlico sobre papel,  61 x 46 cm\" class=\"light-dropshaddow\" itemprop=\"contentUrl\" alt=\"\"><meta itemprop=\"url\" content=\"https:\/\/nmcontemporaneo.com\/wp-content\/uploads\/2019\/05\/Care-Bears.jpg\"><meta itemprop=\"width\" content=\"334px\"><meta itemprop=\"height\" content=\"463px\"><\/div><\/div><div class=\"caption kad_caption\"><div class=\"kad_caption_inner\">Care Bears,  Acr\u00edlico sobre papel,  61 x 46 cm<\/div><\/div><\/a><\/div><\/div><div class=\"tcol-lg-4 tcol-md-4 tcol-sm-4 tcol-xs-6 tcol-ss-12 g_item\"><div class=\"grid_item kt_item_fade_in kad_gallery_fade_in gallery_item\"><a href=\"https:\/\/nmcontemporaneo.com\/wp-content\/uploads\/2016\/09\/danger-on-the-.jpg\" data-rel=\"lightbox\" class=\"lightboxhover\"><div class=\"kt-intrinsic\" style=\"padding-bottom:133.33333333333%;\"><div itemprop=\"image\" itemscope itemtype=\"https:\/\/schema.org\/ImageObject\"><img loading=\"lazy\" decoding=\"async\" width=\"366\" height=\"488\" src=\"https:\/\/nmcontemporaneo.com\/wp-content\/uploads\/2016\/09\/danger-on-the--366x488.jpg\" srcset=\"https:\/\/nmcontemporaneo.com\/wp-content\/uploads\/2016\/09\/danger-on-the--366x488.jpg 366w, https:\/\/nmcontemporaneo.com\/wp-content\/uploads\/2016\/09\/danger-on-the--225x300.jpg 225w, https:\/\/nmcontemporaneo.com\/wp-content\/uploads\/2016\/09\/danger-on-the-.jpg 768w, https:\/\/nmcontemporaneo.com\/wp-content\/uploads\/2016\/09\/danger-on-the--732x976.jpg 732w\" sizes=\"auto, (max-width: 366px) 100vw, 366px\" data-caption=\"Danger on the Road to Here,  Acr\u00edlico sobre papel,  61x 46 cm\" class=\"light-dropshaddow\" itemprop=\"contentUrl\" alt=\"\"><meta itemprop=\"url\" content=\"https:\/\/nmcontemporaneo.com\/wp-content\/uploads\/2016\/09\/danger-on-the--366x488.jpg\"><meta itemprop=\"width\" content=\"366px\"><meta itemprop=\"height\" content=\"488px\"><\/div><\/div><div class=\"caption kad_caption\"><div class=\"kad_caption_inner\">Danger on the Road to Here,  Acr\u00edlico sobre papel,  61x 46 cm<\/div><\/div><\/a><\/div><\/div><div class=\"tcol-lg-4 tcol-md-4 tcol-sm-4 tcol-xs-6 tcol-ss-12 g_item\"><div class=\"grid_item kt_item_fade_in kad_gallery_fade_in gallery_item\"><a href=\"https:\/\/nmcontemporaneo.com\/wp-content\/uploads\/2019\/05\/mystery-of-the-hydra.jpg\" data-rel=\"lightbox\" class=\"lightboxhover\"><div class=\"kt-intrinsic\" style=\"padding-bottom:87.158469945355%;\"><div itemprop=\"image\" itemscope itemtype=\"https:\/\/schema.org\/ImageObject\"><img loading=\"lazy\" decoding=\"async\" width=\"366\" height=\"319\" src=\"https:\/\/nmcontemporaneo.com\/wp-content\/uploads\/2019\/05\/mystery-of-the-hydra-366x319.jpg\" srcset=\"https:\/\/nmcontemporaneo.com\/wp-content\/uploads\/2019\/05\/mystery-of-the-hydra-366x319.jpg 366w, https:\/\/nmcontemporaneo.com\/wp-content\/uploads\/2019\/05\/mystery-of-the-hydra-300x261.jpg 300w, https:\/\/nmcontemporaneo.com\/wp-content\/uploads\/2019\/05\/mystery-of-the-hydra.jpg 588w\" sizes=\"auto, (max-width: 366px) 100vw, 366px\" data-caption=\"Mysteries of the Hydra, Acr\u00edlico sobre papel,  46 x 61 cm\" class=\"light-dropshaddow\" itemprop=\"contentUrl\" alt=\"\"><meta itemprop=\"url\" content=\"https:\/\/nmcontemporaneo.com\/wp-content\/uploads\/2019\/05\/mystery-of-the-hydra-366x319.jpg\"><meta itemprop=\"width\" content=\"366px\"><meta itemprop=\"height\" content=\"319px\"><\/div><\/div><div class=\"caption kad_caption\"><div class=\"kad_caption_inner\">Mysteries of the Hydra, Acr\u00edlico sobre papel,  46 x 61 cm<\/div><\/div><\/a><\/div><\/div><div class=\"tcol-lg-4 tcol-md-4 tcol-sm-4 tcol-xs-6 tcol-ss-12 g_item\"><div class=\"grid_item kt_item_fade_in kad_gallery_fade_in gallery_item\"><a href=\"https:\/\/nmcontemporaneo.com\/wp-content\/uploads\/2019\/05\/no.jpg\" data-rel=\"lightbox\" class=\"lightboxhover\"><div class=\"kt-intrinsic\" style=\"padding-bottom:74.863387978142%;\"><div itemprop=\"image\" itemscope itemtype=\"https:\/\/schema.org\/ImageObject\"><img loading=\"lazy\" decoding=\"async\" width=\"366\" height=\"274\" src=\"https:\/\/nmcontemporaneo.com\/wp-content\/uploads\/2019\/05\/no-366x274.jpg\" srcset=\"https:\/\/nmcontemporaneo.com\/wp-content\/uploads\/2019\/05\/no-366x274.jpg 366w, https:\/\/nmcontemporaneo.com\/wp-content\/uploads\/2019\/05\/no-300x224.jpg 300w, https:\/\/nmcontemporaneo.com\/wp-content\/uploads\/2019\/05\/no.jpg 578w\" sizes=\"auto, (max-width: 366px) 100vw, 366px\" data-caption=\"No.12,  Acr\u00edlico sobre papel,  46 x 61 cm\" class=\"light-dropshaddow\" itemprop=\"contentUrl\" alt=\"\"><meta itemprop=\"url\" content=\"https:\/\/nmcontemporaneo.com\/wp-content\/uploads\/2019\/05\/no-366x274.jpg\"><meta itemprop=\"width\" content=\"366px\"><meta itemprop=\"height\" content=\"274px\"><\/div><\/div><div class=\"caption kad_caption\"><div class=\"kad_caption_inner\">No.12,  Acr\u00edlico sobre papel,  46 x 61 cm<\/div><\/div><\/a><\/div><\/div><\/div>\n<p>El arte de Stonehouse es decididamente humanista. Sus temas son personajes desesperados y\u00a0monstruosos como sacados de un fondo abigarrado. A menudo aparecen golpeados, rotos y vaciados\u00a0de su humanidad. Muchos de sus rostros tienen un parecido a Stonehouse. La mayor\u00eda soporta su\u00a0suerte con comportamiento santo y digno, o al menos tranquila resignaci\u00f3n.<\/p>\n<p>Como en un sue\u00f1o, las narrativas de su trabajo sugieren la m\u00edtica vista a trav\u00e9s del lente de lo\u00a0cotidiano. Temas tan grandes como la vida y la muerte, el amor y la p\u00e9rdida, la cultura y la pol\u00edtica se\u00a0mezclan con los detalles mundanos de la vida diaria; trozos de conversaci\u00f3n escuchada, vislumbran\u00a0momentos de la vida personal de los dem\u00e1s, de la publicidad, los medios de comunicaci\u00f3n, el trabajo y\u00a0m\u00e1s.<\/p>\n\n<div class=\"sp-wrap sp-wrap-default\">\n<div class=\"sp-head\" title=\"Expandir\">\nCurr\u00edculum Vitae\n<\/div>\n<div class=\"sp-body folded\">\n<p><strong>Fred Stonehouse<\/strong><\/p>\n<p>1979 Licenciatura en Artes de la Universidad de Wisconsin, Milwaukee, WI<\/p>\n<p><strong>Exposiciones Individuales (Selecci\u00f3n)<\/strong><\/p>\n<p>2015 Ghosts of Padua, Howard Scott Gallery, New York, NY<\/p>\n<p>Fred Stonehouse: The Promise of Distant Things, Museum of Wisconsin Art, West Bend, WI<\/p>\n<p>Family Lexicon, Antonio Colombo Arte Contempor\u00e1neo, Milan, Italy<\/p>\n<p>2013 Fred Stonehouse, The Deacon\u2019s Seat, St. Ambrose College, Davenport, IA<\/p>\n<p>2012 Fred Stonehouse, Works on Paper, Slugfest Gallery, Austin TX<\/p>\n<p>2011 The Deacon\u2019s Seat, Sarah Moody Gallery of Art, University of Alabama, Tuscalosa<\/p>\n<p>2010 Marshland, Howard Scott Gallery, NY, NY<\/p>\n<p>2009 Den of Secrets, Philip Slein Gallery, St. Louis, MO, September25-October 31<\/p>\n<p>2007 Fred Stonehouse, Painting, Tammen Galerie, Berlin<\/p>\n<p>2005 Songs and Dreams, Howard Scott Gallery, New York, New York<\/p>\n<p>Fred Stonehouse: Paintings, Barone Odom Gallery, Rome, Italy<\/p>\n<p>2004 Family Land, Rucshman Gallery, Indianapolis, IN<\/p>\n<p>2003 Dreams of Youth: Recent Painting, Koplin\/DelRio Gallery, Los Angeles, CA<\/p>\n<p>2002 The Golden Game: New Paintings and Works on Paper, Carl Hammer Gallery, Chicago, IL<\/p>\n<p>2001 Fred Stonehouse: Recent Paintings and Works on Paper, Howard Scott Gallery, New York, NY<\/p>\n<p>2000 Fred Stonehouse: Paintings, Entre Estudio y Galer\u00eda, Puebla, M\u00e9xico<\/p>\n<p>1999 Fred Stonehouse: Sasso Casa (An Historical Account), Carl Hammer Gallery, Chicago, IL<\/p>\n<p>1998 Fred Stonehouse: New York, M-13 Gallery, New York, NY<\/p>\n<p><strong>Exposiciones Colectivas<\/strong><\/p>\n<p>De 1982 al 2016 alrededor de 50 exposiciones en el territorio extranjero<\/p>\n<p><strong>Publicaciones (Selecci\u00f3n)<\/strong><\/p>\n<p>2005 Mankowski, Sarah, Art Muscle, (Interview), Riverwest Currents, May<\/p>\n<p>Wild, Matt, The Devil and Me, (review), Vital Source, August<\/p>\n<p>2003 Auer, James, Irony of self-absorption, social analysis, makes \u2018Dope\u2019 addictive, (review), Milwaukee Journal<\/p>\n<p>Sentinel, Aug. 27<\/p>\n<p>2002 Hawkins, Margaret, Creativity Unfurled,(review) Chicago Sun Times, Sept. 27<\/p>\n<p><strong>Colecciones (Selecci\u00f3n)<\/strong><\/p>\n<p>Milwaukee Art Museum, Milwaukee, WI<\/p>\n<p>Madison Art Center, Madison, WI<\/p>\n<p>Patrick and Beatrice Haggerty Museum of Art, Marquette University, Milwaukee, WI<\/p>\n<p>University of Arizona Art Museum, Touscon, AZ<\/p>\n<p>Tacoma Art Museum, Tacoma, WA<\/p>\n<p>John Cartland, Chicago, IL<\/p>\n<p><strong>Premios (Selecci\u00f3n)<\/strong><\/p>\n<p>Mary Nohl Suitcase Grant 2005\/2003<\/p>\n<p>Milwaukee Artist\u2019s Foundation Fellowship<\/p>\n<p>National Endowment for the Arts, Arts Midwest Fellowship<\/p>\n<div class=\"spdiv\">[plegar]<\/div>\n<\/div>\n<\/div>\n\n","protected":false},"excerpt":{"rendered":"<p>&lt;&lt; Ant. | Artistas | Sig. &gt;&gt; El arte de Stonehouse es decididamente humanista. Sus temas son personajes desesperados y\u00a0monstruosos como sacados de un fondo abigarrado. A menudo aparecen golpeados, rotos y vaciados\u00a0de su humanidad. Muchos de sus rostros tienen &hellip; <a class=\"kt-excerpt-readmore\" href=\"https:\/\/nmcontemporaneo.com\/es\/catalogo\/pintura\/fred-stonehouse\/\" aria-label=\"Fred Stonehouse\">Read More<\/a><\/p>\n","protected":false},"author":6,"featured_media":0,"parent":590,"menu_order":0,"comment_status":"closed","ping_status":"closed","template":"page-fullwidth.php","meta":{"kt_blocks_editor_width":"","footnotes":""},"class_list":["post-9950","page","type-page","status-publish","hentry"],"_links":{"self":[{"href":"https:\/\/nmcontemporaneo.com\/es\/wp-json\/wp\/v2\/pages\/9950","targetHints":{"allow":["GET"]}}],"collection":[{"href":"https:\/\/nmcontemporaneo.com\/es\/wp-json\/wp\/v2\/pages"}],"about":[{"href":"https:\/\/nmcontemporaneo.com\/es\/wp-json\/wp\/v2\/types\/page"}],"author":[{"embeddable":true,"href":"https:\/\/nmcontemporaneo.com\/es\/wp-json\/wp\/v2\/users\/6"}],"replies":[{"embeddable":true,"href":"https:\/\/nmcontemporaneo.com\/es\/wp-json\/wp\/v2\/comments?post=9950"}],"version-history":[{"count":2,"href":"https:\/\/nmcontemporaneo.com\/es\/wp-json\/wp\/v2\/pages\/9950\/revisions"}],"predecessor-version":[{"id":14289,"href":"https:\/\/nmcontemporaneo.com\/es\/wp-json\/wp\/v2\/pages\/9950\/revisions\/14289"}],"up":[{"embeddable":true,"href":"https:\/\/nmcontemporaneo.com\/es\/wp-json\/wp\/v2\/pages\/590"}],"wp:attachment":[{"href":"https:\/\/nmcontemporaneo.com\/es\/wp-json\/wp\/v2\/media?parent=9950"}],"curies":[{"name":"wp","href":"https:\/\/api.w.org\/{rel}","templated":true}]}}