{"id":10284,"date":"2017-06-22T11:44:58","date_gmt":"2017-06-22T17:44:58","guid":{"rendered":"http:\/\/nmcontemporaneo.com\/?post_type=product&#038;p=10284"},"modified":"2025-06-20T01:03:33","modified_gmt":"2025-06-20T07:03:33","slug":"catalogo-victor-guadalajara","status":"publish","type":"product","link":"https:\/\/nmcontemporaneo.com\/es\/shop\/catalogo-victor-guadalajara\/","title":{"rendered":"Cat\u00e1logo Victor Guadalajara"},"content":{"rendered":"<p>Cat\u00e1logo del artista Victor Guadalajara, con texto de presentaci\u00f3n de Sofia Neri Fajardo. Dise\u00f1o y Edici\u00f3n de C\u00e9sar Flores y Victor Guadalajara. Primera edici\u00f3n 2015 de 750 ejemplares.<br \/>\nNo. de p\u00e1ginas: 345<\/p>\n<p><a href=\"http:\/\/nmcontemporaneo.com\/wp-content\/uploads\/2017\/06\/Vi\u0301ctor-guadalajara.pdf\">Display PDF<\/a><\/p>\n","protected":false},"excerpt":{"rendered":"<p>Cat\u00e1logo del artista Victor Guadalajara, con texto de presentaci\u00f3n de Sofia Neri Fajardo. Dise\u00f1o y Edici\u00f3n de C\u00e9sar Flores y Victor Guadalajara. Primera edici\u00f3n 2015 de 750 ejemplares.<br \/>\nNo. de p\u00e1ginas: 345<\/p>\n","protected":false},"featured_media":10287,"comment_status":"open","ping_status":"closed","template":"","meta":{"kt_blocks_editor_width":""},"product_brand":[],"product_cat":[376],"product_tag":[],"class_list":{"0":"post-10284","1":"product","2":"type-product","3":"status-publish","4":"has-post-thumbnail","6":"product_cat-libros-y-catalogos","8":"first","9":"instock","10":"taxable","11":"shipping-taxable","12":"purchasable","13":"product-type-simple"},"_links":{"self":[{"href":"https:\/\/nmcontemporaneo.com\/es\/wp-json\/wp\/v2\/product\/10284","targetHints":{"allow":["GET"]}}],"collection":[{"href":"https:\/\/nmcontemporaneo.com\/es\/wp-json\/wp\/v2\/product"}],"about":[{"href":"https:\/\/nmcontemporaneo.com\/es\/wp-json\/wp\/v2\/types\/product"}],"replies":[{"embeddable":true,"href":"https:\/\/nmcontemporaneo.com\/es\/wp-json\/wp\/v2\/comments?post=10284"}],"wp:featuredmedia":[{"embeddable":true,"href":"https:\/\/nmcontemporaneo.com\/es\/wp-json\/wp\/v2\/media\/10287"}],"wp:attachment":[{"href":"https:\/\/nmcontemporaneo.com\/es\/wp-json\/wp\/v2\/media?parent=10284"}],"wp:term":[{"taxonomy":"product_brand","embeddable":true,"href":"https:\/\/nmcontemporaneo.com\/es\/wp-json\/wp\/v2\/product_brand?post=10284"},{"taxonomy":"product_cat","embeddable":true,"href":"https:\/\/nmcontemporaneo.com\/es\/wp-json\/wp\/v2\/product_cat?post=10284"},{"taxonomy":"product_tag","embeddable":true,"href":"https:\/\/nmcontemporaneo.com\/es\/wp-json\/wp\/v2\/product_tag?post=10284"}],"curies":[{"name":"wp","href":"https:\/\/api.w.org\/{rel}","templated":true}]}}