{"id":11492,"date":"2018-11-21T15:51:08","date_gmt":"2018-11-21T21:51:08","guid":{"rendered":"https:\/\/nmcontemporaneo.com\/?post_type=product&#038;p=11492"},"modified":"2025-06-20T01:03:33","modified_gmt":"2025-06-20T07:03:33","slug":"jarron-3-2018-ray-smith","status":"publish","type":"product","link":"https:\/\/nmcontemporaneo.com\/es\/shop\/jarron-3-2018-ray-smith\/","title":{"rendered":"Jarron 3, 2018. Ray Smith"},"content":{"rendered":"","protected":false},"excerpt":{"rendered":"<p>Artista: Ray Smith<\/p>\n<p>JARRON 3, 2018<\/p>\n<p>Cer\u00e1mica<\/p>\n<p>40 x 21 x 21 inch<\/p>\n<p>102 x 54 x 54 cm<\/p>\n<p id=\"tw-target-text\" class=\"tw-data-text tw-ta tw-text-small\" dir=\"ltr\" data-placeholder=\"Traducci\u00f3n\"><span lang=\"es\">La factura se emitir\u00e1 dentro de los primeros 7 d\u00edas posteriores al d\u00eda de la compra y una vez que se reciba el pago.<\/span><\/p>\n","protected":false},"featured_media":11558,"comment_status":"open","ping_status":"closed","template":"","meta":{"kt_blocks_editor_width":""},"product_brand":[],"product_cat":[368],"product_tag":[],"class_list":{"0":"post-11492","1":"product","2":"type-product","3":"status-publish","4":"has-post-thumbnail","6":"product_cat-escultura","8":"first","9":"instock","10":"purchasable","11":"product-type-simple"},"_links":{"self":[{"href":"https:\/\/nmcontemporaneo.com\/es\/wp-json\/wp\/v2\/product\/11492","targetHints":{"allow":["GET"]}}],"collection":[{"href":"https:\/\/nmcontemporaneo.com\/es\/wp-json\/wp\/v2\/product"}],"about":[{"href":"https:\/\/nmcontemporaneo.com\/es\/wp-json\/wp\/v2\/types\/product"}],"replies":[{"embeddable":true,"href":"https:\/\/nmcontemporaneo.com\/es\/wp-json\/wp\/v2\/comments?post=11492"}],"wp:featuredmedia":[{"embeddable":true,"href":"https:\/\/nmcontemporaneo.com\/es\/wp-json\/wp\/v2\/media\/11558"}],"wp:attachment":[{"href":"https:\/\/nmcontemporaneo.com\/es\/wp-json\/wp\/v2\/media?parent=11492"}],"wp:term":[{"taxonomy":"product_brand","embeddable":true,"href":"https:\/\/nmcontemporaneo.com\/es\/wp-json\/wp\/v2\/product_brand?post=11492"},{"taxonomy":"product_cat","embeddable":true,"href":"https:\/\/nmcontemporaneo.com\/es\/wp-json\/wp\/v2\/product_cat?post=11492"},{"taxonomy":"product_tag","embeddable":true,"href":"https:\/\/nmcontemporaneo.com\/es\/wp-json\/wp\/v2\/product_tag?post=11492"}],"curies":[{"name":"wp","href":"https:\/\/api.w.org\/{rel}","templated":true}]}}