{"id":11496,"date":"2018-11-21T15:56:23","date_gmt":"2018-11-21T21:56:23","guid":{"rendered":"https:\/\/nmcontemporaneo.com\/?post_type=product&#038;p=11496"},"modified":"2025-06-20T01:03:33","modified_gmt":"2025-06-20T07:03:33","slug":"jarron-5-2018-ray-smith","status":"publish","type":"product","link":"https:\/\/nmcontemporaneo.com\/es\/shop\/jarron-5-2018-ray-smith\/","title":{"rendered":""},"content":{"rendered":"<p><a href=\"https:\/\/nmcontemporaneo.com\/wp-content\/uploads\/2018\/11\/IMG-20190212-WA0037.jpg\"><img loading=\"lazy\" decoding=\"async\" class=\"aligncenter size-full wp-image-13384\" src=\"https:\/\/nmcontemporaneo.com\/wp-content\/uploads\/2018\/11\/IMG-20190212-WA0037.jpg\" alt=\"\" width=\"766\" height=\"1024\" srcset=\"https:\/\/nmcontemporaneo.com\/wp-content\/uploads\/2018\/11\/IMG-20190212-WA0037.jpg 766w, https:\/\/nmcontemporaneo.com\/wp-content\/uploads\/2018\/11\/IMG-20190212-WA0037-224x300.jpg 224w\" sizes=\"auto, (max-width: 766px) 100vw, 766px\" \/><\/a><\/p>\n","protected":false},"excerpt":{"rendered":"<p>Artista: Ray Smith<\/p>\n<p>MESA 8, 2018<\/p>\n<p>Cer\u00e1mica<\/p>\n<p>32 x 21 x 21 inch<\/p>\n<p>82 x 54 x 54 cm<\/p>\n<div id=\"tw-target-text-container\" class=\"gsrt tw-ta-container tw-nfl\">\n<p id=\"tw-target-text\" class=\"tw-data-text tw-ta tw-text-small\" dir=\"ltr\" data-placeholder=\"Traducci\u00f3n\"><span lang=\"es\">La factura se emitir\u00e1 dentro de los primeros 7 d\u00edas posteriores al d\u00eda de la compra y una vez que se reciba el pago.<\/span><\/p>\n<\/div>\n<p>&nbsp;<\/p>\n","protected":false},"featured_media":13384,"comment_status":"open","ping_status":"closed","template":"","meta":{"kt_blocks_editor_width":""},"product_brand":[],"product_cat":[368],"product_tag":[],"class_list":{"0":"post-11496","1":"product","2":"type-product","3":"status-publish","4":"has-post-thumbnail","6":"product_cat-escultura","8":"first","9":"instock","10":"taxable","11":"shipping-taxable","12":"purchasable","13":"product-type-simple"},"_links":{"self":[{"href":"https:\/\/nmcontemporaneo.com\/es\/wp-json\/wp\/v2\/product\/11496","targetHints":{"allow":["GET"]}}],"collection":[{"href":"https:\/\/nmcontemporaneo.com\/es\/wp-json\/wp\/v2\/product"}],"about":[{"href":"https:\/\/nmcontemporaneo.com\/es\/wp-json\/wp\/v2\/types\/product"}],"replies":[{"embeddable":true,"href":"https:\/\/nmcontemporaneo.com\/es\/wp-json\/wp\/v2\/comments?post=11496"}],"wp:featuredmedia":[{"embeddable":true,"href":"https:\/\/nmcontemporaneo.com\/es\/wp-json\/wp\/v2\/media\/13384"}],"wp:attachment":[{"href":"https:\/\/nmcontemporaneo.com\/es\/wp-json\/wp\/v2\/media?parent=11496"}],"wp:term":[{"taxonomy":"product_brand","embeddable":true,"href":"https:\/\/nmcontemporaneo.com\/es\/wp-json\/wp\/v2\/product_brand?post=11496"},{"taxonomy":"product_cat","embeddable":true,"href":"https:\/\/nmcontemporaneo.com\/es\/wp-json\/wp\/v2\/product_cat?post=11496"},{"taxonomy":"product_tag","embeddable":true,"href":"https:\/\/nmcontemporaneo.com\/es\/wp-json\/wp\/v2\/product_tag?post=11496"}],"curies":[{"name":"wp","href":"https:\/\/api.w.org\/{rel}","templated":true}]}}