{"id":11701,"date":"2018-12-04T20:10:33","date_gmt":"2018-12-05T02:10:33","guid":{"rendered":"https:\/\/nmcontemporaneo.com\/?post_type=product&#038;p=11701"},"modified":"2025-06-20T01:03:32","modified_gmt":"2025-06-20T07:03:32","slug":"sin-titulo-2018-minerva-ayon","status":"publish","type":"product","link":"https:\/\/nmcontemporaneo.com\/es\/shop\/sin-titulo-2018-minerva-ayon\/","title":{"rendered":"Sin T\u00edtulo, 2019. Minerva Ay\u00f3n"},"content":{"rendered":"<p style=\"text-align: left;\"><a href=\"https:\/\/nmcontemporaneo.com\/wp-content\/uploads\/2018\/12\/2018-bordado-003.jpg\"><img loading=\"lazy\" decoding=\"async\" class=\"aligncenter size-full wp-image-12658\" src=\"https:\/\/nmcontemporaneo.com\/wp-content\/uploads\/2018\/12\/2018-bordado-003.jpg\" alt=\"\" width=\"1000\" height=\"647\" srcset=\"https:\/\/nmcontemporaneo.com\/wp-content\/uploads\/2018\/12\/2018-bordado-003.jpg 1000w, https:\/\/nmcontemporaneo.com\/wp-content\/uploads\/2018\/12\/2018-bordado-003-300x194.jpg 300w, https:\/\/nmcontemporaneo.com\/wp-content\/uploads\/2018\/12\/2018-bordado-003-768x497.jpg 768w, https:\/\/nmcontemporaneo.com\/wp-content\/uploads\/2018\/12\/2018-bordado-003-732x474.jpg 732w, https:\/\/nmcontemporaneo.com\/wp-content\/uploads\/2018\/12\/2018-bordado-003-366x237.jpg 366w\" sizes=\"auto, (max-width: 1000px) 100vw, 1000px\" \/><\/a><\/p>\n","protected":false},"excerpt":{"rendered":"<p>Artista: Minerva Ay\u00f3n<\/p>\n<p>Sin t\u00edtulo, 2019<\/p>\n<p>Textil, plastico y vidrio<\/p>\n<p>78.8 x 78.8 in<\/p>\n<p>200 x 200 cm<\/p>\n<p id=\"tw-target-text\" class=\"tw-data-text tw-ta tw-text-small\" dir=\"ltr\" data-placeholder=\"Traducci\u00f3n\"><span lang=\"es\">La factura se emitir\u00e1 dentro de los primeros 7 d\u00edas posteriores al d\u00eda de la compra y una vez que se reciba el pago.<\/span><\/p>\n","protected":false},"featured_media":12658,"comment_status":"open","ping_status":"closed","template":"","meta":{"kt_blocks_editor_width":""},"product_brand":[],"product_cat":[368],"product_tag":[],"class_list":{"0":"post-11701","1":"product","2":"type-product","3":"status-publish","4":"has-post-thumbnail","6":"product_cat-escultura","8":"first","9":"instock","10":"purchasable","11":"product-type-simple"},"_links":{"self":[{"href":"https:\/\/nmcontemporaneo.com\/es\/wp-json\/wp\/v2\/product\/11701","targetHints":{"allow":["GET"]}}],"collection":[{"href":"https:\/\/nmcontemporaneo.com\/es\/wp-json\/wp\/v2\/product"}],"about":[{"href":"https:\/\/nmcontemporaneo.com\/es\/wp-json\/wp\/v2\/types\/product"}],"replies":[{"embeddable":true,"href":"https:\/\/nmcontemporaneo.com\/es\/wp-json\/wp\/v2\/comments?post=11701"}],"wp:featuredmedia":[{"embeddable":true,"href":"https:\/\/nmcontemporaneo.com\/es\/wp-json\/wp\/v2\/media\/12658"}],"wp:attachment":[{"href":"https:\/\/nmcontemporaneo.com\/es\/wp-json\/wp\/v2\/media?parent=11701"}],"wp:term":[{"taxonomy":"product_brand","embeddable":true,"href":"https:\/\/nmcontemporaneo.com\/es\/wp-json\/wp\/v2\/product_brand?post=11701"},{"taxonomy":"product_cat","embeddable":true,"href":"https:\/\/nmcontemporaneo.com\/es\/wp-json\/wp\/v2\/product_cat?post=11701"},{"taxonomy":"product_tag","embeddable":true,"href":"https:\/\/nmcontemporaneo.com\/es\/wp-json\/wp\/v2\/product_tag?post=11701"}],"curies":[{"name":"wp","href":"https:\/\/api.w.org\/{rel}","templated":true}]}}