{"id":11858,"date":"2018-12-14T18:03:25","date_gmt":"2018-12-15T00:03:25","guid":{"rendered":"https:\/\/nmcontemporaneo.com\/?post_type=product&#038;p=11858"},"modified":"2025-06-20T01:03:31","modified_gmt":"2025-06-20T07:03:31","slug":"se-creia-gallo-en-su-harem","status":"publish","type":"product","link":"https:\/\/nmcontemporaneo.com\/es\/shop\/se-creia-gallo-en-su-harem\/","title":{"rendered":"Se cre\u00eda gallo en su harem &#8211; V\u00edctor Hugo P\u00e9rez"},"content":{"rendered":"","protected":false},"excerpt":{"rendered":"<p><strong>Artista: V\u00edctor Hugo P\u00e9rez<\/strong><\/p>\n<p><strong>Se cre\u00eda gallo en su harem<\/strong><\/p>\n<p>Litograf\u00eda seca 4\/12<\/p>\n<p>30 x 38.5 cm<\/p>\n","protected":false},"featured_media":11855,"comment_status":"open","ping_status":"closed","template":"","meta":{"kt_blocks_editor_width":""},"product_brand":[],"product_cat":[365],"product_tag":[],"class_list":{"0":"post-11858","1":"product","2":"type-product","3":"status-publish","4":"has-post-thumbnail","6":"product_cat-sin-categoria","8":"first","9":"instock","10":"taxable","11":"shipping-taxable","12":"purchasable","13":"product-type-simple"},"_links":{"self":[{"href":"https:\/\/nmcontemporaneo.com\/es\/wp-json\/wp\/v2\/product\/11858","targetHints":{"allow":["GET"]}}],"collection":[{"href":"https:\/\/nmcontemporaneo.com\/es\/wp-json\/wp\/v2\/product"}],"about":[{"href":"https:\/\/nmcontemporaneo.com\/es\/wp-json\/wp\/v2\/types\/product"}],"replies":[{"embeddable":true,"href":"https:\/\/nmcontemporaneo.com\/es\/wp-json\/wp\/v2\/comments?post=11858"}],"wp:featuredmedia":[{"embeddable":true,"href":"https:\/\/nmcontemporaneo.com\/es\/wp-json\/wp\/v2\/media\/11855"}],"wp:attachment":[{"href":"https:\/\/nmcontemporaneo.com\/es\/wp-json\/wp\/v2\/media?parent=11858"}],"wp:term":[{"taxonomy":"product_brand","embeddable":true,"href":"https:\/\/nmcontemporaneo.com\/es\/wp-json\/wp\/v2\/product_brand?post=11858"},{"taxonomy":"product_cat","embeddable":true,"href":"https:\/\/nmcontemporaneo.com\/es\/wp-json\/wp\/v2\/product_cat?post=11858"},{"taxonomy":"product_tag","embeddable":true,"href":"https:\/\/nmcontemporaneo.com\/es\/wp-json\/wp\/v2\/product_tag?post=11858"}],"curies":[{"name":"wp","href":"https:\/\/api.w.org\/{rel}","templated":true}]}}