{"id":12167,"date":"2020-04-07T18:15:08","date_gmt":"2020-04-08T00:15:08","guid":{"rendered":"https:\/\/nmcontemporaneo.com\/?post_type=product&#038;p=12167"},"modified":"2025-06-20T01:03:30","modified_gmt":"2025-06-20T07:03:30","slug":"escorpiones","status":"publish","type":"product","link":"https:\/\/nmcontemporaneo.com\/es\/shop\/escorpiones\/","title":{"rendered":"Escorpiones &#8211; Sergio Hern\u00e1ndez"},"content":{"rendered":"<p><a href=\"https:\/\/nmcontemporaneo.com\/wp-content\/uploads\/2020\/04\/5.-Escorpiones-S.Hdez_.jpg\"><img loading=\"lazy\" decoding=\"async\" class=\"aligncenter size-full wp-image-12169\" src=\"https:\/\/nmcontemporaneo.com\/wp-content\/uploads\/2020\/04\/5.-Escorpiones-S.Hdez_.jpg\" alt=\"\" width=\"1200\" height=\"734\" srcset=\"https:\/\/nmcontemporaneo.com\/wp-content\/uploads\/2020\/04\/5.-Escorpiones-S.Hdez_.jpg 1200w, https:\/\/nmcontemporaneo.com\/wp-content\/uploads\/2020\/04\/5.-Escorpiones-S.Hdez_-300x184.jpg 300w, https:\/\/nmcontemporaneo.com\/wp-content\/uploads\/2020\/04\/5.-Escorpiones-S.Hdez_-768x470.jpg 768w, https:\/\/nmcontemporaneo.com\/wp-content\/uploads\/2020\/04\/5.-Escorpiones-S.Hdez_-1024x626.jpg 1024w, https:\/\/nmcontemporaneo.com\/wp-content\/uploads\/2020\/04\/5.-Escorpiones-S.Hdez_-80x50.jpg 80w\" sizes=\"auto, (max-width: 1200px) 100vw, 1200px\" \/><\/a><\/p>\n","protected":false},"excerpt":{"rendered":"<p><strong>Artista: Sergio Hern\u00e1ndez\u00a0<\/strong><\/p>\n<p><strong>Escorpiones<\/strong><\/p>\n<div class=\"page\" title=\"Page 15\">\n<div class=\"section\">\n<div class=\"layoutArea\">\n<div class=\"column\">\n<p>Grabado en metal.<\/p>\n<p>91 x 73 cm<\/p>\n<p>Edicio\u0301n 10 ejemplares del 2\/30 al 20\/30. 2014<\/p>\n<p>La factura se emitir\u00e1 dentro de los primeros 7 d\u00edas posteriores al d\u00eda de la compra y una vez que se reciba el pago.<\/p>\n<\/div>\n<\/div>\n<\/div>\n<\/div>\n","protected":false},"featured_media":12169,"comment_status":"open","ping_status":"closed","template":"","meta":{"kt_blocks_editor_width":""},"product_brand":[],"product_cat":[377],"product_tag":[],"class_list":{"0":"post-12167","1":"product","2":"type-product","3":"status-publish","4":"has-post-thumbnail","6":"product_cat-grafica-tienda","8":"first","9":"instock","10":"taxable","11":"shipping-taxable","12":"purchasable","13":"product-type-simple"},"_links":{"self":[{"href":"https:\/\/nmcontemporaneo.com\/es\/wp-json\/wp\/v2\/product\/12167","targetHints":{"allow":["GET"]}}],"collection":[{"href":"https:\/\/nmcontemporaneo.com\/es\/wp-json\/wp\/v2\/product"}],"about":[{"href":"https:\/\/nmcontemporaneo.com\/es\/wp-json\/wp\/v2\/types\/product"}],"replies":[{"embeddable":true,"href":"https:\/\/nmcontemporaneo.com\/es\/wp-json\/wp\/v2\/comments?post=12167"}],"wp:featuredmedia":[{"embeddable":true,"href":"https:\/\/nmcontemporaneo.com\/es\/wp-json\/wp\/v2\/media\/12169"}],"wp:attachment":[{"href":"https:\/\/nmcontemporaneo.com\/es\/wp-json\/wp\/v2\/media?parent=12167"}],"wp:term":[{"taxonomy":"product_brand","embeddable":true,"href":"https:\/\/nmcontemporaneo.com\/es\/wp-json\/wp\/v2\/product_brand?post=12167"},{"taxonomy":"product_cat","embeddable":true,"href":"https:\/\/nmcontemporaneo.com\/es\/wp-json\/wp\/v2\/product_cat?post=12167"},{"taxonomy":"product_tag","embeddable":true,"href":"https:\/\/nmcontemporaneo.com\/es\/wp-json\/wp\/v2\/product_tag?post=12167"}],"curies":[{"name":"wp","href":"https:\/\/api.w.org\/{rel}","templated":true}]}}