{"id":13554,"date":"2024-10-09T18:06:58","date_gmt":"2024-10-10T00:06:58","guid":{"rendered":"https:\/\/nmcontemporaneo.com\/?post_type=product&#038;p=13554"},"modified":"2025-06-20T01:03:18","modified_gmt":"2025-06-20T07:03:18","slug":"el-ultimo-dia-del-jardin-de-las-delicias-armando-romero","status":"publish","type":"product","link":"https:\/\/nmcontemporaneo.com\/es\/shop\/el-ultimo-dia-del-jardin-de-las-delicias-armando-romero\/","title":{"rendered":"El \u00faltimo d\u00eda del Jard\u00edn de las Delicias &#8211; Armando Romero"},"content":{"rendered":"<p><i>\u00d3leo sobre tela<\/i><\/p>\n<p><i>160 x 250 cm \/ 63 x 98 in<\/i><\/p>\n","protected":false},"excerpt":{"rendered":"<p>\u00d3leo sobre tela 160 x 250 cm \/ 63 x 98 in<\/p>\n","protected":false},"featured_media":13556,"comment_status":"open","ping_status":"closed","template":"","meta":{"kt_blocks_editor_width":""},"product_brand":[],"product_cat":[382,365],"product_tag":[],"class_list":{"0":"post-13554","1":"product","2":"type-product","3":"status-publish","4":"has-post-thumbnail","6":"product_cat-casa-del-atrio-2025","7":"product_cat-sin-categoria","9":"first","10":"instock","11":"taxable","12":"shipping-taxable","13":"purchasable","14":"product-type-simple"},"_links":{"self":[{"href":"https:\/\/nmcontemporaneo.com\/es\/wp-json\/wp\/v2\/product\/13554","targetHints":{"allow":["GET"]}}],"collection":[{"href":"https:\/\/nmcontemporaneo.com\/es\/wp-json\/wp\/v2\/product"}],"about":[{"href":"https:\/\/nmcontemporaneo.com\/es\/wp-json\/wp\/v2\/types\/product"}],"replies":[{"embeddable":true,"href":"https:\/\/nmcontemporaneo.com\/es\/wp-json\/wp\/v2\/comments?post=13554"}],"wp:featuredmedia":[{"embeddable":true,"href":"https:\/\/nmcontemporaneo.com\/es\/wp-json\/wp\/v2\/media\/13556"}],"wp:attachment":[{"href":"https:\/\/nmcontemporaneo.com\/es\/wp-json\/wp\/v2\/media?parent=13554"}],"wp:term":[{"taxonomy":"product_brand","embeddable":true,"href":"https:\/\/nmcontemporaneo.com\/es\/wp-json\/wp\/v2\/product_brand?post=13554"},{"taxonomy":"product_cat","embeddable":true,"href":"https:\/\/nmcontemporaneo.com\/es\/wp-json\/wp\/v2\/product_cat?post=13554"},{"taxonomy":"product_tag","embeddable":true,"href":"https:\/\/nmcontemporaneo.com\/es\/wp-json\/wp\/v2\/product_tag?post=13554"}],"curies":[{"name":"wp","href":"https:\/\/api.w.org\/{rel}","templated":true}]}}