{"id":13879,"date":"2025-02-06T20:31:18","date_gmt":"2025-02-07T02:31:18","guid":{"rendered":"https:\/\/nmcontemporaneo.com\/?post_type=product&#038;p=13879"},"modified":"2025-06-20T01:03:12","modified_gmt":"2025-06-20T07:03:12","slug":"alergia-david-sanchez","status":"publish","type":"product","link":"https:\/\/nmcontemporaneo.com\/es\/shop\/alergia-david-sanchez\/","title":{"rendered":"Alergia &#8211; David S\u00e1nchez"},"content":{"rendered":"<p>ALERGIA,<br \/>\nGr\u00e1fica Digital,<br \/>\n36 x 27 cm,<br \/>\nEdici\u00f3n 1 de 3. 2012<br \/>\nColecci\u00f3n NM<\/p>\n","protected":false},"excerpt":{"rendered":"<p>ALERGIA, Gr\u00e1fica Digital, 36 x 27 cm, Edici\u00f3n 1 de 3. 2012 Colecci\u00f3n NM<\/p>\n","protected":false},"featured_media":13764,"comment_status":"open","ping_status":"closed","template":"","meta":{"kt_blocks_editor_width":""},"product_brand":[],"product_cat":[377],"product_tag":[],"class_list":{"0":"post-13879","1":"product","2":"type-product","3":"status-publish","4":"has-post-thumbnail","6":"product_cat-grafica-tienda","8":"first","9":"instock","10":"taxable","11":"shipping-taxable","12":"purchasable","13":"product-type-simple"},"_links":{"self":[{"href":"https:\/\/nmcontemporaneo.com\/es\/wp-json\/wp\/v2\/product\/13879","targetHints":{"allow":["GET"]}}],"collection":[{"href":"https:\/\/nmcontemporaneo.com\/es\/wp-json\/wp\/v2\/product"}],"about":[{"href":"https:\/\/nmcontemporaneo.com\/es\/wp-json\/wp\/v2\/types\/product"}],"replies":[{"embeddable":true,"href":"https:\/\/nmcontemporaneo.com\/es\/wp-json\/wp\/v2\/comments?post=13879"}],"wp:featuredmedia":[{"embeddable":true,"href":"https:\/\/nmcontemporaneo.com\/es\/wp-json\/wp\/v2\/media\/13764"}],"wp:attachment":[{"href":"https:\/\/nmcontemporaneo.com\/es\/wp-json\/wp\/v2\/media?parent=13879"}],"wp:term":[{"taxonomy":"product_brand","embeddable":true,"href":"https:\/\/nmcontemporaneo.com\/es\/wp-json\/wp\/v2\/product_brand?post=13879"},{"taxonomy":"product_cat","embeddable":true,"href":"https:\/\/nmcontemporaneo.com\/es\/wp-json\/wp\/v2\/product_cat?post=13879"},{"taxonomy":"product_tag","embeddable":true,"href":"https:\/\/nmcontemporaneo.com\/es\/wp-json\/wp\/v2\/product_tag?post=13879"}],"curies":[{"name":"wp","href":"https:\/\/api.w.org\/{rel}","templated":true}]}}