{"id":8690,"date":"2015-07-14T23:36:42","date_gmt":"2015-07-15T05:36:42","guid":{"rendered":"http:\/\/nmcontemporaneo.com\/?post_type=product&#038;p=8690"},"modified":"2025-06-20T01:03:33","modified_gmt":"2025-06-20T07:03:33","slug":"catalogo-de-caza-a-casa","status":"publish","type":"product","link":"https:\/\/nmcontemporaneo.com\/es\/shop\/catalogo-de-caza-a-casa\/","title":{"rendered":"Cat\u00e1logo de Caza a Casa"},"content":{"rendered":"<p>Cat\u00e1logo de los artistas Nora Adame + Alejandro Osorio, contiene m\u00e1s de 15 obras.<br \/>\nNo. de p\u00e1ginas: 17 p\u00e1ginas.<\/p>\n","protected":false},"excerpt":{"rendered":"<p>Cat\u00e1lago de los artistas Nora Adame + Alejandro Osorio, contiene m\u00e1s de 15 obras.<\/p>\n<p>No. de p\u00e1ginas: 17 p\u00e1ginas.<\/p>\n<p><a href=\"http:\/\/nmcontemporaneo.com\/wp-content\/uploads\/2015\/09\/catalogo-virtual-de-caza-a-casa-para-web2.compressed.pdf\" target=\"_blank\" rel=\"noopener\">Previsualizar PDF<\/a><\/p>\n","protected":false},"featured_media":8691,"comment_status":"open","ping_status":"closed","template":"","meta":{"kt_blocks_editor_width":""},"product_brand":[],"product_cat":[376],"product_tag":[],"class_list":{"0":"post-8690","1":"product","2":"type-product","3":"status-publish","4":"has-post-thumbnail","6":"product_cat-libros-y-catalogos","8":"first","9":"instock","10":"taxable","11":"shipping-taxable","12":"purchasable","13":"product-type-simple"},"_links":{"self":[{"href":"https:\/\/nmcontemporaneo.com\/es\/wp-json\/wp\/v2\/product\/8690","targetHints":{"allow":["GET"]}}],"collection":[{"href":"https:\/\/nmcontemporaneo.com\/es\/wp-json\/wp\/v2\/product"}],"about":[{"href":"https:\/\/nmcontemporaneo.com\/es\/wp-json\/wp\/v2\/types\/product"}],"replies":[{"embeddable":true,"href":"https:\/\/nmcontemporaneo.com\/es\/wp-json\/wp\/v2\/comments?post=8690"}],"wp:featuredmedia":[{"embeddable":true,"href":"https:\/\/nmcontemporaneo.com\/es\/wp-json\/wp\/v2\/media\/8691"}],"wp:attachment":[{"href":"https:\/\/nmcontemporaneo.com\/es\/wp-json\/wp\/v2\/media?parent=8690"}],"wp:term":[{"taxonomy":"product_brand","embeddable":true,"href":"https:\/\/nmcontemporaneo.com\/es\/wp-json\/wp\/v2\/product_brand?post=8690"},{"taxonomy":"product_cat","embeddable":true,"href":"https:\/\/nmcontemporaneo.com\/es\/wp-json\/wp\/v2\/product_cat?post=8690"},{"taxonomy":"product_tag","embeddable":true,"href":"https:\/\/nmcontemporaneo.com\/es\/wp-json\/wp\/v2\/product_tag?post=8690"}],"curies":[{"name":"wp","href":"https:\/\/api.w.org\/{rel}","templated":true}]}}