{"id":8715,"date":"2015-07-15T23:18:05","date_gmt":"2015-07-16T05:18:05","guid":{"rendered":"http:\/\/nmcontemporaneo.com\/?post_type=product&#038;p=8715"},"modified":"2025-06-20T01:03:33","modified_gmt":"2025-06-20T07:03:33","slug":"catalogo-angel-ricardo-rios","status":"publish","type":"product","link":"https:\/\/nmcontemporaneo.com\/es\/shop\/catalogo-angel-ricardo-rios\/","title":{"rendered":"Cat\u00e1logo \u00c1ngel Ricardo R\u00edos"},"content":{"rendered":"<p>Cat\u00e1lago de obra del artista \u00c1ngel Ricardo R\u00edos( Holgu\u00edn, Cuba,1965) con textos de Juan Antonio Molina, Antonio Eligio Tonel, Emilio Castro, Elvia Rosa Castro y Tamara D\u00edaz Bringas.<\/p>\n<p>Editorial: Fundaci\u00f3n de Arte Cubano \/ Ediciones Vanguardia Cubana<\/p>\n<p>No. de p\u00e1ginas: 311 p\u00e1ginas<\/p>\n","protected":false},"excerpt":{"rendered":"<p>Cat\u00e1lago de obra del artista \u00c1ngel Ricardo R\u00edos( Holgu\u00edn, Cuba,1965) con textos de Juan Antonio Molina, Antonio Eligio Tonel, Emilio Castro, Elvia Rosa Castro y Tamara D\u00edaz Bringas.<\/p>\n<p>Editorial: Fundaci\u00f3n de Arte Cubano \/ Ediciones Vanguardia Cubana<br \/>\nNo. de p\u00e1ginas: 311 p\u00e1ginas<\/p>\n<p><a href=\"http:\/\/nmcontemporaneo.com\/wp-content\/uploads\/2015\/09\/Angel-Ricardo-R\u00edos.compressed.pdf\" target=\"_blank\" rel=\"noopener\">Previsualizar PDF<\/a><\/p>\n","protected":false},"featured_media":8716,"comment_status":"closed","ping_status":"closed","template":"","meta":{"kt_blocks_editor_width":""},"product_brand":[],"product_cat":[376],"product_tag":[],"class_list":{"0":"post-8715","1":"product","2":"type-product","3":"status-publish","4":"has-post-thumbnail","6":"product_cat-libros-y-catalogos","8":"first","9":"instock","10":"taxable","11":"shipping-taxable","12":"purchasable","13":"product-type-simple"},"_links":{"self":[{"href":"https:\/\/nmcontemporaneo.com\/es\/wp-json\/wp\/v2\/product\/8715","targetHints":{"allow":["GET"]}}],"collection":[{"href":"https:\/\/nmcontemporaneo.com\/es\/wp-json\/wp\/v2\/product"}],"about":[{"href":"https:\/\/nmcontemporaneo.com\/es\/wp-json\/wp\/v2\/types\/product"}],"replies":[{"embeddable":true,"href":"https:\/\/nmcontemporaneo.com\/es\/wp-json\/wp\/v2\/comments?post=8715"}],"wp:featuredmedia":[{"embeddable":true,"href":"https:\/\/nmcontemporaneo.com\/es\/wp-json\/wp\/v2\/media\/8716"}],"wp:attachment":[{"href":"https:\/\/nmcontemporaneo.com\/es\/wp-json\/wp\/v2\/media?parent=8715"}],"wp:term":[{"taxonomy":"product_brand","embeddable":true,"href":"https:\/\/nmcontemporaneo.com\/es\/wp-json\/wp\/v2\/product_brand?post=8715"},{"taxonomy":"product_cat","embeddable":true,"href":"https:\/\/nmcontemporaneo.com\/es\/wp-json\/wp\/v2\/product_cat?post=8715"},{"taxonomy":"product_tag","embeddable":true,"href":"https:\/\/nmcontemporaneo.com\/es\/wp-json\/wp\/v2\/product_tag?post=8715"}],"curies":[{"name":"wp","href":"https:\/\/api.w.org\/{rel}","templated":true}]}}