{"id":8745,"date":"2015-07-21T22:01:34","date_gmt":"2015-07-22T04:01:34","guid":{"rendered":"http:\/\/nmcontemporaneo.com\/?post_type=product&#038;p=8745"},"modified":"2025-06-20T01:03:33","modified_gmt":"2025-06-20T07:03:33","slug":"carpeta-alberto-montano","status":"publish","type":"product","link":"https:\/\/nmcontemporaneo.com\/es\/shop\/carpeta-alberto-montano\/","title":{"rendered":"Carpeta Alberto Monta\u00f1o"},"content":{"rendered":"<p>Carpeta con obra del artista Alberto Monta\u00f1o, caja con impresiones piezogr\u00e1ficas. Con m\u00e1s de 40 im\u00e1genes y dos dvd\u00b4s.<\/p>\n<p>No. de p\u00e1ginas: 49 p\u00e1ginas<br \/>\nEdici\u00f3n: 25 piezas<\/p>\n","protected":false},"excerpt":{"rendered":"<p>Carpeta con obra del artista Alberto Monta\u00f1o, caja con impresiones piezogr\u00e1ficas. Con m\u00e1s de 40 imagenes y dos dvd\u00b4s.<\/p>\n<p>Edici\u00f3n: 25 piezas<\/p>\n<p><a href=\"http:\/\/nmcontemporaneo.com\/wp-content\/uploads\/2015\/09\/Cat\u00e1logo-virtual-de-Alberto-Monta\u00f1o-Mas\u00f3n-1.compressed.pdf\" target=\"_blank\" rel=\"noopener\">Previsualizar PDF<\/a><\/p>\n","protected":false},"featured_media":8746,"comment_status":"closed","ping_status":"closed","template":"","meta":{"kt_blocks_editor_width":""},"product_brand":[],"product_cat":[376],"product_tag":[333,334,335],"class_list":{"0":"post-8745","1":"product","2":"type-product","3":"status-publish","4":"has-post-thumbnail","6":"product_cat-libros-y-catalogos","7":"product_tag-alberto-montano","8":"product_tag-carpeta","9":"product_tag-portfolio","11":"first","12":"instock","13":"taxable","14":"shipping-taxable","15":"purchasable","16":"product-type-simple"},"_links":{"self":[{"href":"https:\/\/nmcontemporaneo.com\/es\/wp-json\/wp\/v2\/product\/8745","targetHints":{"allow":["GET"]}}],"collection":[{"href":"https:\/\/nmcontemporaneo.com\/es\/wp-json\/wp\/v2\/product"}],"about":[{"href":"https:\/\/nmcontemporaneo.com\/es\/wp-json\/wp\/v2\/types\/product"}],"replies":[{"embeddable":true,"href":"https:\/\/nmcontemporaneo.com\/es\/wp-json\/wp\/v2\/comments?post=8745"}],"wp:featuredmedia":[{"embeddable":true,"href":"https:\/\/nmcontemporaneo.com\/es\/wp-json\/wp\/v2\/media\/8746"}],"wp:attachment":[{"href":"https:\/\/nmcontemporaneo.com\/es\/wp-json\/wp\/v2\/media?parent=8745"}],"wp:term":[{"taxonomy":"product_brand","embeddable":true,"href":"https:\/\/nmcontemporaneo.com\/es\/wp-json\/wp\/v2\/product_brand?post=8745"},{"taxonomy":"product_cat","embeddable":true,"href":"https:\/\/nmcontemporaneo.com\/es\/wp-json\/wp\/v2\/product_cat?post=8745"},{"taxonomy":"product_tag","embeddable":true,"href":"https:\/\/nmcontemporaneo.com\/es\/wp-json\/wp\/v2\/product_tag?post=8745"}],"curies":[{"name":"wp","href":"https:\/\/api.w.org\/{rel}","templated":true}]}}